{"id":3033,"date":"2019-12-11T13:39:50","date_gmt":"2019-12-11T12:39:50","guid":{"rendered":"https:\/\/www.upcoglobal.com\/academy\/?page_id=3033"},"modified":"2021-01-25T00:17:04","modified_gmt":"2021-01-24T23:17:04","slug":"echometer-training","status":"publish","type":"page","link":"https:\/\/www.upcoglobal.com\/academy\/echometer-training\/","title":{"rendered":"Echometer Training"},"content":{"rendered":"<p>[vc_row][vc_column][vc_custom_heading text=&#8221;Echometer 2020 Seminar&#8221; font_container=&#8221;tag:h1|font_size:36|text_align:left|color:%23227339&#8243; google_fonts=&#8221;font_family:Roboto%3A100%2C100italic%2C300%2C300italic%2Cregular%2Citalic%2C500%2C500italic%2C700%2C700italic%2C900%2C900italic|font_style:400%20regular%3A400%3Anormal&#8221;][vc_column_text text_larger=&#8221;no&#8221;]<\/p>\n<h2>Echometer offers several free seminars throughout the year, please make sure you register for the seminar that will best fit your needs.<\/h2>\n<div id=\"gtx-trans\" style=\"position: absolute; left: -91px; top: -10px;\">\n<div class=\"gtx-trans-icon\"><\/div>\n<\/div>\n<p>&nbsp;<\/p>\n<h3>Due COVID-19, Echometer courses have been adapted to virtual sessions &#8220;<a href=\"https:\/\/echometer.com\/Support\/AskEchometer\" target=\"_blank\" rel=\"noopener\">Ask Echometer<\/a>&#8220;.<\/h3>\n<p>[\/vc_column_text][vc_empty_space woodmart_hide_large=&#8221;0&#8243; woodmart_hide_medium=&#8221;0&#8243; woodmart_hide_small=&#8221;0&#8243; woodmart_hide_extra_small=&#8221;0&#8243;][vc_row_inner][vc_column_inner][vc_column_text text_larger=&#8221;no&#8221;][\/vc_column_text][\/vc_column_inner][\/vc_row_inner][\/vc_column][\/vc_row][vc_row full_width=&#8221;stretch_row_content&#8221; content_placement=&#8221;middle&#8221; parallax=&#8221;content-moving-fade&#8221; parallax_image=&#8221;3125&#8243; woodmart_bg_position=&#8221;center-center&#8221; css=&#8221;.vc_custom_1576244184986{padding-top: 70px !important;padding-bottom: 70px !important;}&#8221; mobile_bg_img_hidden=&#8221;no&#8221; tablet_bg_img_hidden=&#8221;no&#8221; woodmart_parallax=&#8221;0&#8243; woodmart_gradient_switch=&#8221;no&#8221; row_reverse_mobile=&#8221;0&#8243; row_reverse_tablet=&#8221;0&#8243; woodmart_disable_overflow=&#8221;0&#8243;][vc_column][vc_custom_heading text=&#8221;Are you interested in these courses?&#8221; font_container=&#8221;tag:h1|font_size:36|text_align:center|color:%23ffffff&#8221; google_fonts=&#8221;font_family:Roboto%3A100%2C100italic%2C300%2C300italic%2Cregular%2Citalic%2C500%2C500italic%2C700%2C700italic%2C900%2C900italic|font_style:400%20regular%3A400%3Anormal&#8221; css=&#8221;.vc_custom_1576251188498{margin-top: 0px !important;margin-bottom: 0px !important;border-top-width: 0px !important;border-bottom-width: 0px !important;padding-top: 0px !important;padding-bottom: 0px !important;}&#8221;][vc_empty_space woodmart_hide_large=&#8221;0&#8243; woodmart_hide_medium=&#8221;0&#8243; woodmart_hide_small=&#8221;0&#8243; woodmart_hide_extra_small=&#8221;0&#8243;]<div id=\"wd-5df3af2e1a768\" class=\"woodmart-button-wrapper text-center\"><a href=\"http:\/\/www2.upcoglobal.com\/l\/675123\/2019-12-12\/42cwd\" title=\"\" target=\"_blank\" class=\"btn btn-color-primary btn-style-default btn-shape-rectangle btn-size-default\" rel=\"noopener\">SUBSCRIBE<\/a><\/div>[\/vc_column][\/vc_row][vc_row][vc_column][vc_custom_heading text=&#8221;Other courses available&#8221; font_container=&#8221;tag:h2|font_size:36|text_align:left|color:%23227339&#8243; google_fonts=&#8221;font_family:Roboto%3A100%2C100italic%2C300%2C300italic%2Cregular%2Citalic%2C500%2C500italic%2C700%2C700italic%2C900%2C900italic|font_style:400%20regular%3A400%3Anormal&#8221;]<div class=\"woodmart-products-element\"><div class=\"products elements-grid align-items-start row woodmart-products-holder  woodmart-spacing-30 grid-columns-4 pagination-more-btn\" data-paged=\"1\" data-atts=\"{&quot;element_title&quot;:&quot;&quot;,&quot;post_type&quot;:&quot;product&quot;,&quot;layout&quot;:&quot;grid&quot;,&quot;include&quot;:&quot;&quot;,&quot;custom_query&quot;:&quot;&quot;,&quot;taxonomies&quot;:&quot;78&quot;,&quot;pagination&quot;:&quot;more-btn&quot;,&quot;items_per_page&quot;:12,&quot;product_hover&quot;:&quot;quick&quot;,&quot;spacing&quot;:&quot;30&quot;,&quot;columns&quot;:&quot;4&quot;,&quot;sale_countdown&quot;:&quot;0&quot;,&quot;stock_progress_bar&quot;:&quot;0&quot;,&quot;highlighted_products&quot;:&quot;0&quot;,&quot;products_bordered_grid&quot;:&quot;0&quot;,&quot;offset&quot;:&quot;&quot;,&quot;orderby&quot;:&quot;&quot;,&quot;query_type&quot;:&quot;OR&quot;,&quot;order&quot;:&quot;&quot;,&quot;meta_key&quot;:&quot;&quot;,&quot;exclude&quot;:&quot;&quot;,&quot;class&quot;:&quot;&quot;,&quot;ajax_page&quot;:&quot;&quot;,&quot;speed&quot;:&quot;5000&quot;,&quot;slides_per_view&quot;:&quot;4&quot;,&quot;wrap&quot;:&quot;&quot;,&quot;autoplay&quot;:&quot;no&quot;,&quot;center_mode&quot;:&quot;no&quot;,&quot;hide_pagination_control&quot;:&quot;&quot;,&quot;hide_prev_next_buttons&quot;:&quot;&quot;,&quot;scroll_per_page&quot;:&quot;yes&quot;,&quot;carousel_js_inline&quot;:&quot;no&quot;,&quot;img_size&quot;:&quot;woocommerce_thumbnail&quot;,&quot;force_not_ajax&quot;:&quot;no&quot;,&quot;products_masonry&quot;:&quot;&quot;,&quot;products_different_sizes&quot;:&quot;&quot;,&quot;lazy_loading&quot;:&quot;no&quot;,&quot;scroll_carousel_init&quot;:&quot;no&quot;,&quot;el_class&quot;:&quot;&quot;}\" data-source=\"shortcode\"><div class=\"product-grid-item wd-with-labels product woodmart-hover-quick  col-md-3 col-sm-4 col-6 first  type-product post-3298 status-publish first instock product_cat-online-training product_cat-available product_cat-coming-soon product_cat-most-popular product_cat-training-online-incompany product_tag-english has-post-thumbnail sale sold-individually shipping-taxable purchasable product-type-simple\" data-loop=\"1\" data-id=\"3298\">\n\n\t\n<div class=\"product-element-top\">\n\t<a href=\"https:\/\/www.upcoglobal.com\/academy\/product\/continuous-gas-lift\/\" class=\"product-image-link\">\n\t\t<div class=\"product-labels labels-rectangular\"><span class=\"onsale product-label\">-67%<\/span><\/div><img loading=\"lazy\" decoding=\"async\" width=\"500\" height=\"500\" src=\"https:\/\/www.upcoglobal.com\/academy\/wp-content\/uploads\/2019\/12\/gaslift.jpg\" class=\"attachment-woocommerce_thumbnail size-woocommerce_thumbnail\" alt=\"\" srcset=\"https:\/\/www.upcoglobal.com\/academy\/wp-content\/uploads\/2019\/12\/gaslift.jpg 500w, https:\/\/www.upcoglobal.com\/academy\/wp-content\/uploads\/2019\/12\/gaslift-300x300.jpg 300w, https:\/\/www.upcoglobal.com\/academy\/wp-content\/uploads\/2019\/12\/gaslift-150x150.jpg 150w, https:\/\/www.upcoglobal.com\/academy\/wp-content\/uploads\/2019\/12\/gaslift-100x100.jpg 100w\" sizes=\"auto, (max-width: 500px) 100vw, 500px\" \/>\t<\/a>\n\t\t<div class=\"woodmart-buttons wd-pos-r-t\">\n\t\t\t\t\t\t\t<div class=\"quick-view wd-action-btn wd-quick-view-btn wd-style-icon\">\n\t\t\t\t<a href=\"https:\/\/www.upcoglobal.com\/academy\/product\/continuous-gas-lift\/\" class=\"open-quick-view quick-view-button\" data-id=\"3298\">Quick view<\/a>\n\t\t\t<\/div>\n\t\t\t\t\t<\/div>\n\n\t<div class=\"woodmart-add-btn wd-add-btn-replace\">\n\t\t\t<\/div>\n\t\t\t\t<div class=\"quick-shop-wrapper\">\n\t\t\t\t<div class=\"quick-shop-close wd-cross-button wd-size-s wd-with-text-left\"><span>Close<\/span><\/div>\n\t\t\t\t<div class=\"quick-shop-form\">\n\t\t\t\t<\/div>\n\t\t\t<\/div>\n\t\t<\/div>\n<h3 class=\"product-title\"><a href=\"https:\/\/www.upcoglobal.com\/academy\/product\/continuous-gas-lift\/\">Continuous Gas Lift (English)<\/a><\/h3>\n\n\n\t<span class=\"price\"><del aria-hidden=\"true\"><span class=\"woocommerce-Price-amount amount\"><bdi><span class=\"woocommerce-Price-currencySymbol\">&#36;<\/span>1,200.00<\/bdi><\/span><\/del> <span class=\"screen-reader-text\">Original price was: &#036;1,200.00.<\/span><ins aria-hidden=\"true\"><span class=\"woocommerce-Price-amount amount\"><bdi><span class=\"woocommerce-Price-currencySymbol\">&#36;<\/span>399.00<\/bdi><\/span><\/ins><span class=\"screen-reader-text\">Current price is: &#036;399.00.<\/span><\/span>\n\n\n\n<\/div>\t\n<div class=\"product-grid-item product woodmart-hover-quick  col-md-3 col-sm-4 col-6 type-product post-3265 status-publish instock product_cat-echometer-training product_cat-available product_cat-most-popular product_cat-online-training product_cat-training-online-incompany product_tag-spanish has-post-thumbnail downloadable virtual sold-individually purchasable product-type-simple\" data-loop=\"2\" data-id=\"3265\">\n\n\t\n<div class=\"product-element-top\">\n\t<a href=\"https:\/\/www.upcoglobal.com\/academy\/product\/fundamentos-basicos-para-el-analisis-de-pozos-utilizando-tecnologia-echometer-curso-online-spanish-respaldo\/\" class=\"product-image-link\">\n\t\t<img loading=\"lazy\" decoding=\"async\" width=\"500\" height=\"500\" src=\"https:\/\/www.upcoglobal.com\/academy\/wp-content\/uploads\/2019\/10\/Fundamentos-Ba\u0301sicos-para-el-ana\u0301lisis-de-pozos-utilizando-tecnologi\u0301a-Echometer.jpg\" class=\"attachment-woocommerce_thumbnail size-woocommerce_thumbnail\" alt=\"\" srcset=\"https:\/\/www.upcoglobal.com\/academy\/wp-content\/uploads\/2019\/10\/Fundamentos-Ba\u0301sicos-para-el-ana\u0301lisis-de-pozos-utilizando-tecnologi\u0301a-Echometer.jpg 500w, https:\/\/www.upcoglobal.com\/academy\/wp-content\/uploads\/2019\/10\/Fundamentos-Ba\u0301sicos-para-el-ana\u0301lisis-de-pozos-utilizando-tecnologi\u0301a-Echometer-300x300.jpg 300w, https:\/\/www.upcoglobal.com\/academy\/wp-content\/uploads\/2019\/10\/Fundamentos-Ba\u0301sicos-para-el-ana\u0301lisis-de-pozos-utilizando-tecnologi\u0301a-Echometer-150x150.jpg 150w, https:\/\/www.upcoglobal.com\/academy\/wp-content\/uploads\/2019\/10\/Fundamentos-Ba\u0301sicos-para-el-ana\u0301lisis-de-pozos-utilizando-tecnologi\u0301a-Echometer-100x100.jpg 100w\" sizes=\"auto, (max-width: 500px) 100vw, 500px\" \/>\t<\/a>\n\t\t<div class=\"woodmart-buttons wd-pos-r-t\">\n\t\t\t\t\t\t\t<div class=\"quick-view wd-action-btn wd-quick-view-btn wd-style-icon\">\n\t\t\t\t<a href=\"https:\/\/www.upcoglobal.com\/academy\/product\/fundamentos-basicos-para-el-analisis-de-pozos-utilizando-tecnologia-echometer-curso-online-spanish-respaldo\/\" class=\"open-quick-view quick-view-button\" data-id=\"3265\">Quick view<\/a>\n\t\t\t<\/div>\n\t\t\t\t\t<\/div>\n\n\t<div class=\"woodmart-add-btn wd-add-btn-replace\">\n\t\t\t<\/div>\n\t\t\t\t<div class=\"quick-shop-wrapper\">\n\t\t\t\t<div class=\"quick-shop-close wd-cross-button wd-size-s wd-with-text-left\"><span>Close<\/span><\/div>\n\t\t\t\t<div class=\"quick-shop-form\">\n\t\t\t\t<\/div>\n\t\t\t<\/div>\n\t\t<\/div>\n<h3 class=\"product-title\"><a href=\"https:\/\/www.upcoglobal.com\/academy\/product\/fundamentos-basicos-para-el-analisis-de-pozos-utilizando-tecnologia-echometer-curso-online-spanish-respaldo\/\">Fundamentos B\u00e1sicos para el an\u00e1lisis de pozos utilizando tecnolog\u00eda Echometer (Spanish)<\/a><\/h3>\n\n\n\t<span class=\"price\"><span class=\"woocommerce-Price-amount amount\"><bdi><span class=\"woocommerce-Price-currencySymbol\">&#36;<\/span>200.00<\/bdi><\/span><\/span>\n\n\n\n<\/div>\t\n<div class=\"product-grid-item wd-with-labels product woodmart-hover-quick  col-md-3 col-sm-4 col-6 type-product post-3262 status-publish instock product_cat-most-popular product_cat-available product_cat-online-training product_tag-english has-post-thumbnail sale sold-individually shipping-taxable purchasable product-type-simple\" data-loop=\"3\" data-id=\"3262\">\n\n\t\n<div class=\"product-element-top\">\n\t<a href=\"https:\/\/www.upcoglobal.com\/academy\/product\/nodal-analysis\/\" class=\"product-image-link\">\n\t\t<div class=\"product-labels labels-rectangular\"><span class=\"onsale product-label\">-67%<\/span><\/div><img loading=\"lazy\" decoding=\"async\" width=\"500\" height=\"500\" src=\"https:\/\/www.upcoglobal.com\/academy\/wp-content\/uploads\/2019\/12\/nodal.jpg\" class=\"attachment-woocommerce_thumbnail size-woocommerce_thumbnail\" alt=\"\" srcset=\"https:\/\/www.upcoglobal.com\/academy\/wp-content\/uploads\/2019\/12\/nodal.jpg 500w, https:\/\/www.upcoglobal.com\/academy\/wp-content\/uploads\/2019\/12\/nodal-300x300.jpg 300w, https:\/\/www.upcoglobal.com\/academy\/wp-content\/uploads\/2019\/12\/nodal-150x150.jpg 150w, https:\/\/www.upcoglobal.com\/academy\/wp-content\/uploads\/2019\/12\/nodal-100x100.jpg 100w\" sizes=\"auto, (max-width: 500px) 100vw, 500px\" \/>\t<\/a>\n\t\t<div class=\"woodmart-buttons wd-pos-r-t\">\n\t\t\t\t\t\t\t<div class=\"quick-view wd-action-btn wd-quick-view-btn wd-style-icon\">\n\t\t\t\t<a href=\"https:\/\/www.upcoglobal.com\/academy\/product\/nodal-analysis\/\" class=\"open-quick-view quick-view-button\" data-id=\"3262\">Quick view<\/a>\n\t\t\t<\/div>\n\t\t\t\t\t<\/div>\n\n\t<div class=\"woodmart-add-btn wd-add-btn-replace\">\n\t\t\t<\/div>\n\t\t\t\t<div class=\"quick-shop-wrapper\">\n\t\t\t\t<div class=\"quick-shop-close wd-cross-button wd-size-s wd-with-text-left\"><span>Close<\/span><\/div>\n\t\t\t\t<div class=\"quick-shop-form\">\n\t\t\t\t<\/div>\n\t\t\t<\/div>\n\t\t<\/div>\n<h3 class=\"product-title\"><a href=\"https:\/\/www.upcoglobal.com\/academy\/product\/nodal-analysis\/\">Nodal Analysis (English)<\/a><\/h3>\n\n\n\t<span class=\"price\"><del aria-hidden=\"true\"><span class=\"woocommerce-Price-amount amount\"><bdi><span class=\"woocommerce-Price-currencySymbol\">&#36;<\/span>1,200.00<\/bdi><\/span><\/del> <span class=\"screen-reader-text\">Original price was: &#036;1,200.00.<\/span><ins aria-hidden=\"true\"><span class=\"woocommerce-Price-amount amount\"><bdi><span class=\"woocommerce-Price-currencySymbol\">&#36;<\/span>399.00<\/bdi><\/span><\/ins><span class=\"screen-reader-text\">Current price is: &#036;399.00.<\/span><\/span>\n\n\n\n<\/div>\t\n<\/div><\/div>[\/vc_column][\/vc_row]<\/p>\n","protected":false},"excerpt":{"rendered":"<p>[vc_row][vc_column][vc_custom_heading text=&#8221;Echometer 2020 Seminar&#8221; font_container=&#8221;tag:h1|font_size:36|text_align:left|color:%23227339&#8243; google_fonts=&#8221;font_family:Roboto%3A100%2C100italic%2C300%2C300italic%2Cregular%2Citalic%2C500%2C500italic%2C700%2C700italic%2C900%2C900italic|font_style:400%20regular%3A400%3Anormal&#8221;][vc_column_text text_larger=&#8221;no&#8221;] Echometer offers several free seminars throughout the year, please make sure you register<\/p>\n","protected":false},"author":1,"featured_media":0,"parent":0,"menu_order":0,"comment_status":"closed","ping_status":"closed","template":"","meta":{"_exactmetrics_skip_tracking":false,"_exactmetrics_sitenote_active":false,"_exactmetrics_sitenote_note":"","_exactmetrics_sitenote_category":0,"courseId":0,"footnotes":""},"class_list":["post-3033","page","type-page","status-publish","hentry"],"_links":{"self":[{"href":"https:\/\/www.upcoglobal.com\/academy\/wp-json\/wp\/v2\/pages\/3033","targetHints":{"allow":["GET"]}}],"collection":[{"href":"https:\/\/www.upcoglobal.com\/academy\/wp-json\/wp\/v2\/pages"}],"about":[{"href":"https:\/\/www.upcoglobal.com\/academy\/wp-json\/wp\/v2\/types\/page"}],"author":[{"embeddable":true,"href":"https:\/\/www.upcoglobal.com\/academy\/wp-json\/wp\/v2\/users\/1"}],"replies":[{"embeddable":true,"href":"https:\/\/www.upcoglobal.com\/academy\/wp-json\/wp\/v2\/comments?post=3033"}],"version-history":[{"count":17,"href":"https:\/\/www.upcoglobal.com\/academy\/wp-json\/wp\/v2\/pages\/3033\/revisions"}],"predecessor-version":[{"id":4084,"href":"https:\/\/www.upcoglobal.com\/academy\/wp-json\/wp\/v2\/pages\/3033\/revisions\/4084"}],"wp:attachment":[{"href":"https:\/\/www.upcoglobal.com\/academy\/wp-json\/wp\/v2\/media?parent=3033"}],"curies":[{"name":"wp","href":"https:\/\/api.w.org\/{rel}","templated":true}]}}