{"id":741,"date":"2017-07-04T09:52:45","date_gmt":"2017-07-04T09:52:45","guid":{"rendered":"http:\/\/dummy.xtemos.com\/woodmart\/demos\/?page_id=741"},"modified":"2020-06-05T01:26:58","modified_gmt":"2020-06-04T23:26:58","slug":"specialist","status":"publish","type":"page","link":"https:\/\/www.upcoglobal.com\/academy\/specialist\/","title":{"rendered":"Specialist"},"content":{"rendered":"<p>[vc_row full_width=&#8221;stretch_row&#8221; css=&#8221;.vc_custom_1591313152892{margin-bottom: 5vh !important;padding-bottom: 5vh !important;}&#8221; mobile_bg_img_hidden=&#8221;no&#8221; tablet_bg_img_hidden=&#8221;no&#8221; woodmart_parallax=&#8221;0&#8243; woodmart_gradient_switch=&#8221;no&#8221; row_reverse_mobile=&#8221;0&#8243; row_reverse_tablet=&#8221;0&#8243; woodmart_disable_overflow=&#8221;0&#8243; el_id=&#8221;sergio_caicedo&#8221;][vc_column][vc_empty_space woodmart_hide_large=&#8221;0&#8243; woodmart_hide_medium=&#8221;0&#8243; woodmart_hide_small=&#8221;0&#8243; woodmart_hide_extra_small=&#8221;0&#8243;][vc_row_inner content_placement=&#8221;top&#8221; row_reverse_mobile=&#8221;0&#8243; row_reverse_tablet=&#8221;0&#8243;][vc_column_inner width=&#8221;1\/3&#8243;][vc_single_image image=&#8221;3374&#8243; img_size=&#8221;medium&#8221; alignment=&#8221;center&#8221; parallax_scroll=&#8221;no&#8221;][\/vc_column_inner][vc_column_inner width=&#8221;2\/3&#8243;][vc_custom_heading text=&#8221;SERGIO CAICEDO&#8221; use_theme_fonts=&#8221;yes&#8221;][vc_column_text text_larger=&#8221;no&#8221;]Mr. Caicedo holds a BSc Physics &amp; BSc Computer Engineer from Sim\u00f3n Bol\u00edvar University Venezuela, as well as a MSc in Petroleum Engineering from the University of Texas at Austin, USA. With 26 years of experience as a specialist in artificial lift and well productivity and software development applied to oil production. He has worked as an instructor teaching courses in the area of \u200b\u200boil production where he has trained 700+ engineers in the companies where he has worked.<\/p>\n<p>Mr. Caicedo has developed innovative projects working in multidisciplinary teams. He has developed calculation tools to assist field engineers in the Productivity of Wells with Cyclic Steam Injection including calculations of injection heat losses, heating radii, Hot Productivity Index and Artificial Lift cooling model.<\/p>\n<p>He has also worked on the calculations of the Effects of Resistive Heating in Well Bottom with BCP \/ BM. Mr. Caicedo has developed uncertainty methods for the production area, such as the calculation of volumes of Gels for Water Control.<\/p>\n<p>He has also studied the Feasibility of Ultrasound for Stimulation of Wells, and has published multiple articles on Production Optimization. Mr. Caicedo has worked as a specialist in artificial lifting in Venezuela, Kuwait, the United Arab Emirates and the United States.<\/p>\n<p>Mr. Caicedo was awarded with the SPE Middle East Production and Operations Award 2015 for his technical contributions in artificial lifting for the production of hydrocarbons.[\/vc_column_text][\/vc_column_inner][\/vc_row_inner][\/vc_column][\/vc_row][vc_row full_width=&#8221;stretch_row&#8221; css=&#8221;.vc_custom_1591313167829{margin-bottom: -20px !important;padding-bottom: 5vh !important;background-color: #e0e0e0 !important;}&#8221; mobile_bg_img_hidden=&#8221;no&#8221; tablet_bg_img_hidden=&#8221;no&#8221; woodmart_parallax=&#8221;0&#8243; woodmart_gradient_switch=&#8221;no&#8221; row_reverse_mobile=&#8221;0&#8243; row_reverse_tablet=&#8221;0&#8243; woodmart_disable_overflow=&#8221;0&#8243; el_id=&#8221;fauner_romero&#8221;][vc_column][vc_row_inner content_placement=&#8221;top&#8221; row_reverse_mobile=&#8221;0&#8243; row_reverse_tablet=&#8221;0&#8243;][vc_column_inner width=&#8221;2\/3&#8243;][vc_empty_space woodmart_hide_large=&#8221;0&#8243; woodmart_hide_medium=&#8221;0&#8243; woodmart_hide_small=&#8221;0&#8243; woodmart_hide_extra_small=&#8221;0&#8243;][vc_custom_heading text=&#8221;FAUNER ROMERO BECERRA&#8221; use_theme_fonts=&#8221;yes&#8221;][vc_column_text text_larger=&#8221;no&#8221;]Petroleum Engineer with more than 10 years of national and international experience, leading strategies and operations in order to increase productivity, effectiveness and processes optimization in industries of hydrocarbon sector.<\/p>\n<p>Wide knowledge and abilities for improving management of Artificial Lift Systems for oil and gas wells; training personnel on issues related to well optimization through the proper use of Echometer technology to obtain reliable data for diagnosis, allowing to maximize production and minimizing operating expenses. Competences for designing applications such as RODSTAR, SubPump, PCpump, as well as programs such as XDIAG, TAM, TWM, AWP, OFM, and PERFORM.<\/p>\n<p>Committed and self-taught, with leadership skills to promote teamwork and improvement processes, through the implementation of planning strategies and statistics; accomplishing with indicators and efficiency measurement.[\/vc_column_text][\/vc_column_inner][vc_column_inner width=&#8221;1\/3&#8243; css=&#8221;.vc_custom_1579318068396{margin-bottom: -40px !important;}&#8221;][\/vc_column_inner][\/vc_row_inner][\/vc_column][\/vc_row][vc_row full_width=&#8221;stretch_row&#8221; mobile_bg_img_hidden=&#8221;no&#8221; tablet_bg_img_hidden=&#8221;no&#8221; woodmart_parallax=&#8221;0&#8243; woodmart_gradient_switch=&#8221;no&#8221; row_reverse_mobile=&#8221;0&#8243; row_reverse_tablet=&#8221;0&#8243; woodmart_disable_overflow=&#8221;0&#8243; el_id=&#8221;samantha_perozo&#8221;][vc_column][vc_empty_space woodmart_hide_large=&#8221;0&#8243; woodmart_hide_medium=&#8221;0&#8243; woodmart_hide_small=&#8221;0&#8243; woodmart_hide_extra_small=&#8221;0&#8243;][vc_row_inner content_placement=&#8221;top&#8221; row_reverse_mobile=&#8221;0&#8243; row_reverse_tablet=&#8221;0&#8243; css=&#8221;.vc_custom_1591313175811{margin-bottom: -20px !important;}&#8221;][vc_column_inner width=&#8221;1\/3&#8243; css=&#8221;.vc_custom_1579317472441{background-position: center !important;background-repeat: no-repeat !important;background-size: cover !important;}&#8221;][vc_single_image image=&#8221;3373&#8243; img_size=&#8221;medium&#8221; alignment=&#8221;center&#8221; parallax_scroll=&#8221;no&#8221; css=&#8221;.vc_custom_1580849370978{margin-bottom: -5px !important;}&#8221;][\/vc_column_inner][vc_column_inner width=&#8221;2\/3&#8243;][vc_empty_space height=&#8221;40px&#8221; woodmart_hide_large=&#8221;0&#8243; woodmart_hide_medium=&#8221;0&#8243; woodmart_hide_small=&#8221;0&#8243; woodmart_hide_extra_small=&#8221;0&#8243;][vc_custom_heading text=&#8221;SAMANTHA PEROZO&#8221; use_theme_fonts=&#8221;yes&#8221;][vc_column_text text_larger=&#8221;no&#8221;]Ingeniera de Petr\u00f3leo especialista en el \u00e1rea de Producci\u00f3n y Optimizaci\u00f3n de pozos. Graduada en la Universidad del Zulia, con casi 10 a\u00f1os de experiencia como especialista en el \u00e1rea de dise\u00f1o, redise\u00f1o y optimizaci\u00f3n de sistemas de levantamiento artificial por bombeo mec\u00e1nico. Especialista en la interpretaci\u00f3n, an\u00e1lisis y adquisici\u00f3n de registros ac\u00fasticos y dinamom\u00e9tricos con tecnolog\u00eda Echometer con manejo avanzado del software TWM y TAM. Especialista en el manejo de software de dise\u00f1o y redise\u00f1o de sistemas de bombeo mec\u00e1nico Suite Theta Oilfield Services (Rodstar, Xdiag, XBAL, Xtools). Instructora capacitada de cursos en el \u00e1rea de producci\u00f3n de petr\u00f3leo donde ha entrenado 1000+ ingenieros en cursos presenciales[\/vc_column_text][\/vc_column_inner][\/vc_row_inner][\/vc_column][\/vc_row][vc_row full_width=&#8221;stretch_row&#8221; css=&#8221;.vc_custom_1591313198853{background-color: #e0e0e0 !important;}&#8221; mobile_bg_img_hidden=&#8221;no&#8221; tablet_bg_img_hidden=&#8221;no&#8221; woodmart_parallax=&#8221;0&#8243; woodmart_gradient_switch=&#8221;no&#8221; row_reverse_mobile=&#8221;0&#8243; row_reverse_tablet=&#8221;0&#8243; woodmart_disable_overflow=&#8221;0&#8243; el_id=&#8221;diego_prieto&#8221;][vc_column][vc_empty_space woodmart_hide_large=&#8221;0&#8243; woodmart_hide_medium=&#8221;0&#8243; woodmart_hide_small=&#8221;0&#8243; woodmart_hide_extra_small=&#8221;0&#8243;][vc_row_inner content_placement=&#8221;top&#8221; row_reverse_mobile=&#8221;0&#8243; row_reverse_tablet=&#8221;0&#8243;][vc_column_inner width=&#8221;2\/3&#8243;][vc_custom_heading text=&#8221;DIEGO PRIETO&#8221; use_theme_fonts=&#8221;yes&#8221;][vc_column_text text_larger=&#8221;no&#8221;]Ingeniero de Petr\u00f3leo, Especializaci\u00f3n en el \u00e1rea de Yacimiento, Producci\u00f3n y Perforaci\u00f3n graduado de la universidad del Zulia, con casi 20 a\u00f1os de experiencia como especialista en productividad de pozos, levantamiento artificial Ha trabajado como instructor dictando cursos en el \u00e1rea de producci\u00f3n de petr\u00f3leo donde ha entrenado 200+ ingenieros en cursos presenciales. El Ing. Diego Prieto ha liderado proyectos de optimizaci\u00f3n de producci\u00f3n con equipos multidisciplinarios. Adem\u00e1s de haberse desempe\u00f1ado como especialista en levantamiento artificial en Venezuela, Colombia y Kazajist\u00e1n.[\/vc_column_text][\/vc_column_inner][vc_column_inner width=&#8221;1\/3&#8243;][vc_single_image image=&#8221;3466&#8243; img_size=&#8221;medium&#8221; alignment=&#8221;center&#8221; parallax_scroll=&#8221;no&#8221; css=&#8221;.vc_custom_1580848926224{margin-bottom: -20px !important;}&#8221;][\/vc_column_inner][\/vc_row_inner][\/vc_column][\/vc_row][vc_row full_width=&#8221;stretch_row&#8221; mobile_bg_img_hidden=&#8221;no&#8221; tablet_bg_img_hidden=&#8221;no&#8221; woodmart_parallax=&#8221;0&#8243; woodmart_gradient_switch=&#8221;no&#8221; row_reverse_mobile=&#8221;0&#8243; row_reverse_tablet=&#8221;0&#8243; woodmart_disable_overflow=&#8221;0&#8243; el_id=&#8221;andres_gutierrez&#8221;][vc_column][vc_row_inner content_placement=&#8221;top&#8221; row_reverse_mobile=&#8221;0&#8243; row_reverse_tablet=&#8221;0&#8243;][vc_column_inner width=&#8221;1\/3&#8243; css=&#8221;.vc_custom_1579318068396{margin-bottom: -40px !important;}&#8221;][vc_single_image image=&#8221;3376&#8243; img_size=&#8221;medium&#8221; alignment=&#8221;center&#8221; parallax_scroll=&#8221;no&#8221;][\/vc_column_inner][vc_column_inner width=&#8221;2\/3&#8243;][vc_empty_space woodmart_hide_large=&#8221;0&#8243; woodmart_hide_medium=&#8221;0&#8243; woodmart_hide_small=&#8221;0&#8243; woodmart_hide_extra_small=&#8221;0&#8243;][vc_custom_heading text=&#8221;ANDR\u00c9S GUTI\u00c9RREZ&#8221; use_theme_fonts=&#8221;yes&#8221;][vc_column_text text_larger=&#8221;no&#8221;]Ingeniero Electricista , curso diplomado en Automatizaci\u00f3n e instrumentaci\u00f3n industrial , graduado de la universidad del Zulia, actualmente cursando la maestr\u00eda de Ingenier\u00eda de control y automatizaci\u00f3n de procesos , con casi 4 a\u00f1o de experiencia como especialista de automatizaci\u00f3n de pozos productores ,instrumentaci\u00f3n asociada a pozos y administrador de sistemas Scada para pozos . Ha trabajo en diversas implementaciones para la mejoras de equipos de control, plan de mantenimientos de equipos el\u00e9ctricos como variadores de frecuencia, controladores y telemetr\u00eda en general. . Ha trabajado como instructor dictando cursos en el \u00e1rea de automatizaci\u00f3n en el \u00e1mbito petrolero en las compa\u00f1\u00edas donde ha trabajado. Tambi\u00e9n ha trabajado en la integraci\u00f3n de equipos para la optimizaci\u00f3n de pozos basado en las condiciones de fondo.[\/vc_column_text][\/vc_column_inner][\/vc_row_inner][\/vc_column][\/vc_row][vc_row disable_element=&#8221;yes&#8221; css=&#8221;.vc_custom_1579226088461{margin-bottom: 7vh !important;}&#8221; mobile_bg_img_hidden=&#8221;no&#8221; tablet_bg_img_hidden=&#8221;no&#8221; woodmart_parallax=&#8221;0&#8243; woodmart_gradient_switch=&#8221;no&#8221; row_reverse_mobile=&#8221;0&#8243; row_reverse_tablet=&#8221;0&#8243; woodmart_disable_overflow=&#8221;0&#8243;][vc_column]\n\t\t<div id=\"wd-69e7c213f3658\" class=\"title-wrapper  woodmart-title-color-primary woodmart-title-style-bordered woodmart-title-width-100 text-center woodmart-title-size-default vc_custom_1491995468113\">\n\t\t\t\t\t\t\t<div class=\"title-subtitle  font-default subtitle-style-default woodmart-font-weight-\">XTEMOS ELEMENT<\/div>\n\t\t\t\n\t\t\t<div class=\"liner-continer\">\n\t\t\t\t<span class=\"left-line\"><\/span>\n\t\t\t\t<h4 class=\"woodmart-title-container title  woodmart-font-weight-\" ><strong>OUR TEAM PLAYERS WITH HOVER<\/strong><\/h4>\t\t\t\t\t\t\t\t<span class=\"right-line\"><\/span>\n\t\t\t<\/div>\n\t\t\t\n\t\t\t\t\t\t\t<div class=\"title-after_title\">Show our company's members<\/div>\n\t\t\t\n\t\t\t\t\t<\/div>\n\t\t\n\t\t[vc_row_inner content_placement=&#8221;top&#8221;][vc_column_inner width=&#8221;1\/4&#8243;]<div class=\"team-member text-center  member-layout-hover color-scheme-light\"><div class=\"member-details\"><h4 class=\"member-name\">MARK JANCE<\/h4><span class=\"member-position\">CEO \/ FOUNDER<\/span><div class=\"member-bio\"><\/div><div class=\"member-social\"><div class=\"woodmart-social-icons icons-design-colored icons-size-small social-form-circle\"><a class=\"woodmart-social-icon social-facebook\" href=\"#\"><i class=\"fa fa-facebook\"><\/i><\/a><a class=\"woodmart-social-icon social-twitter\" href=\"#\"><i class=\"fa fa-twitter\"><\/i><\/a><a class=\"woodmart-social-icon social-instagram\" href=\"#\"><i class=\"fa fa-instagram\"><\/i><\/a><\/div><\/div><\/div><\/div><div class=\"team-member text-center  member-layout-hover color-scheme-light\"><div class=\"member-details\"><h4 class=\"member-name\">MARK JANCE<\/h4><span class=\"member-position\">CEO \/ FOUNDER<\/span><div class=\"member-bio\"><\/div><div class=\"member-social\"><div class=\"woodmart-social-icons icons-design-colored icons-size-small social-form-circle\"><a class=\"woodmart-social-icon social-facebook\" href=\"#\"><i class=\"fa fa-facebook\"><\/i><\/a><a class=\"woodmart-social-icon social-twitter\" href=\"#\"><i class=\"fa fa-twitter\"><\/i><\/a><a class=\"woodmart-social-icon social-instagram\" href=\"#\"><i class=\"fa fa-instagram\"><\/i><\/a><\/div><\/div><\/div><\/div>[\/vc_column_inner][vc_column_inner width=&#8221;1\/4&#8243;]<div class=\"team-member text-center  member-layout-hover color-scheme-light\"><div class=\"member-details\"><h4 class=\"member-name\">MARK JANCE<\/h4><span class=\"member-position\">CEO \/ FOUNDER<\/span><div class=\"member-bio\"><\/div><div class=\"member-social\"><div class=\"woodmart-social-icons icons-design-colored icons-size-small social-form-circle\"><a class=\"woodmart-social-icon social-facebook\" href=\"#\"><i class=\"fa fa-facebook\"><\/i><\/a><a class=\"woodmart-social-icon social-twitter\" href=\"#\"><i class=\"fa fa-twitter\"><\/i><\/a><a class=\"woodmart-social-icon social-instagram\" href=\"#\"><i class=\"fa fa-instagram\"><\/i><\/a><\/div><\/div><\/div><\/div><div class=\"team-member text-center  member-layout-hover color-scheme-light\"><div class=\"member-details\"><h4 class=\"member-name\">MARK JANCE<\/h4><span class=\"member-position\">CEO \/ FOUNDER<\/span><div class=\"member-bio\"><\/div><div class=\"member-social\"><div class=\"woodmart-social-icons icons-design-colored icons-size-small social-form-circle\"><a class=\"woodmart-social-icon social-facebook\" href=\"#\"><i class=\"fa fa-facebook\"><\/i><\/a><a class=\"woodmart-social-icon social-twitter\" href=\"#\"><i class=\"fa fa-twitter\"><\/i><\/a><a class=\"woodmart-social-icon social-instagram\" href=\"#\"><i class=\"fa fa-instagram\"><\/i><\/a><\/div><\/div><\/div><\/div>[\/vc_column_inner][vc_column_inner width=&#8221;1\/4&#8243;]<div class=\"team-member text-center  member-layout-hover color-scheme-light\"><div class=\"member-details\"><h4 class=\"member-name\">MARK JANCE<\/h4><span class=\"member-position\">CEO \/ FOUNDER<\/span><div class=\"member-bio\"><\/div><div class=\"member-social\"><div class=\"woodmart-social-icons icons-design-colored icons-size-small social-form-circle\"><a class=\"woodmart-social-icon social-facebook\" href=\"#\"><i class=\"fa fa-facebook\"><\/i><\/a><a class=\"woodmart-social-icon social-twitter\" href=\"#\"><i class=\"fa fa-twitter\"><\/i><\/a><a class=\"woodmart-social-icon social-instagram\" href=\"#\"><i class=\"fa fa-instagram\"><\/i><\/a><\/div><\/div><\/div><\/div><div class=\"team-member text-center  member-layout-hover color-scheme-light\"><div class=\"member-details\"><h4 class=\"member-name\">MARK JANCE<\/h4><span class=\"member-position\">CEO \/ FOUNDER<\/span><div class=\"member-bio\"><\/div><div class=\"member-social\"><div class=\"woodmart-social-icons icons-design-colored icons-size-small social-form-circle\"><a class=\"woodmart-social-icon social-facebook\" href=\"#\"><i class=\"fa fa-facebook\"><\/i><\/a><a class=\"woodmart-social-icon social-twitter\" href=\"#\"><i class=\"fa fa-twitter\"><\/i><\/a><a class=\"woodmart-social-icon social-instagram\" href=\"#\"><i class=\"fa fa-instagram\"><\/i><\/a><\/div><\/div><\/div><\/div>[\/vc_column_inner][vc_column_inner width=&#8221;1\/4&#8243;]<div class=\"team-member text-center  member-layout-hover color-scheme-light\"><div class=\"member-details\"><h4 class=\"member-name\">MARK JANCE<\/h4><span class=\"member-position\">CEO \/ FOUNDER<\/span><div class=\"member-bio\"><\/div><div class=\"member-social\"><div class=\"woodmart-social-icons icons-design-colored icons-size-small social-form-circle\"><a class=\"woodmart-social-icon social-facebook\" href=\"#\"><i class=\"fa fa-facebook\"><\/i><\/a><a class=\"woodmart-social-icon social-twitter\" href=\"#\"><i class=\"fa fa-twitter\"><\/i><\/a><a class=\"woodmart-social-icon social-instagram\" href=\"#\"><i class=\"fa fa-instagram\"><\/i><\/a><\/div><\/div><\/div><\/div><div class=\"team-member text-center  member-layout-hover color-scheme-light\"><div class=\"member-details\"><h4 class=\"member-name\">MARK JANCE<\/h4><span class=\"member-position\">CEO \/ FOUNDER<\/span><div class=\"member-bio\"><\/div><div class=\"member-social\"><div class=\"woodmart-social-icons icons-design-colored icons-size-small social-form-circle\"><a class=\"woodmart-social-icon social-facebook\" href=\"#\"><i class=\"fa fa-facebook\"><\/i><\/a><a class=\"woodmart-social-icon social-twitter\" href=\"#\"><i class=\"fa fa-twitter\"><\/i><\/a><a class=\"woodmart-social-icon social-instagram\" href=\"#\"><i class=\"fa fa-instagram\"><\/i><\/a><\/div><\/div><\/div><\/div>[\/vc_column_inner][\/vc_row_inner][\/vc_column][\/vc_row][vc_row full_width=&#8221;stretch_row&#8221; disable_element=&#8221;yes&#8221; css=&#8221;.vc_custom_1579241380295{margin-bottom: -40px !important;padding-top: 5vh !important;padding-bottom: 5vh !important;background-image: url(http:\/\/dummy.xtemos.com\/woodmart\/demos\/wp-content\/uploads\/sites\/2\/2017\/06\/wood-main-dark-bg.jpg?id=246) !important;background-position: center !important;background-repeat: no-repeat !important;background-size: cover !important;}&#8221; mobile_bg_img_hidden=&#8221;no&#8221; tablet_bg_img_hidden=&#8221;no&#8221; woodmart_parallax=&#8221;0&#8243; woodmart_gradient_switch=&#8221;no&#8221; row_reverse_mobile=&#8221;0&#8243; row_reverse_tablet=&#8221;0&#8243; woodmart_disable_overflow=&#8221;0&#8243;][vc_column]\n\t\t<div id=\"wd-69e7c21402671\" class=\"title-wrapper  woodmart-title-color-white woodmart-title-style-bordered woodmart-title-width-100 text-center woodmart-title-size-default vc_custom_1491995546789\">\n\t\t\t\t\t\t\t<div class=\"title-subtitle  font-default subtitle-style-default woodmart-font-weight-\">XTEMOS ELEMENT<\/div>\n\t\t\t\n\t\t\t<div class=\"liner-continer\">\n\t\t\t\t<span class=\"left-line\"><\/span>\n\t\t\t\t<h4 class=\"woodmart-title-container title  woodmart-font-weight-\" ><strong>OUR TEAM PLAYERS COLOR SHEME LIGHT<\/strong><\/h4>\t\t\t\t\t\t\t\t<span class=\"right-line\"><\/span>\n\t\t\t<\/div>\n\t\t\t\n\t\t\t\t\t\t\t<div class=\"title-after_title\">Show our company's members<\/div>\n\t\t\t\n\t\t\t\t\t<\/div>\n\t\t\n\t\t[vc_row_inner content_placement=&#8221;top&#8221;][vc_column_inner width=&#8221;1\/4&#8243;]<div class=\"team-member text-center  member-layout-default color-scheme-light\"><div class=\"member-details\"><h4 class=\"member-name\">John Doe<\/h4><span class=\"member-position\">CEO, co-founder<\/span><div class=\"member-bio\">At elementum leo a porttitor aliquam amet scelerisque ut condimentum vestibulum parturient scelerisque scelerisque ultricies diam hendrerit ad gravida velit.<\/div><div class=\"member-social\"><div class=\"woodmart-social-icons icons-design-colored icons-size-small social-form-circle\"><a class=\"woodmart-social-icon social-facebook\" href=\"#\"><i class=\"fa fa-facebook\"><\/i><\/a><a class=\"woodmart-social-icon social-twitter\" href=\"#\"><i class=\"fa fa-twitter\"><\/i><\/a><a class=\"woodmart-social-icon social-linkedin\" href=\"#\"><i class=\"fa fa-linkedin\"><\/i><\/a><\/div><\/div><\/div><\/div>[\/vc_column_inner][vc_column_inner width=&#8221;1\/4&#8243;]<div class=\"team-member text-center  member-layout-default color-scheme-light\"><div class=\"member-details\"><h4 class=\"member-name\">John Doe<\/h4><span class=\"member-position\">CEO, co-founder<\/span><div class=\"member-bio\">At elementum leo a porttitor aliquam amet scelerisque ut condimentum vestibulum parturient scelerisque scelerisque ultricies diam hendrerit ad gravida velit.<\/div><div class=\"member-social\"><div class=\"woodmart-social-icons icons-design-colored icons-size-small social-form-circle\"><a class=\"woodmart-social-icon social-facebook\" href=\"#\"><i class=\"fa fa-facebook\"><\/i><\/a><a class=\"woodmart-social-icon social-twitter\" href=\"#\"><i class=\"fa fa-twitter\"><\/i><\/a><a class=\"woodmart-social-icon social-linkedin\" href=\"#\"><i class=\"fa fa-linkedin\"><\/i><\/a><\/div><\/div><\/div><\/div>[\/vc_column_inner][vc_column_inner width=&#8221;1\/4&#8243;]<div class=\"team-member text-center  member-layout-default color-scheme-light\"><div class=\"member-details\"><h4 class=\"member-name\">John Doe<\/h4><span class=\"member-position\">CEO, co-founder<\/span><div class=\"member-bio\">At elementum leo a porttitor aliquam amet scelerisque ut condimentum vestibulum parturient scelerisque scelerisque ultricies diam hendrerit ad gravida velit.<\/div><div class=\"member-social\"><div class=\"woodmart-social-icons icons-design-colored icons-size-small social-form-circle\"><a class=\"woodmart-social-icon social-facebook\" href=\"#\"><i class=\"fa fa-facebook\"><\/i><\/a><a class=\"woodmart-social-icon social-twitter\" href=\"#\"><i class=\"fa fa-twitter\"><\/i><\/a><a class=\"woodmart-social-icon social-linkedin\" href=\"#\"><i class=\"fa fa-linkedin\"><\/i><\/a><\/div><\/div><\/div><\/div>[\/vc_column_inner][vc_column_inner width=&#8221;1\/4&#8243;]<div class=\"team-member text-center  member-layout-default color-scheme-light\"><div class=\"member-details\"><h4 class=\"member-name\">John Doe<\/h4><span class=\"member-position\">CEO, co-founder<\/span><div class=\"member-bio\">At elementum leo a porttitor aliquam amet scelerisque ut condimentum vestibulum parturient scelerisque scelerisque ultricies diam hendrerit ad gravida velit.<\/div><div class=\"member-social\"><div class=\"woodmart-social-icons icons-design-colored icons-size-small social-form-circle\"><a class=\"woodmart-social-icon social-facebook\" href=\"#\"><i class=\"fa fa-facebook\"><\/i><\/a><a class=\"woodmart-social-icon social-twitter\" href=\"#\"><i class=\"fa fa-twitter\"><\/i><\/a><a class=\"woodmart-social-icon social-linkedin\" href=\"#\"><i class=\"fa fa-linkedin\"><\/i><\/a><\/div><\/div><\/div><\/div>[\/vc_column_inner][\/vc_row_inner][\/vc_column][\/vc_row]<\/p>\n","protected":false},"excerpt":{"rendered":"<p>[vc_row full_width=&#8221;stretch_row&#8221; css=&#8221;.vc_custom_1591313152892{margin-bottom: 5vh !important;padding-bottom: 5vh !important;}&#8221; mobile_bg_img_hidden=&#8221;no&#8221; tablet_bg_img_hidden=&#8221;no&#8221; woodmart_parallax=&#8221;0&#8243; woodmart_gradient_switch=&#8221;no&#8221; row_reverse_mobile=&#8221;0&#8243; row_reverse_tablet=&#8221;0&#8243; woodmart_disable_overflow=&#8221;0&#8243; el_id=&#8221;sergio_caicedo&#8221;][vc_column][vc_empty_space woodmart_hide_large=&#8221;0&#8243; woodmart_hide_medium=&#8221;0&#8243; woodmart_hide_small=&#8221;0&#8243; woodmart_hide_extra_small=&#8221;0&#8243;][vc_row_inner content_placement=&#8221;top&#8221;<\/p>\n","protected":false},"author":1,"featured_media":0,"parent":0,"menu_order":0,"comment_status":"closed","ping_status":"closed","template":"","meta":{"_exactmetrics_skip_tracking":false,"_exactmetrics_sitenote_active":false,"_exactmetrics_sitenote_note":"","_exactmetrics_sitenote_category":0,"courseId":0,"footnotes":""},"class_list":["post-741","page","type-page","status-publish","hentry"],"_links":{"self":[{"href":"https:\/\/www.upcoglobal.com\/academy\/wp-json\/wp\/v2\/pages\/741","targetHints":{"allow":["GET"]}}],"collection":[{"href":"https:\/\/www.upcoglobal.com\/academy\/wp-json\/wp\/v2\/pages"}],"about":[{"href":"https:\/\/www.upcoglobal.com\/academy\/wp-json\/wp\/v2\/types\/page"}],"author":[{"embeddable":true,"href":"https:\/\/www.upcoglobal.com\/academy\/wp-json\/wp\/v2\/users\/1"}],"replies":[{"embeddable":true,"href":"https:\/\/www.upcoglobal.com\/academy\/wp-json\/wp\/v2\/comments?post=741"}],"version-history":[{"count":15,"href":"https:\/\/www.upcoglobal.com\/academy\/wp-json\/wp\/v2\/pages\/741\/revisions"}],"predecessor-version":[{"id":3796,"href":"https:\/\/www.upcoglobal.com\/academy\/wp-json\/wp\/v2\/pages\/741\/revisions\/3796"}],"wp:attachment":[{"href":"https:\/\/www.upcoglobal.com\/academy\/wp-json\/wp\/v2\/media?parent=741"}],"curies":[{"name":"wp","href":"https:\/\/api.w.org\/{rel}","templated":true}]}}