{"id":3121,"date":"2019-12-20T22:18:37","date_gmt":"2019-12-20T21:18:37","guid":{"rendered":"https:\/\/www.upcoglobal.com\/academy\/?post_type=product&#038;p=3121"},"modified":"2026-03-27T21:22:59","modified_gmt":"2026-03-27T20:22:59","slug":"optimizacion-del-sistema-de-produccion-de-hidrocarburos-con-analisis-nodal","status":"publish","type":"product","link":"https:\/\/www.upcoglobal.com\/academy\/product\/optimizacion-del-sistema-de-produccion-de-hidrocarburos-con-analisis-nodal\/","title":{"rendered":"Optimizaci\u00f3n del Sistema de Producci\u00f3n de Hidrocarburos con An\u00e1lisis Nodal"},"content":{"rendered":"<p>[vc_row][vc_column width=&#8221;2\/3&#8243; mobile_bg_img_hidden=&#8221;no&#8221; tablet_bg_img_hidden=&#8221;no&#8221; woodmart_parallax=&#8221;0&#8243; woodmart_sticky_column=&#8221;false&#8221; parallax_scroll=&#8221;no&#8221; mobile_reset_margin=&#8221;no&#8221; tablet_reset_margin=&#8221;no&#8221;][vc_column_text text_larger=&#8221;no&#8221;]<\/p>\n<h3><b>Main Objective<\/b><\/h3>\n<p>Understand the principles of the nodal analysis, the concepts, the phenomena involved and the way they are interrelated with the final goal to predict the flowing rates and pressures through the system for production or injection wells.<\/p>\n<h3><b>Specific <\/b>Objetives<\/h3>\n<ul>\n<li>Understand the advantages and limitations of the Nodal Analysis<\/li>\n<li>Understand in detail the Inflow performance relationship IPR curve. For single phase and multiphase.<\/li>\n<li>Understand in detail Single phase and Multiphase flow in pipes. Multiphase flow correlations how they were developed and how they are used<\/li>\n<li>How PVT data affect multiphase flow correlation. Selecting and Adjusting\/Tuning multiphase flow correlations<\/li>\n<li>Selecting the node location and interpreting the inflow and outflow curves at node location<\/li>\n<li>Interpreting nodal analysis for well optimization or best scenario selection.<\/li>\n<li>Understand in detail Nodal analysis for injection wells.<\/li>\n<\/ul>\n<h3><b>Who shoul attend<\/b><\/h3>\n<ul>\n<li>Petroleum Engineers<\/li>\n<li>Production Engineers<\/li>\n<li>Optimization Engineers<\/li>\n<li>Oilfield Operation Engineers or Technicians<\/li>\n<\/ul>\n<p>[\/vc_column_text][\/vc_column][vc_column width=&#8221;1\/3&#8243;][vc_column_text text_larger=&#8221;no&#8221;]<\/p>\n<h4><b>Fechas disponibles<\/b><\/h4>\n<p>[\/vc_column_text][\/vc_column][\/vc_row][vc_row][vc_column][vc_tta_accordion active_section=&#8221;1&#8243; collapsible_all=&#8221;true&#8221; title=&#8221;CONTENT&#8221;][vc_tta_section title=&#8221;DAY 1&#8243; tab_id=&#8221;1576182437238-f99683ea-9758&#8243;][vc_column_text text_larger=&#8221;no&#8221;]<\/p>\n<ul>\n<li>Evaluation at the beginning of the course.<\/li>\n<li>Understand the advantages and limitations of the Nodal Analysis<\/li>\n<li>Understand the concepts and phenomena considered by nodal analysis<\/li>\n<li>Inflow performance relationship IPR curve. Detailed discussion and clarification of common misconceptions. Uncertainty and error considerations.<\/li>\n<\/ul>\n<p>[\/vc_column_text][\/vc_tta_section][vc_tta_section title=&#8221;DAY 2&#8243; tab_id=&#8221;1576182511098-e5cce5b9-eadb&#8221;][vc_column_text text_larger=&#8221;no&#8221;]<\/p>\n<ul>\n<li>Productivity index: theoretical, Production test, field values.<\/li>\n<li>Skin concept. Damage, Pseudo damage, Stimulations<\/li>\n<li>IPR for single phase and multiphase.<\/li>\n<li>IPR for multilayer well.<\/li>\n<\/ul>\n<p>[\/vc_column_text][\/vc_tta_section][vc_tta_section title=&#8221;DAY 3&#8243; tab_id=&#8221;1576182763896-4bac892d-6549&#8243;][vc_column_text text_larger=&#8221;no&#8221;]<\/p>\n<ul>\n<li>Outflow curve<\/li>\n<li>Single phase and Multiphase flow. Understanding the complexity of multiphase flow in pipes. Flow patterns. Slippage and holdup concepts. Multiphase flow correlations how they are developed and how they are used<\/li>\n<li>How PVT data affect multiphase flow computations.<\/li>\n<li>How to use the correlations and PVT data for pressure computations. How to generate the outflow curve.<\/li>\n<\/ul>\n<p>[\/vc_column_text][\/vc_tta_section][vc_tta_section title=&#8221;DAY 4&#8243; tab_id=&#8221;1576182798537-da815ba4-6578&#8243;][vc_column_text text_larger=&#8221;no&#8221;]<\/p>\n<ul>\n<li>Reference Magnitudes for gradient and pressures<\/li>\n<li>Selecting and Adjusting\/Tuning multiphase flow correlations<\/li>\n<li>Selecting the node location and interpreting the inflow and outflow curves at node location<\/li>\n<li>Outflow curve and nodal analysis of artificial lifted wells<\/li>\n<\/ul>\n<p>[\/vc_column_text][\/vc_tta_section][vc_tta_section title=&#8221;DAY 5&#8243; tab_id=&#8221;1576182828927-bbb3a5b8-4b67&#8243;][vc_column_text text_larger=&#8221;no&#8221;]<\/p>\n<ul>\n<li>Interpreting nodal analysis for well optimization or best scenario selection.<\/li>\n<li>Nodal analysis for injection wells. Understanding why inflow represents production system and outflow Reservoir performance<\/li>\n<li>How stimulation affects injection wells. Avoiding fractures while injecting water.<\/li>\n<li><b>Evaluation after the course<\/b><\/li>\n<\/ul>\n<p>[\/vc_column_text][\/vc_tta_section][\/vc_tta_accordion][vc_row_inner css=&#8221;.vc_custom_1644612066984{margin-top: 32px !important;margin-bottom: 32px !important;}&#8221; row_reverse_mobile=&#8221;0&#8243; row_reverse_tablet=&#8221;0&#8243;][vc_column_inner]<div id=\"wd-6206c9b514d50\" class=\"woodmart-button-wrapper text-center\"><a href=\"https:\/\/www.upcoglobal.com\/academy\/instructores\/\" title=\"Instructores\" class=\"btn btn-scheme-light btn-scheme-hover-light btn-style-default btn-shape-rectangle btn-size-default\">Conoce a nuestros instructores<\/a><\/div>[\/vc_column_inner][\/vc_row_inner][\/vc_column][\/vc_row][vc_row full_width=&#8221;stretch_row_content&#8221; content_placement=&#8221;middle&#8221; parallax=&#8221;content-moving-fade&#8221; parallax_image=&#8221;3125&#8243; woodmart_bg_position=&#8221;center-center&#8221; css=&#8221;.vc_custom_1576190420019{padding-top: 70px !important;padding-bottom: 70px !important;}&#8221; mobile_bg_img_hidden=&#8221;no&#8221; tablet_bg_img_hidden=&#8221;no&#8221; woodmart_parallax=&#8221;0&#8243; woodmart_gradient_switch=&#8221;no&#8221; row_reverse_mobile=&#8221;0&#8243; row_reverse_tablet=&#8221;0&#8243; woodmart_disable_overflow=&#8221;0&#8243;][vc_column][vc_custom_heading text=&#8221;$980 USD&#8221; font_container=&#8221;tag:h5|font_size:36|text_align:center|color:%23ffffff&#8221; google_fonts=&#8221;font_family:Roboto%3A100%2C100italic%2C300%2C300italic%2Cregular%2Citalic%2C500%2C500italic%2C700%2C700italic%2C900%2C900italic|font_style:400%20regular%3A400%3Anormal&#8221; css=&#8221;.vc_custom_1645748252172{margin-top: 0px !important;margin-bottom: 0px !important;border-top-width: 0px !important;border-bottom-width: 0px !important;padding-top: 0px !important;padding-bottom: 0px !important;}&#8221; link=&#8221;url:https%3A%2F%2Fwww2.upcoglobal.com%2Fl%2F675123%2F2019-12-16%2F43jcx|||&#8221;][vc_empty_space woodmart_hide_large=&#8221;0&#8243; woodmart_hide_medium=&#8221;0&#8243; woodmart_hide_small=&#8221;0&#8243; woodmart_hide_extra_small=&#8221;0&#8243;]<div id=\"wd-6218204aee10b\" class=\"woodmart-button-wrapper text-center\"><a href=\"https:\/\/www2.upcoglobal.com\/l\/675123\/2019-12-16\/43jcx\" title=\"\" target=\"_blank\" class=\"btn btn-color-primary btn-style-default btn-shape-rectangle btn-size-default\" rel=\"noopener\">Registrarse<\/a><\/div>[vc_empty_space woodmart_hide_large=&#8221;0&#8243; woodmart_hide_medium=&#8221;0&#8243; woodmart_hide_small=&#8221;0&#8243; woodmart_hide_extra_small=&#8221;0&#8243;][\/vc_column][\/vc_row][vc_row][vc_column][\/vc_column][\/vc_row]<\/p>\n","protected":false},"excerpt":{"rendered":"<p>Nodal analysis is the fundamental method used by production engineers to study and evaluate wells. Nodal Analysis is a technique that allows determining the well flowing condition through the study of two subsystems: \u201cInflow\u201d (upstream or supply) and \u201coutflow\u201d (downstream or demand) defined by a \u201cNode\u201d (reference point). The nodal analysis concepts apply for natural, artificial lifted wells and even injection wells, for this reason is important to understand the purpose, the assumptions, the phenomena involved as well as the limitations of the method.<\/p>\n","protected":false},"featured_media":3122,"template":"","meta":{"_exactmetrics_skip_tracking":false,"_exactmetrics_sitenote_active":false,"_exactmetrics_sitenote_note":"","_exactmetrics_sitenote_category":0},"product_brand":[],"product_cat":[69,71,84],"product_tag":[76,77],"class_list":{"0":"post-3121","1":"product","2":"type-product","3":"status-publish","4":"has-post-thumbnail","6":"product_cat-incompany-training","7":"product_cat-most-popular","8":"product_cat-training-online-incompany","9":"product_tag-english","10":"product_tag-spanish","12":"first","13":"instock","14":"shipping-taxable","15":"product-type-external"},"_links":{"self":[{"href":"https:\/\/www.upcoglobal.com\/academy\/wp-json\/wp\/v2\/product\/3121","targetHints":{"allow":["GET"]}}],"collection":[{"href":"https:\/\/www.upcoglobal.com\/academy\/wp-json\/wp\/v2\/product"}],"about":[{"href":"https:\/\/www.upcoglobal.com\/academy\/wp-json\/wp\/v2\/types\/product"}],"wp:featuredmedia":[{"embeddable":true,"href":"https:\/\/www.upcoglobal.com\/academy\/wp-json\/wp\/v2\/media\/3122"}],"wp:attachment":[{"href":"https:\/\/www.upcoglobal.com\/academy\/wp-json\/wp\/v2\/media?parent=3121"}],"wp:term":[{"taxonomy":"product_brand","embeddable":true,"href":"https:\/\/www.upcoglobal.com\/academy\/wp-json\/wp\/v2\/product_brand?post=3121"},{"taxonomy":"product_cat","embeddable":true,"href":"https:\/\/www.upcoglobal.com\/academy\/wp-json\/wp\/v2\/product_cat?post=3121"},{"taxonomy":"product_tag","embeddable":true,"href":"https:\/\/www.upcoglobal.com\/academy\/wp-json\/wp\/v2\/product_tag?post=3121"}],"curies":[{"name":"wp","href":"https:\/\/api.w.org\/{rel}","templated":true}]}}