{"id":3137,"date":"2019-12-13T14:40:12","date_gmt":"2019-12-13T13:40:12","guid":{"rendered":"https:\/\/www.upcoglobal.com\/academy\/?post_type=product&#038;p=3137"},"modified":"2026-03-27T21:19:34","modified_gmt":"2026-03-27T20:19:34","slug":"controladores-para-bombeo-mecanico","status":"publish","type":"product","link":"https:\/\/www.upcoglobal.com\/academy\/product\/controladores-para-bombeo-mecanico\/","title":{"rendered":"Controladores Para Bombeo Mec\u00e1nico"},"content":{"rendered":"<p>[vc_row][vc_column][\/vc_column][\/vc_row][vc_row][vc_column width=&#8221;2\/3&#8243;][vc_column_text text_larger=&#8221;no&#8221;]<\/p>\n<h3><b>Objetivo General<\/b><\/h3>\n<p>Adquirir conocimientos amplios te\u00f3rico-pr\u00e1ctico del funcionamiento del controlador G\u00e9nesis SPIRIT como base fundamente para la optimizaci\u00f3n, monitoreo y control de pozos Bombeo Mec\u00e1nicos.<\/p>\n<h3><b>Objetivo\u00a0<\/b>Espec\u00edficos<\/h3>\n<ul>\n<li>Propiciar y fortalecer el conocimiento t\u00e9cnico necesario para la instalaci\u00f3n de controladores de \u00faltima generaci\u00f3n en Bombeo Mec\u00e1nico.<\/li>\n<li>Actualizaci\u00f3n constante de los estados mec\u00e1nicos a nivel de configuraci\u00f3n del controlador de Bombeo Mec\u00e1nico.<\/li>\n<li>Integraci\u00f3n del controlador basado en protocolo Modbus con el SCADA.<\/li>\n<li>Detecci\u00f3n de Fallas del controlador Spirit Genesis.<\/li>\n<\/ul>\n<h3><b>A qui\u00e9n va dirigido<\/b><\/h3>\n<ul>\n<li>Ingenieros \u00a0Electricistas.<\/li>\n<li>Ingenieros de Electr\u00f3nica.<\/li>\n<li>Ingenieros de Telecomunicaciones.<\/li>\n<li>Ingenieros o T\u00e9cnicos\u00a0 de Campos petroleros relacionados con la automatizaci\u00f3n de pozos.<\/li>\n<\/ul>\n<p>[\/vc_column_text][\/vc_column][vc_column width=&#8221;1\/3&#8243;][vc_column_text text_larger=&#8221;no&#8221;]<\/p>\n<h4><b>Fechas disponibles<\/b><\/h4>\n<p>[\/vc_column_text][\/vc_column][\/vc_row][vc_row][vc_column][vc_tta_accordion active_section=&#8221;1&#8243; collapsible_all=&#8221;true&#8221; title=&#8221;Contenido Program\u00e1tico&#8221;][vc_tta_section title=&#8221;D\u00eda 1&#8243; tab_id=&#8221;1576182437238-f99683ea-9758&#8243;][vc_column_text text_larger=&#8221;no&#8221;]<\/p>\n<ul>\n<li><b>Evaluaci\u00f3n al inicio del curso.<\/b><\/li>\n<li>Introducci\u00f3n.<\/li>\n<li>Sistema de Bombeo Mec\u00e1nico.<\/li>\n<li>Fundamentos del Controlador y sensores Spirit Genesis.<\/li>\n<li>Caracter\u00edsticas tecnicas del Controlador Spirit Genesis.<\/li>\n<\/ul>\n<p>[\/vc_column_text][\/vc_tta_section][vc_tta_section title=&#8221;D\u00eda 2&#8243; tab_id=&#8221;1576182511098-e5cce5b9-eadb&#8221;][vc_column_text text_larger=&#8221;no&#8221;]<\/p>\n<ul>\n<li>Interface del Firmware del Controlador HMI.<\/li>\n<li>Requerimiento de Datos del Pozo.<\/li>\n<li>Acceso a Genesis de forma local y v\u00eda HTML.<\/li>\n<li>Actualizaci\u00f3n del Firmware.<\/li>\n<\/ul>\n<p>[\/vc_column_text][\/vc_tta_section][vc_tta_section title=&#8221;D\u00eda 3&#8243; tab_id=&#8221;1576182763896-4bac892d-6549&#8243;][vc_column_text text_larger=&#8221;no&#8221;]<\/p>\n<ul>\n<li>Configuraci\u00f3n de la Red.<\/li>\n<li>Configuraci\u00f3n de las I\/O.<\/li>\n<li>Configuraci\u00f3n de Modo de Control.<\/li>\n<li>Hist\u00f3ricos y Tendencias.<\/li>\n<\/ul>\n<p>[\/vc_column_text][\/vc_tta_section][vc_tta_section title=&#8221;D\u00eda 4&#8243; tab_id=&#8221;1576182798537-da815ba4-6578&#8243;][vc_column_text text_larger=&#8221;no&#8221;]<\/p>\n<ul>\n<li>Instalaci\u00f3n de Controlador y Sensor en Unidades de Bombeo Mec\u00e1nico.<\/li>\n<li>Pruebas Practicas.<\/li>\n<li>Diagn\u00f3sticos de falla.<\/li>\n<li><b>Evaluaci\u00f3n al final del curso.<\/b><\/li>\n<\/ul>\n<p>[\/vc_column_text][\/vc_tta_section][\/vc_tta_accordion][vc_column_text text_larger=&#8221;no&#8221;]<\/p>\n<h3><b>Valor agregado de los conocimientos adquiridos en el curso<\/b><\/h3>\n<ul>\n<li>Principios fundamentales de levantamiento artificial por Bombeo mec\u00e1nico.<\/li>\n<li>Importancia de la automatizaci\u00f3n de pozos productores.<\/li>\n<li>Comprender los sistemas SCADA.<\/li>\n<li>Instalaci\u00f3n y puesta en marcha de un controlador SPIRIT GENESIS.<\/li>\n<\/ul>\n<p>[\/vc_column_text][vc_row_inner css=&#8221;.vc_custom_1644612524242{margin-top: 32px !important;margin-bottom: 32px !important;}&#8221; row_reverse_mobile=&#8221;0&#8243; row_reverse_tablet=&#8221;0&#8243;][vc_column_inner]<div id=\"wd-6206cb855ba9a\" class=\"woodmart-button-wrapper text-center\"><a href=\"https:\/\/www.upcoglobal.com\/academy\/instructores\/\" title=\"Instructores\" class=\"btn btn-scheme-light btn-scheme-hover-light btn-style-default btn-shape-rectangle btn-size-default\">Conoce a nuestros instructores<\/a><\/div>[\/vc_column_inner][\/vc_row_inner][\/vc_column][\/vc_row][vc_row full_width=&#8221;stretch_row_content&#8221; content_placement=&#8221;middle&#8221; parallax=&#8221;content-moving-fade&#8221; parallax_image=&#8221;3125&#8243; woodmart_bg_position=&#8221;center-center&#8221; css=&#8221;.vc_custom_1576190420019{padding-top: 70px !important;padding-bottom: 70px !important;}&#8221; mobile_bg_img_hidden=&#8221;no&#8221; tablet_bg_img_hidden=&#8221;no&#8221; woodmart_parallax=&#8221;0&#8243; woodmart_gradient_switch=&#8221;no&#8221; row_reverse_mobile=&#8221;0&#8243; row_reverse_tablet=&#8221;0&#8243; woodmart_disable_overflow=&#8221;0&#8243;][vc_column][vc_custom_heading text=&#8221;Precio $550 USD&#8221; font_container=&#8221;tag:h5|font_size:36|text_align:center|color:%23ffffff&#8221; google_fonts=&#8221;font_family:Roboto%3A100%2C100italic%2C300%2C300italic%2Cregular%2Citalic%2C500%2C500italic%2C700%2C700italic%2C900%2C900italic|font_style:400%20regular%3A400%3Anormal&#8221; css=&#8221;.vc_custom_1645749874576{margin-top: 0px !important;margin-bottom: 0px !important;border-top-width: 0px !important;border-bottom-width: 0px !important;padding-top: 0px !important;padding-bottom: 0px !important;}&#8221;][vc_empty_space woodmart_hide_large=&#8221;0&#8243; woodmart_hide_medium=&#8221;0&#8243; woodmart_hide_small=&#8221;0&#8243; woodmart_hide_extra_small=&#8221;0&#8243;]<div id=\"wd-62182676df939\" class=\"woodmart-button-wrapper text-center\"><a href=\"https:\/\/www2.upcoglobal.com\/l\/675123\/2019-12-16\/43phx\" title=\"\" class=\"btn btn-color-primary btn-style-default btn-shape-rectangle btn-size-default\" target=\"_blank\" rel=\"noopener\">Solicita Ahora<\/a><\/div>[vc_empty_space woodmart_hide_large=&#8221;0&#8243; woodmart_hide_medium=&#8221;0&#8243; woodmart_hide_small=&#8221;0&#8243; woodmart_hide_extra_small=&#8221;0&#8243;][\/vc_column][\/vc_row]<\/p>\n","protected":false},"excerpt":{"rendered":"<p>El Sistema de automatization de pozos\u00a0 brinda informaci\u00f3n confiable y ajustada a las condiciones de los pozos, pudiendo as\u00ed\u00a0 garantizar que toda la informaci\u00f3n que se almacena en la base de datos permita realizar diagn\u00f3sticos y toma temprana de decisiones por el departamento de producci\u00f3n. El controlador\u00a0 posee un algoritmo de control que permite aumentar o disminuir la velocidad de bombeo seg\u00fan el\u00a0 porcentaje de llenado de la bomba, diagnosticar fallas y sobre todo tener el control absoluto del Pozo.<\/p>\n","protected":false},"featured_media":3406,"template":"","meta":{"_exactmetrics_skip_tracking":false,"_exactmetrics_sitenote_active":false,"_exactmetrics_sitenote_note":"","_exactmetrics_sitenote_category":0},"product_brand":[],"product_cat":[69],"product_tag":[77],"class_list":{"0":"post-3137","1":"product","2":"type-product","3":"status-publish","4":"has-post-thumbnail","6":"product_cat-incompany-training","7":"product_tag-spanish","9":"first","10":"instock","11":"shipping-taxable","12":"product-type-external"},"_links":{"self":[{"href":"https:\/\/www.upcoglobal.com\/academy\/wp-json\/wp\/v2\/product\/3137","targetHints":{"allow":["GET"]}}],"collection":[{"href":"https:\/\/www.upcoglobal.com\/academy\/wp-json\/wp\/v2\/product"}],"about":[{"href":"https:\/\/www.upcoglobal.com\/academy\/wp-json\/wp\/v2\/types\/product"}],"wp:featuredmedia":[{"embeddable":true,"href":"https:\/\/www.upcoglobal.com\/academy\/wp-json\/wp\/v2\/media\/3406"}],"wp:attachment":[{"href":"https:\/\/www.upcoglobal.com\/academy\/wp-json\/wp\/v2\/media?parent=3137"}],"wp:term":[{"taxonomy":"product_brand","embeddable":true,"href":"https:\/\/www.upcoglobal.com\/academy\/wp-json\/wp\/v2\/product_brand?post=3137"},{"taxonomy":"product_cat","embeddable":true,"href":"https:\/\/www.upcoglobal.com\/academy\/wp-json\/wp\/v2\/product_cat?post=3137"},{"taxonomy":"product_tag","embeddable":true,"href":"https:\/\/www.upcoglobal.com\/academy\/wp-json\/wp\/v2\/product_tag?post=3137"}],"curies":[{"name":"wp","href":"https:\/\/api.w.org\/{rel}","templated":true}]}}