{"id":3168,"date":"2019-12-13T16:46:01","date_gmt":"2019-12-13T15:46:01","guid":{"rendered":"https:\/\/www.upcoglobal.com\/academy\/?post_type=product&#038;p=3168"},"modified":"2022-02-25T01:47:51","modified_gmt":"2022-02-25T00:47:51","slug":"xpoc-usuario","status":"publish","type":"product","link":"https:\/\/www.upcoglobal.com\/academy\/product\/xpoc-usuario\/","title":{"rendered":"XPOC Usuario"},"content":{"rendered":"<p>[vc_row][vc_column][\/vc_column][\/vc_row][vc_row][vc_column][vc_column_text text_larger=&#8221;no&#8221;]<\/p>\n<h3><b>Objetivo General<\/b><\/h3>\n<p>Brindar conocimientos relacionados a las operaciones de monitoreo, control y an\u00e1lisis de pozos a trav\u00e9s de la plataforma XSPOC a nivel de usuario.<\/p>\n<h3><b>Objetivo\u00a0<\/b>Espec\u00edficos<\/h3>\n<ul>\n<li>Conocer la funcionalidad de la Plataforma de monitoreo y control XSPOC<\/li>\n<li>Fortalecer los conocimientos para el diagn\u00f3stico de fallas desde la plataforma.<\/li>\n<li>Crear planes de trabajo basados en la data recolectada por el Xspoc.<\/li>\n<\/ul>\n<h3><b>A qui\u00e9n va dirigido<\/b><\/h3>\n<ul>\n<li>Ingenieros de inform\u00e1tica.<\/li>\n<li>Ingenieros de Electr\u00f3nica.<\/li>\n<li>Ingenieros Electricista.<\/li>\n<li>Ingenieros o T\u00e9cnicos \u00a0de Campos petroleros relacionados con la automatizaci\u00f3n de pozos.<\/li>\n<\/ul>\n<p>[\/vc_column_text][\/vc_column][\/vc_row][vc_row][vc_column][vc_tta_accordion active_section=&#8221;1&#8243; collapsible_all=&#8221;true&#8221; title=&#8221;Contenido Program\u00e1tico&#8221;][vc_tta_section title=&#8221;D\u00eda 1&#8243; tab_id=&#8221;1576182437238-f99683ea-9758&#8243;][vc_column_text text_larger=&#8221;no&#8221;]<\/p>\n<ul>\n<li><b>Evaluaci\u00f3n al inicio del curso.<\/b><\/li>\n<li>Introducci\u00f3n.<\/li>\n<li>Navegacion por la plataforma.<\/li>\n<li>Estado del pozo.<\/li>\n<li>Acciones referidas a un pozo.<\/li>\n<\/ul>\n<p>[\/vc_column_text][\/vc_tta_section][vc_tta_section title=&#8221;D\u00eda 2&#8243; tab_id=&#8221;1576182511098-e5cce5b9-eadb&#8221;][vc_column_text text_larger=&#8221;no&#8221;]<\/p>\n<ul>\n<li>An\u00e1lisis del pozo.<\/li>\n<li>Funcionamiento del pozo.<\/li>\n<li>Configuraci\u00f3n del pozo.<\/li>\n<\/ul>\n<p>[\/vc_column_text][\/vc_tta_section][vc_tta_section title=&#8221;D\u00eda 3&#8243; tab_id=&#8221;1576182763896-4bac892d-6549&#8243;][vc_column_text text_larger=&#8221;no&#8221;]<\/p>\n<ul>\n<li>Estado de Grupos de pozo.<\/li>\n<li>Crear vistas de Grupo.<\/li>\n<li>Armar Grupo de pozos.<\/li>\n<\/ul>\n<p>[\/vc_column_text][\/vc_tta_section][vc_tta_section title=&#8221;D\u00eda 4&#8243; tab_id=&#8221;1576182798537-da815ba4-6578&#8243;][vc_column_text text_larger=&#8221;no&#8221;]<\/p>\n<ul>\n<li>Hist\u00f3ricos de fallas.<\/li>\n<li>Reportes<\/li>\n<li>Estado de planta<\/li>\n<li><b>Evaluaci\u00f3n al final del curso.<\/b><\/li>\n<\/ul>\n<p>[\/vc_column_text][\/vc_tta_section][\/vc_tta_accordion][vc_column_text text_larger=&#8221;no&#8221;]<\/p>\n<h3><b>Valor agregado de los conocimientos adquiridos en el curso<\/b><\/h3>\n<ul>\n<li>Principios fundamentales de monitoreo y control de pozos.<\/li>\n<li>Importancia de la optimizaci\u00f3n de pozos productores.<\/li>\n<li>Comprender los sistemas SCADA.<\/li>\n<li>Instalaci\u00f3n de nuevos usuarios Xspoc.<\/li>\n<\/ul>\n<p>[\/vc_column_text][vc_row_inner css=&#8221;.vc_custom_1644612912657{margin-top: 32px !important;margin-bottom: 32px !important;}&#8221; row_reverse_mobile=&#8221;0&#8243; row_reverse_tablet=&#8221;0&#8243;][vc_column_inner]<div id=\"wd-6206cd105246f\" class=\"woodmart-button-wrapper text-center\"><a href=\"https:\/\/www.upcoglobal.com\/academy\/instructores\/\" title=\"Instructores\" class=\"btn btn-scheme-light btn-scheme-hover-light btn-style-default btn-shape-rectangle btn-size-default\">Conoce a nuestros instructores<\/a><\/div>[\/vc_column_inner][\/vc_row_inner][\/vc_column][\/vc_row][vc_row full_width=&#8221;stretch_row_content&#8221; content_placement=&#8221;middle&#8221; parallax=&#8221;content-moving-fade&#8221; parallax_image=&#8221;3125&#8243; woodmart_bg_position=&#8221;center-center&#8221; css=&#8221;.vc_custom_1576190420019{padding-top: 70px !important;padding-bottom: 70px !important;}&#8221; mobile_bg_img_hidden=&#8221;no&#8221; tablet_bg_img_hidden=&#8221;no&#8221; woodmart_parallax=&#8221;0&#8243; woodmart_gradient_switch=&#8221;no&#8221; row_reverse_mobile=&#8221;0&#8243; row_reverse_tablet=&#8221;0&#8243; woodmart_disable_overflow=&#8221;0&#8243;][vc_column][vc_custom_heading text=&#8221;Precio: $550 USD&#8221; font_container=&#8221;tag:h1|font_size:36|text_align:center|color:%23ffffff&#8221; google_fonts=&#8221;font_family:Roboto%3A100%2C100italic%2C300%2C300italic%2Cregular%2Citalic%2C500%2C500italic%2C700%2C700italic%2C900%2C900italic|font_style:400%20regular%3A400%3Anormal&#8221; css=&#8221;.vc_custom_1645750029347{margin-top: 0px !important;margin-bottom: 0px !important;border-top-width: 0px !important;border-bottom-width: 0px !important;padding-top: 0px !important;padding-bottom: 0px !important;}&#8221;][vc_empty_space woodmart_hide_large=&#8221;0&#8243; woodmart_hide_medium=&#8221;0&#8243; woodmart_hide_small=&#8221;0&#8243; woodmart_hide_extra_small=&#8221;0&#8243;]<div id=\"wd-6218271168835\" class=\"woodmart-button-wrapper text-center\"><a href=\"https:\/\/www2.upcoglobal.com\/l\/675123\/2019-12-16\/43pkb\" title=\"\" class=\"btn btn-color-primary btn-style-default btn-shape-rectangle btn-size-default\" target=\"_blank\" rel=\"noopener\">Solicita Ahora<\/a><\/div>[vc_empty_space woodmart_hide_large=&#8221;0&#8243; woodmart_hide_medium=&#8221;0&#8243; woodmart_hide_small=&#8221;0&#8243; woodmart_hide_extra_small=&#8221;0&#8243;][\/vc_column][\/vc_row]<\/p>\n","protected":false},"excerpt":{"rendered":"<p>Su versatilidad y funcionalidad permiten a los usuarios que integran los <strong>departamento de operaciones <\/strong>poder realizar revisiones r\u00e1pidas de las condiciones del campo, reportes en solo segundos de las condiciones operacionales, as\u00ed como distribuir y asignar recursos.<\/p>\n<p>Para el <strong>departamento de optimizaci\u00f3n<\/strong>, XSPOC es una herramienta crucial, pues es la herramienta fundamental para revisar, hist\u00f3ricos de variables operacionales, validaci\u00f3n de producci\u00f3n y an\u00e1lisis tanto r\u00e1pido como detallado que permite determinar acciones optimizaci\u00f3n de producci\u00f3n y evaluar sus resultados.<\/p>\n","protected":false},"featured_media":3447,"template":"","meta":{"_exactmetrics_skip_tracking":false,"_exactmetrics_sitenote_active":false,"_exactmetrics_sitenote_note":"","_exactmetrics_sitenote_category":0},"product_brand":[],"product_cat":[69],"product_tag":[77],"class_list":{"0":"post-3168","1":"product","2":"type-product","3":"status-publish","4":"has-post-thumbnail","6":"product_cat-incompany-training","7":"product_tag-spanish","9":"first","10":"instock","11":"shipping-taxable","12":"product-type-external"},"_links":{"self":[{"href":"https:\/\/www.upcoglobal.com\/academy\/wp-json\/wp\/v2\/product\/3168","targetHints":{"allow":["GET"]}}],"collection":[{"href":"https:\/\/www.upcoglobal.com\/academy\/wp-json\/wp\/v2\/product"}],"about":[{"href":"https:\/\/www.upcoglobal.com\/academy\/wp-json\/wp\/v2\/types\/product"}],"wp:featuredmedia":[{"embeddable":true,"href":"https:\/\/www.upcoglobal.com\/academy\/wp-json\/wp\/v2\/media\/3447"}],"wp:attachment":[{"href":"https:\/\/www.upcoglobal.com\/academy\/wp-json\/wp\/v2\/media?parent=3168"}],"wp:term":[{"taxonomy":"product_brand","embeddable":true,"href":"https:\/\/www.upcoglobal.com\/academy\/wp-json\/wp\/v2\/product_brand?post=3168"},{"taxonomy":"product_cat","embeddable":true,"href":"https:\/\/www.upcoglobal.com\/academy\/wp-json\/wp\/v2\/product_cat?post=3168"},{"taxonomy":"product_tag","embeddable":true,"href":"https:\/\/www.upcoglobal.com\/academy\/wp-json\/wp\/v2\/product_tag?post=3168"}],"curies":[{"name":"wp","href":"https:\/\/api.w.org\/{rel}","templated":true}]}}