{"id":3257,"date":"2019-12-18T20:21:23","date_gmt":"2019-12-18T19:21:23","guid":{"rendered":"https:\/\/www.upcoglobal.com\/academy\/?post_type=product&#038;p=3257"},"modified":"2021-08-09T01:40:20","modified_gmt":"2021-08-08T23:40:20","slug":"acquisition-management-and-interpretation-of-field-data-fluid-levels-and-dynamometric-charts-in-company-english-spanish","status":"publish","type":"product","link":"https:\/\/www.upcoglobal.com\/academy\/product\/acquisition-management-and-interpretation-of-field-data-fluid-levels-and-dynamometric-charts-in-company-english-spanish\/","title":{"rendered":"Acquisition, Management and Interpretation of Field Data, (Fluid Levels and Dynamometric Charts) (English &#8211; Spanish)"},"content":{"rendered":"<p>[vc_row][vc_column][vc_column_text text_larger=&#8221;no&#8221;]<\/p>\n<h3><b>Main Objective<\/b><\/h3>\n<p>This training is focused on presenting to the analysts of production and optimization of wells, the modern techniques of acquisition and interpretation of fluid levels with the use of the Echometer System, which includes the well analyzer, acoustic devices, pressure sensors, as well like the TAM software. This is so that the participants assimilate this system as a diagnostic tool in their well monitoring and identification activities, and in this way they are able to increase the efficiency of the survey system and reduce operating costs.<\/p>\n<h3><b>Specific <\/b>Objetives<\/h3>\n<ul>\n<li>Understand the type of TAM software for data acquisition.<\/li>\n<li>Understand the introduction of data from the mechanical diagram of a new well in the TAM software.<\/li>\n<li>Understand the data of an existing well in the TAM software.<\/li>\n<li>Understand the acquisition of data, analysis and interpretation of fluid levels and dynamics chart with the TAM software.<\/li>\n<\/ul>\n<h3><b>Who shoul attend<\/b><\/h3>\n<ul>\n<li>Petroleum Engineers<\/li>\n<li>Production Engineers<\/li>\n<li>Optimization Engineers<\/li>\n<li>Engineers or Technicians of Operation of Oil Fields<\/li>\n<\/ul>\n<div id=\"gtx-trans\" style=\"position: absolute; left: 21px; top: 382px;\">\n<div class=\"gtx-trans-icon\"><\/div>\n<\/div>\n<p>[\/vc_column_text][\/vc_column][\/vc_row][vc_row][vc_column][vc_tta_accordion active_section=&#8221;1&#8243; collapsible_all=&#8221;true&#8221; title=&#8221;CONTENT&#8221;][vc_tta_section title=&#8221;DAY 1&#8243; tab_id=&#8221;1576182437238-f99683ea-9758&#8243;][vc_column_text text_larger=&#8221;no&#8221;]<\/p>\n<ul>\n<li>Evaluation at the beginning of the course.<\/li>\n<\/ul>\n<p><b>REVIEW OF FOUNDATIONS<\/b><\/p>\n<ul>\n<li>Tension and Pressure.<\/li>\n<li>Job<\/li>\n<li>Power<\/li>\n<li>Energy<\/li>\n<li>Torque and Moment.<\/li>\n<\/ul>\n<p><b>MECHANICAL PUMPING SYSTEM.<\/b><\/p>\n<ul>\n<li>Surface Equipment<\/li>\n<li>Pumping Units.<\/li>\n<li>Unit design.<\/li>\n<li>Nomenclature of the pumping unit.<\/li>\n<li>Team of Background.<\/li>\n<\/ul>\n<p><b>GENERALITIES OF THE WELL ANALYZER APPLICATIONS<\/b><\/p>\n<ul>\n<li>Acoustic Records in Wells<\/li>\n<li>Temporary Pressure Testing<\/li>\n<li>Liquid Level Monitoring<\/li>\n<\/ul>\n<p><b>GENERALITIES ABOUT USED PROGRAMS WITH THE Well Analyzer<\/b><\/p>\n<ul>\n<li>The File System<\/li>\n<li>Well Groups in the TAM Archive<\/li>\n<li>Well Base Files and Data Files<\/li>\n<li>Transfer of Data Files to other Computers.<\/li>\n<\/ul>\n<p>[\/vc_column_text][\/vc_tta_section][vc_tta_section title=&#8221;DAY 2&#8243; tab_id=&#8221;1576182511098-e5cce5b9-eadb&#8221;][vc_column_text text_larger=&#8221;no&#8221;]<\/p>\n<ul>\n<li>TOTAL ASSENT MONITOR (TAM)<\/li>\n<li>TAM Program Management<\/li>\n<li>Initialization Screens<\/li>\n<li>Section Equipment Check<\/li>\n<li>Section Acoustic Sensor &#8211; BHP Acoustic Measures<\/li>\n<li>ECHOMETER MEASUREMENT EQUIPMENT.<\/li>\n<li>Conventional dynamometers.<\/li>\n<li>Digital dynamometers<\/li>\n<li>Dispositives acoustic<\/li>\n<li>Digital pressure transducers.<\/li>\n<\/ul>\n<p><b>CONFIGURATION FOR THE WELL ACOUSTIC STUDY<\/b><\/p>\n<ul>\n<li>Summary of Operating Instructions<\/li>\n<li>System configuration<\/li>\n<li>Equipment Description<\/li>\n<li>Computer<\/li>\n<li>Well Analyzer<\/li>\n<li>Use of Remotely Shot Gas Gun (WG)<\/li>\n<li>Solenoid and Gas Valve<\/li>\n<li>Pressure transducer<\/li>\n<li>How to Charge the Gas Chamber<\/li>\n<li>Connecting the Gun to the Well<\/li>\n<li>How to Use the Compact Gas Gun<\/li>\n<li>Explosion Pulse<\/li>\n<li>Implosion Pulse<\/li>\n<li>How to Use the High Pressure Gas Gun<\/li>\n<li>Equipment Operation and Maintenance<\/li>\n<li>Mechanical and Electrical Connections<\/li>\n<li>Help Videos for the Maintenance of Gas Guns<\/li>\n<\/ul>\n<p>[\/vc_column_text][\/vc_tta_section][vc_tta_section title=&#8221;DAY 3&#8243; tab_id=&#8221;1576182763896-4bac892d-6549&#8243;][vc_column_text text_larger=&#8221;no&#8221;]<b>ACOUSTIC MEASUREMENT OF THE FLUID LEVEL.<\/b><\/p>\n<ul>\n<li>Traditional measurement. Neck count and acoustic velocity calculation.<\/li>\n<li>Preliminary data required.<\/li>\n<li>Data generated on site. real time<\/li>\n<li>Acoustic velocity measurement<\/li>\n<li>Measurement of fluid level.<\/li>\n<li>Factors that affect the quality of fluid level measurements.<\/li>\n<li>Interpretation of fluid level data.<\/li>\n<li>Pressure restoration of the annular-casing well.<\/li>\n<li>Effects of the presence of gas in the ring on the density of the liquid column.<\/li>\n<li>Determination of background pressures.<\/li>\n<li>Determination of the potential of the well.<\/li>\n<\/ul>\n<p><b>PROGRAM FOR ACOUSTIC RECORDS OF LEVEL AND CALCULATION OF PRESSURES INSIDE THE WELL.<\/b><\/p>\n<ul>\n<li>Acquisition and Quality Control of Acoustic Records<\/li>\n<li>Analysis of the Level Record and Pressure Calculation in the Well<\/li>\n<li>Depth Determination Section<\/li>\n<li>Tube Counting Section (Collars)<\/li>\n<li>Filtering Options<\/li>\n<li>Casing Pressure Section<\/li>\n<li>Manual Analysis<\/li>\n<li>Bottomhole Pressure Section (BHP)<\/li>\n<li>Static Background Pressure (SBHP)<\/li>\n<li>Calculation of SBHP After the Acquisition of the Registry<\/li>\n<li>Special Processing of Acoustic Data<\/li>\n<li>Shallow Liquid Level<\/li>\n<li>Very Shallow Fluid Level<\/li>\n<li>Special Processing: Velocity Input<\/li>\n<li>Specify Downhole Marker<\/li>\n<li>(Specify Downhole Marker<\/li>\n<li>Deviated Wells<\/li>\n<li>Results Reports<\/li>\n<li>Acoustic Report Printing<\/li>\n<li>Summary Report Printing Prepared with MS Word<\/li>\n<li>Quality Control of Records<\/li>\n<li>Liquid Level Detection<\/li>\n<li>Selection of the Echo Frequency of the Pipe Joints<\/li>\n<li>Well Bottom Pressure Calculation<\/li>\n<li>Gaseous Liquid Columns<\/li>\n<li>Example of Records in Typical Wells<\/li>\n<li>Average Well<\/li>\n<\/ul>\n<div id=\"gtx-trans\" style=\"position: absolute; left: 341px; top: 382px;\">\n<div class=\"gtx-trans-icon\"><\/div>\n<\/div>\n<p>[\/vc_column_text][\/vc_tta_section][vc_tta_section title=&#8221;DAY 4&#8243; tab_id=&#8221;1576182798537-da815ba4-6578&#8243;][vc_column_text text_larger=&#8221;no&#8221;]<b>DYNAMOMETRIC MEASUREMENTS.<\/b><\/p>\n<ul>\n<li>Dynamometer principle.<\/li>\n<li>Basic types of dynamometers.<\/li>\n<li>The use of the dynamometer.<\/li>\n<li>Registering the dynamic letter.<\/li>\n<li>Pumping cycle.<\/li>\n<li>Preliminary data required.<\/li>\n<li>Data generated on site. real time.<\/li>\n<li>Procedure for dynamometric measurements, fixed and traveling valve tests.<\/li>\n<li>Procedure for dynamometric measurements, counterbalance effect.<\/li>\n<li>Well stabilization and appropriate selection of the dynamics chart for optimization.<\/li>\n<li>Importance and accuracy of field measurements.<\/li>\n<li>Importance of good knowledge of the history of the well, behaviors and previous system states.<\/li>\n<li>Comparing dynamometric measurements with inferred well production.<\/li>\n<li>Cartas b\u00e1sicas de la medici\u00f3n dinamom\u00e9trica.<\/li>\n<li>Chequeo de las cargas en la v\u00e1lvula viajera.<\/li>\n<li>C\u00e1lculos del escurrimiento a trav\u00e9s del chequeo de v\u00e1lvulas viajera.<\/li>\n<li>Ejemplo del c\u00e1lculo del escurrimiento de la bomba<\/li>\n<li>Chequeo de V\u00e1lvula Fija<\/li>\n<li>Longitud de la Carrera y Emboladas por Minuto, spm.<\/li>\n<li>Carta Dinagr\u00e1fica de Fondo.<\/li>\n<li>Ajuste de L\u00edneas para Separar Fricci\u00f3n de Carga de Fluido Real.<\/li>\n<li>Acci\u00f3n de la V\u00e1lvula como Funci\u00f3n de la Presi\u00f3n del Barril de la Bomba.<\/li>\n<li>Longitud de Embolada \u201cAparente\u201d Vs. \u201cEfectiva\u201d<\/li>\n<li>C\u00e1lculo de Presi\u00f3n de entrada a la Bomba y Nivel de Fluido.<\/li>\n<\/ul>\n<p><b>DYNAMOMETRIC \u00a0ANALYSIS.<\/b><\/p>\n<ul>\n<li>Surface dynamometer chart.<\/li>\n<li>Basic charges.<\/li>\n<li>Basic charts of dynamometric measurement.<\/li>\n<li>Checking the loads on the traveling valve.<\/li>\n<li>Runoff calculations through traveler valve check.<\/li>\n<li>Example of pump runoff calculation<\/li>\n<li>Fixed Valve Check<\/li>\n<li>Length of the Race and Emboladas per Minute, spm.<\/li>\n<li>Background Dynamics Chart.<\/li>\n<li>Line Adjustment to Separate Real Fluid Load Friction.<\/li>\n<li>Valve Action as a Function of the Pump Barrel Pressure.<\/li>\n<li>Embolada Length \u201cApparent\u201d Vs. \u201cEffective\u201d<\/li>\n<li>Calculation of pump inlet pressure and fluid level.<\/li>\n<\/ul>\n<p><b>INTERPRETATION OF DIAGRAPHIC LETTERS<\/b><\/p>\n<ul>\n<li>Detailed explanation of the shapes of the background dynamic letters.<\/li>\n<li>Gas interference.<\/li>\n<li>Fluid stroke.<\/li>\n<li>Leakage in Traveling Valve or Piston.<\/li>\n<li>Leak in the Fixed Valve.<\/li>\n<li>Pipeline Not Anchored.<\/li>\n<li>Pipe Anchor Malfunctioning.<\/li>\n<li>Piston Knocking Down.<\/li>\n<li>Pump barrel bent or sticking.<\/li>\n<li>Barrel of the Worn or Split Pump.<\/li>\n<li>High Acceleration of Fluid (Fluid Inertia).<\/li>\n<li>Combination of two or more pump problems<\/li>\n<\/ul>\n<p>[\/vc_column_text][\/vc_tta_section][vc_tta_section title=&#8221;DAY 5&#8243; tab_id=&#8221;1576182828927-bbb3a5b8-4b67&#8243;][vc_column_text text_larger=&#8221;no&#8221;]<b>SAFE FIELD PRACTICES (PROCEDURES).<\/b><\/p>\n<ul>\n<li>Procedure for acoustic measurements of fluid level. Dynamic and static<\/li>\n<li>Procedure for dynamometric measurements with a load cell of 30k lbs.<\/li>\n<li>Procedure for dynamometric measurements with polished bar load transducer.<\/li>\n<\/ul>\n<p><b>FIELD PRACTICES TO ENSURE KNOWLEDGE AND APPROPRIATE TECHNIQUES OF DYNAMOMETRIC MEASUREMENTS AND FLUID LEVEL.<\/b><\/p>\n<p><b>INTERPRETATION OF FIELD RESULTS. REAL WELLS.<\/b><\/p>\n<p><b>PREVENTIVE MAINTENANCE PROGRAM.<\/b><\/p>\n<p><b>Maintenance of manual and automatic acoustic guns ECHOMETER.<\/b><\/p>\n<p><b>Calibration check of pressure sensors.<\/b><\/p>\n<ul>\n<li>Check cables and connections.<\/li>\n<li>Communication Check of the Well Analyzer and Internal Battery.<\/li>\n<li><b>Evaluation after the course<\/b><\/li>\n<\/ul>\n<p>[\/vc_column_text][\/vc_tta_section][\/vc_tta_accordion][\/vc_column][\/vc_row][vc_row][vc_column][vc_column_text text_larger=&#8221;no&#8221;]<\/p>\n<h3><b>Added Value of the knowledge acquired and in the course<\/b><\/h3>\n<ul>\n<li>Improve the technical capacity of the Well Optimization Engineer.<\/li>\n<li>Optimize the times of taking and analyzing the information.<\/li>\n<li>Improve the diagnostic capability captured by the TAM Software<\/li>\n<li>To improve the capacity of Diagnostic Design and forecast of the behavior of the well with system of lifting by Mechanical Pumping and pumping by Progressive cavities. INSTRUCTOR.<\/li>\n<\/ul>\n<p>[\/vc_column_text][\/vc_column][\/vc_row][vc_row full_width=&#8221;stretch_row_content&#8221; content_placement=&#8221;middle&#8221; parallax=&#8221;content-moving-fade&#8221; parallax_image=&#8221;3125&#8243; woodmart_bg_position=&#8221;center-center&#8221; css=&#8221;.vc_custom_1576190420019{padding-top: 70px !important;padding-bottom: 70px !important;}&#8221; mobile_bg_img_hidden=&#8221;no&#8221; tablet_bg_img_hidden=&#8221;no&#8221; woodmart_parallax=&#8221;0&#8243; woodmart_gradient_switch=&#8221;no&#8221; row_reverse_mobile=&#8221;0&#8243; row_reverse_tablet=&#8221;0&#8243; woodmart_disable_overflow=&#8221;0&#8243;][vc_column][vc_custom_heading text=&#8221;Request this training now&#8221; font_container=&#8221;tag:h1|font_size:36|text_align:center|color:%23ffffff&#8221; google_fonts=&#8221;font_family:Roboto%3A100%2C100italic%2C300%2C300italic%2Cregular%2Citalic%2C500%2C500italic%2C700%2C700italic%2C900%2C900italic|font_style:400%20regular%3A400%3Anormal&#8221; css=&#8221;.vc_custom_1576187873359{margin-top: 0px !important;margin-bottom: 0px !important;border-top-width: 0px !important;border-bottom-width: 0px !important;padding-top: 0px !important;padding-bottom: 0px !important;}&#8221;][vc_empty_space woodmart_hide_large=&#8221;0&#8243; woodmart_hide_medium=&#8221;0&#8243; woodmart_hide_small=&#8221;0&#8243; woodmart_hide_extra_small=&#8221;0&#8243;]<div id=\"wd-5dfb71008d7a1\" class=\"woodmart-button-wrapper text-center\"><a href=\"http:\/\/www2.upcoglobal.com\/Acquisition-Management-and-Interpretation-of-Field-Data\" title=\"\" target=\"_blank\" class=\"btn btn-color-primary btn-style-default btn-shape-rectangle btn-size-default\" rel=\"noopener\">Request now<\/a><\/div>[vc_empty_space woodmart_hide_large=&#8221;0&#8243; woodmart_hide_medium=&#8221;0&#8243; woodmart_hide_small=&#8221;0&#8243; woodmart_hide_extra_small=&#8221;0&#8243;][\/vc_column][\/vc_row][vc_row][vc_column][\/vc_column][\/vc_row]<\/p>\n","protected":false},"excerpt":{"rendered":"<p>All artificial lift systems have certain limitations in their operation, representing large operational expenses for companies when correcting or mitigating the failures presented.<\/p>\n<p>Due to this, the need has arisen to resort to equipment and software, through which we can obtain relevant data that allow us to know the current state of the well, as is the case of the Echometer Team and its TWM well analysis software (Total Well Management) and the new data acquisition and analysis software TAM (Total Asset Monitor)<\/p>\n<p>The acquisition of data of dynamic and static fluid levels and calculations of bottom pressures in oil and gas wells, are a fundamental part of the daily activity to know the operating status of the wells.<\/p>\n<p>Using the Echometer technology for the measurement of fluid levels and the calculation of background pressures, the current condition of the well can be diagnosed, it is possible to know if the system is optimized or not and once the problems are identified, give solutions and recommendations to improve productivity and reduce operational costs.<\/p>\n<p><b>Available in English and Spanish<\/b><\/p>\n","protected":false},"featured_media":3259,"template":"","meta":{"_exactmetrics_skip_tracking":false,"_exactmetrics_sitenote_active":false,"_exactmetrics_sitenote_note":"","_exactmetrics_sitenote_category":0},"product_brand":[],"product_cat":[69],"product_tag":[76,77],"class_list":{"0":"post-3257","1":"product","2":"type-product","3":"status-publish","4":"has-post-thumbnail","6":"product_cat-incompany-training","7":"product_tag-english","8":"product_tag-spanish","10":"first","11":"instock","12":"shipping-taxable","13":"product-type-external"},"_links":{"self":[{"href":"https:\/\/www.upcoglobal.com\/academy\/wp-json\/wp\/v2\/product\/3257","targetHints":{"allow":["GET"]}}],"collection":[{"href":"https:\/\/www.upcoglobal.com\/academy\/wp-json\/wp\/v2\/product"}],"about":[{"href":"https:\/\/www.upcoglobal.com\/academy\/wp-json\/wp\/v2\/types\/product"}],"wp:featuredmedia":[{"embeddable":true,"href":"https:\/\/www.upcoglobal.com\/academy\/wp-json\/wp\/v2\/media\/3259"}],"wp:attachment":[{"href":"https:\/\/www.upcoglobal.com\/academy\/wp-json\/wp\/v2\/media?parent=3257"}],"wp:term":[{"taxonomy":"product_brand","embeddable":true,"href":"https:\/\/www.upcoglobal.com\/academy\/wp-json\/wp\/v2\/product_brand?post=3257"},{"taxonomy":"product_cat","embeddable":true,"href":"https:\/\/www.upcoglobal.com\/academy\/wp-json\/wp\/v2\/product_cat?post=3257"},{"taxonomy":"product_tag","embeddable":true,"href":"https:\/\/www.upcoglobal.com\/academy\/wp-json\/wp\/v2\/product_tag?post=3257"}],"curies":[{"name":"wp","href":"https:\/\/api.w.org\/{rel}","templated":true}]}}