{"id":3260,"date":"2019-12-18T20:53:38","date_gmt":"2019-12-18T19:53:38","guid":{"rendered":"https:\/\/www.upcoglobal.com\/academy\/?post_type=product&#038;p=3260"},"modified":"2022-04-29T00:05:22","modified_gmt":"2022-04-28T22:05:22","slug":"optimizacion-de-bombeo-mecanico-suite-rodstar-xdiag-xbal","status":"publish","type":"product","link":"https:\/\/www.upcoglobal.com\/academy\/product\/optimizacion-de-bombeo-mecanico-suite-rodstar-xdiag-xbal\/","title":{"rendered":"Optimizaci\u00f3n de Bombeo Mec\u00e1nico Suite RODSTAR, XDIAG, XBAL"},"content":{"rendered":"<p>[vc_row][vc_column width=&#8221;2\/3&#8243;][vc_column_text text_larger=&#8221;no&#8221;]<\/p>\n<h3><b>Objetivo General<\/b><\/h3>\n<p>Este curso presenta al usuario la poderosa y eficaz herramienta integrada que nos brinda la empresa l\u00edder en optimizaci\u00f3n de sistemas de bombeo mec\u00e1nico; como lo es Theta Oil Services, por medio de la integraci\u00f3n bajo el ambiente especializado con los software: RODSTAR, XDIAG, XBAL y XTOOLS.\u00a0 De igual manera se exponen los principios b\u00e1sicos que describen el funcionamiento del m\u00e9todo como sistema de levantamiento artificial para la extracci\u00f3n de petr\u00f3leo; Donde el Ingeniero podr\u00e1 dise\u00f1ar sistemas nuevos, evaluar pozos existentes y predecir el comportamiento futuro determinando el \u00edndice de productividad de los pozos a trav\u00e9s de an\u00e1lisis sofisticados de curvas IPR e identificar los pozos candidatos a optimizaci\u00f3n.<\/p>\n<h3><b>Objetivo\u00a0<\/b>Espec\u00edficos<\/h3>\n<ul>\n<li>Caracteriza r\u00e1pido y preciso, adem\u00e1s de proporcionar soporte en el balanceo de unidades de bombeo mec\u00e1nico con el software XBAL.<\/li>\n<li>Dispone un m\u00e9todo de tecnolog\u00eda de reconocimiento de patrones que proporciona soporte en el Diagn\u00f3stico general del sistema a trav\u00e9s de modelos matem\u00e1ticos como lo es la ecuaci\u00f3n de onda, para \u00a0sistema de bombeo mec\u00e1nico con el software XDIAG.<\/li>\n<li>Software XTOOLS es el complemento de RODSTAR, XROD y XDIAG, proporciona soporte en el programa especializado para el c\u00e1lculo y dise\u00f1o variables de bombeo mec\u00e1nico.<\/li>\n<li>Nos provee soporte en el dise\u00f1o y optimizaci\u00f3n es un software predictivo capaz de dise\u00f1ar sartas de varillas de manera autom\u00e1tica en unidades de bombeo mec\u00e1nico para pozos vertical y desviado con el software RODSTAR.<\/li>\n<\/ul>\n<h3><b>A qui\u00e9n va dirigido<\/b><\/h3>\n<ul>\n<li>Ingenieros de Petr\u00f3leo<\/li>\n<li>Ingenieros de Producci\u00f3n<\/li>\n<li>Ingenieros de Optimizaci\u00f3n<\/li>\n<li>Ingenieros o T\u00e9cnicos de Operaci\u00f3n de Campos petroleros<\/li>\n<\/ul>\n<p>[\/vc_column_text][\/vc_column][vc_column width=&#8221;1\/3&#8243; mobile_bg_img_hidden=&#8221;no&#8221; tablet_bg_img_hidden=&#8221;no&#8221; woodmart_parallax=&#8221;0&#8243; woodmart_sticky_column=&#8221;false&#8221; parallax_scroll=&#8221;no&#8221; mobile_reset_margin=&#8221;no&#8221; tablet_reset_margin=&#8221;no&#8221;][vc_column_text text_larger=&#8221;no&#8221;]<\/p>\n<h4><b>Fechas disponibles<\/b><\/h4>\n<p>[\/vc_column_text]<div id=\"wd-6255a0a2d3129\" class=\"woodmart-button-wrapper text-center inline-element\"><a href=\"https:\/\/www2.upcoglobal.com\/l\/675123\/2019-12-18\/45246i\" title=\"\" class=\"btn btn-scheme-light btn-scheme-hover-light btn-style-default btn-shape-rectangle btn-size-default\" target=\"_blank\" rel=\"noopener\">Abr 26<\/a><\/div><div id=\"wd-62181b43b618e\" class=\"woodmart-button-wrapper text-center inline-element\"><a href=\"https:\/\/www2.upcoglobal.com\/l\/675123\/2019-12-18\/45246i\" title=\"\" class=\"btn btn-scheme-dark btn-scheme-hover-light btn-style-bordered btn-shape-rectangle btn-size-default\" target=\"_blank\" rel=\"noopener\">May 9<\/a><\/div><div id=\"wd-62181b58e55f0\" class=\"woodmart-button-wrapper text-center inline-element\"><a href=\"https:\/\/www2.upcoglobal.com\/l\/675123\/2019-12-18\/45246i\" title=\"\" class=\"btn btn-scheme-dark btn-scheme-hover-light btn-style-bordered btn-shape-rectangle btn-size-default\" target=\"_blank\" rel=\"noopener\">Ago 22<\/a><\/div><div id=\"wd-62181b62177c5\" class=\"woodmart-button-wrapper text-center inline-element\"><a href=\"https:\/\/www2.upcoglobal.com\/l\/675123\/2019-12-18\/45246i\" title=\"\" class=\"btn btn-scheme-dark btn-scheme-hover-light btn-style-bordered btn-shape-rectangle btn-size-default\" target=\"_blank\" rel=\"noopener\">Nov 7<\/a><\/div>[\/vc_column][vc_column][\/vc_column][\/vc_row][vc_row][vc_column][\/vc_column][\/vc_row][vc_row][vc_column width=&#8221;2\/3&#8243;][vc_column_text text_larger=&#8221;no&#8221;]<\/p>\n<h3><b>Objetivo General<\/b><\/h3>\n<p>Este curso presenta al usuario la poderosa y eficaz herramienta integrada que nos brinda la empresa l\u00edder en optimizaci\u00f3n de sistemas de bombeo mec\u00e1nico; como lo es Theta Oil Services, por medio de la integraci\u00f3n bajo el ambiente especializado con los software: RODSTAR, XDIAG, XBAL y XTOOLS.\u00a0 De igual manera se exponen los principios b\u00e1sicos que describen el funcionamiento del m\u00e9todo como sistema de levantamiento artificial para la extracci\u00f3n de petr\u00f3leo; Donde el Ingeniero podr\u00e1 dise\u00f1ar sistemas nuevos, evaluar pozos existentes y predecir el comportamiento futuro determinando el \u00edndice de productividad de los pozos a trav\u00e9s de an\u00e1lisis sofisticados de curvas IPR e identificar los pozos candidatos a optimizaci\u00f3n.<\/p>\n<h3><b>Objetivo\u00a0<\/b>Espec\u00edficos<\/h3>\n<ul>\n<li>Caracteriza r\u00e1pido y preciso, adem\u00e1s de proporcionar soporte en el balanceo de unidades de bombeo mec\u00e1nico con el software XBAL.<\/li>\n<li>Dispone un m\u00e9todo de tecnolog\u00eda de reconocimiento de patrones que proporciona soporte en el Diagn\u00f3stico general del sistema a trav\u00e9s de modelos matem\u00e1ticos como lo es la ecuaci\u00f3n de onda, para \u00a0sistema de bombeo mec\u00e1nico con el software XDIAG.<\/li>\n<li>Software XTOOLS es el complemento de RODSTAR, XROD y XDIAG, proporciona soporte en el programa especializado para el c\u00e1lculo y dise\u00f1o variables de bombeo mec\u00e1nico.<\/li>\n<li>Nos provee soporte en el dise\u00f1o y optimizaci\u00f3n es un software predictivo capaz de dise\u00f1ar sartas de varillas de manera autom\u00e1tica en unidades de bombeo mec\u00e1nico para pozos vertical y desviado con el software RODSTAR.<\/li>\n<\/ul>\n<h3><b>A qui\u00e9n va dirigido<\/b><\/h3>\n<ul>\n<li>Ingenieros de Petr\u00f3leo<\/li>\n<li>Ingenieros de Producci\u00f3n<\/li>\n<li>Ingenieros de Optimizaci\u00f3n<\/li>\n<li>Ingenieros o T\u00e9cnicos de Operaci\u00f3n de Campos petroleros<\/li>\n<\/ul>\n<p>[\/vc_column_text][\/vc_column][\/vc_row][vc_row][vc_column][vc_tta_accordion active_section=&#8221;1&#8243; collapsible_all=&#8221;true&#8221; title=&#8221;Contenido Program\u00e1tico&#8221;][vc_tta_section title=&#8221;D\u00eda 1&#8243; tab_id=&#8221;1576182437238-f99683ea-9758&#8243;][vc_column_text text_larger=&#8221;no&#8221;]<\/p>\n<ul>\n<li><b>Evaluaci\u00f3n al inicio del curso.<\/b><\/li>\n<\/ul>\n<p>INTRODUCCION:<\/p>\n<ul>\n<li>Introducci\u00f3n al Bombeo con balanc\u00edn<\/li>\n<li>M\u00e9todos de levantamiento artificial. Bombeo.<\/li>\n<li>Caracter\u00edsticas b\u00e1sicas del bombeo con balanc\u00edn<\/li>\n<li>Importancia de la dinamometr\u00eda.<\/li>\n<\/ul>\n<p>BOMBA DE SUBSUELO.<\/p>\n<ul>\n<li>Bombas de desplazamiento positivo. Definici\u00f3n, caracter\u00edsticas y principio de funcionamiento.<\/li>\n<li>Bombas de subsuelo.<\/li>\n<li>Componentes.<\/li>\n<li>Breve descripci\u00f3n\u00a0bombas API.<\/li>\n<li>Acci\u00f3n de las v\u00e1lvulas.<\/li>\n<li>Acci\u00f3n de las v\u00e1lvulas y cargas de fluido.<\/li>\n<li>Descripci\u00f3n detallada del ciclo de bombeo.<\/li>\n<\/ul>\n<p>SISTEMA DE BOMBEO MEC\u00c1NICO.<\/p>\n<ul>\n<li style=\"list-style-type: none;\">\n<ul>\n<li>Equipo de Superficie.<\/li>\n<li>Unidades de Bombeo.<\/li>\n<li>Dise\u00f1o de la Unidad.<\/li>\n<li>Nomenclatura de la Unidad de bombeo.<\/li>\n<li>Equipo de Fondo.<\/li>\n<\/ul>\n<\/li>\n<\/ul>\n<p>[\/vc_column_text][\/vc_tta_section][vc_tta_section title=&#8221;D\u00eda 2&#8243; tab_id=&#8221;1576182511098-e5cce5b9-eadb&#8221;][vc_column_text text_larger=&#8221;no&#8221;]PRINCIPIOS DINAMOM\u00c9TRICOS.<\/p>\n<ul>\n<li>El sistema dinamom\u00e9trico.<\/li>\n<li>Tipos b\u00e1sicos de dinam\u00f3metro.<\/li>\n<li>El uso de Dinam\u00f3metros de barra pulida.<\/li>\n<li>Uso del dinam\u00f3metro como una herramienta de diagn\u00f3stico.<\/li>\n<li>Chequeo de V\u00e1lvula fija.<\/li>\n<li>C\u00e1lculo del escurrimiento en la v\u00e1lvula viajera o pist\u00f3n de la bomba.<\/li>\n<li>Chequeo de la v\u00e1lvula fija.<\/li>\n<li>Medici\u00f3n del efecto de contrabalancee.<\/li>\n<li>Interpretaci\u00f3n de cartas Dinagr\u00e1ficas<\/li>\n<li>Cargas en la Unidad de bombeo.<\/li>\n<li>An\u00e1lisis de cartas Dinagr\u00e1ficas,<\/li>\n<\/ul>\n<p>[\/vc_column_text][\/vc_tta_section][vc_tta_section title=&#8221;D\u00eda 3&#8243; tab_id=&#8221;1576182763896-4bac892d-6549&#8243;][vc_column_text text_larger=&#8221;no&#8221;]MEDICIONES DINAMOM\u00c9TRICAS.<\/p>\n<ul>\n<li>Principio Dinam\u00f3metro.<\/li>\n<li>Tipos b\u00e1sicos de dinam\u00f3metros.<\/li>\n<li>El uso del dinam\u00f3metro.<\/li>\n<li>Registrando la carta dinagr\u00e1fica.<\/li>\n<li>Ciclo de bombeo.<\/li>\n<li>Datos preliminares requeridos.<\/li>\n<li>Datos generados en sitio. tiempo real.<\/li>\n<li>Procedimiento para mediciones dinamom\u00e9tricas, pruebas de v\u00e1lvulas fija y viajera.<\/li>\n<li>Procedimiento para mediciones dinamom\u00e9tricas, efecto de contrabalance.<\/li>\n<li>Estabilizaci\u00f3n del pozo y selecci\u00f3n apropiada de la carta Dinagr\u00e1ficas para la optimizaci\u00f3n.<\/li>\n<li>Importancia y exactitud de las mediciones de campo.<\/li>\n<li>Importancia del buen conocimiento de la historia del pozo, comportamientos y estados del sistema anteriores.<\/li>\n<li>Comparando las mediciones dinamom\u00e9tricas con la producci\u00f3n inferida del pozo.<\/li>\n<\/ul>\n<p>&nbsp;<\/p>\n<p>AN\u00c1LISIS DINAMOM\u00c9TRICO.<\/p>\n<ul>\n<li>Carta dinamom\u00e9trica de superficie.<\/li>\n<li>Cargas b\u00e1sicas.<\/li>\n<li>Cartas b\u00e1sicas de la medici\u00f3n dinamom\u00e9trica.<\/li>\n<li>Chequeo de las cargas en la v\u00e1lvula viajera.<\/li>\n<li>C\u00e1lculos del escurrimiento a trav\u00e9s del chequeo de v\u00e1lvulas viajera.<\/li>\n<li>Ejemplo del c\u00e1lculo del escurrimiento de la bomba<\/li>\n<li>Chequeo de V\u00e1lvula Fija<\/li>\n<li>Longitud de la Carrera y Emboladas por Minuto, spm.<\/li>\n<li>Carta Dinagr\u00e1fica de Fondo.<\/li>\n<li>Ajuste de L\u00edneas para Separar Fricci\u00f3n de Carga de Fluido Real.<\/li>\n<li>Acci\u00f3n de la V\u00e1lvula como Funci\u00f3n de la Presi\u00f3n del Barril de la Bomba.<\/li>\n<li>Longitud de Embolada \u201cAparente\u201d Vs. \u201cEfectiva\u201d<\/li>\n<li>C\u00e1lculo de Presi\u00f3n de entrada a la Bomba y Nivel de Fluido.<\/li>\n<\/ul>\n<p>[\/vc_column_text][\/vc_tta_section][vc_tta_section title=&#8221;D\u00eda 4&#8243; tab_id=&#8221;1576182798537-da815ba4-6578&#8243;][vc_column_text text_larger=&#8221;no&#8221;]AN\u00c1LISIS DIAGN\u00d3STICO.<\/p>\n<ul>\n<li>An\u00e1lisis de cartas Dinagr\u00e1ficas.<\/li>\n<li>Explicaci\u00f3n detallada de la forma de las cartas Dinagr\u00e1ficas.<\/li>\n<li>Interferencia por gas<\/li>\n<li>Golpe de fluido<\/li>\n<li>Fuga en la v\u00e1lvula viajera o el pist\u00f3n<\/li>\n<li>Fuga en la v\u00e1lvula fijo<\/li>\n<li>Tuber\u00eda desanclada<\/li>\n<li>Mal funci\u00f3n del ancla de tuber\u00eda<\/li>\n<li>Golpe de bomba en la carrera descendente<\/li>\n<li>Barril de la bomba colapsado (Abollado)-pist\u00f3n atascado<\/li>\n<li>Barril de la bomba desgastado o rajado<\/li>\n<li>Altas aceleraciones de fluido (Inercia de fluido)<\/li>\n<\/ul>\n<p>[\/vc_column_text][\/vc_tta_section][vc_tta_section title=&#8221;D\u00eda 5&#8243; tab_id=&#8221;1576656320905-98c51477-a25a&#8221;][vc_column_text text_larger=&#8221;no&#8221;]Requerimientos del sistema.<\/p>\n<ul>\n<li>Dise\u00f1o De Sistemas De Bombeo Mec\u00e1nico.<\/li>\n<li>Dise\u00f1o del Sistema. Ensayo y Error.<\/li>\n<li>M\u00e9todo de Dise\u00f1o API RP11L.<\/li>\n<li>Dise\u00f1o del Sistema RODSTAR.<\/li>\n<li>An\u00e1lisis Kinem\u00e1tico De Las Unidades De Bombeo.<\/li>\n<li>Dise\u00f1o de cabillas de acero RODSTAR.<\/li>\n<li>RODSTAR-D para simular sistemas de bombeo en pozos desviados.<\/li>\n<li>Ejemplos pr\u00e1cticos, Ejercicios de Optimizaci\u00f3n de Dise\u00f1o.<\/li>\n<li>Balanceando la unidad de bombeo con XBAL.<\/li>\n<li>XBAL vs. Balanceo con Medici\u00f3n Amperim\u00e9trica.<\/li>\n<li>An\u00e1lisis De Torque. Momento M\u00e1ximo De Contrabalanceo.<\/li>\n<li>XDIAG un programa de diagn\u00f3stico experto.<\/li>\n<li>XDIAG: an\u00e1lisis diagn\u00f3stico por medio de la ecuaci\u00f3n de onda.<\/li>\n<li>Ejemplos pr\u00e1cticos, Ejercicios de Diagn\u00f3stico mediante la Ecuaci\u00f3n de ONDA.<\/li>\n<li>XTOOL nuevo programa con cuatro m\u00f3dulos software que complementa a RODSTAR y<\/li>\n<li>C\u00e1lculo de los Strokes por minuto.<\/li>\n<li>Dimensionamiento de la polea del motor.<\/li>\n<li>Dise\u00f1o del ancla de gas.<\/li>\n<li>Calculo del ancla de tuber\u00eda.<\/li>\n<li>El Proceso de Siete Pasos de Optimizaci\u00f3n.<\/li>\n<li>Lo Nuevo en Theta Oilfield Services.<\/li>\n<li>RODSTAR-D.<\/li>\n<li>XROD-V.<\/li>\n<li>Inteligencia artificial &#8211; Dise\u00f1o autom\u00e1tico con XROD-V<\/li>\n<\/ul>\n<ul>\n<li><b>Evaluaci\u00f3n al final del curso.<\/b><\/li>\n<\/ul>\n<p>[\/vc_column_text][\/vc_tta_section][\/vc_tta_accordion][vc_column_text text_larger=&#8221;no&#8221;]<\/p>\n<h3><b>Valor agregado de los conocimientos adquiridos en el curso<\/b><\/h3>\n<ul>\n<li>Mejorar la capacidad t\u00e9cnica del Ingeniero de Optimizaci\u00f3n de Pozos.<\/li>\n<li>Optimizar los tiempos de la toma y an\u00e1lisis de la informaci\u00f3n.<\/li>\n<li>Mejorar la capacidad de diagn\u00f3stico captada por el Software TAM<\/li>\n<li>Mejorar la capacidad de Diagnostico Dise\u00f1o y previsi\u00f3n del Comportamiento del pozo con sistema de levantamiento por Bombeo Mec\u00e1nico<\/li>\n<\/ul>\n<p>[\/vc_column_text][vc_row_inner css=&#8221;.vc_custom_1644611751284{margin-top: 32px !important;margin-bottom: 32px !important;}&#8221; row_reverse_mobile=&#8221;0&#8243; row_reverse_tablet=&#8221;0&#8243;][vc_column_inner]<div id=\"wd-6206c79fbe097\" class=\"woodmart-button-wrapper text-center\"><a href=\"https:\/\/www.upcoglobal.com\/academy\/instructores\/\" title=\"Instructores\" class=\"btn btn-scheme-light btn-scheme-hover-light btn-style-default btn-shape-rectangle btn-size-default\">Conoce a nuestros instructores<\/a><\/div>[\/vc_column_inner][\/vc_row_inner][\/vc_column][\/vc_row][vc_row full_width=&#8221;stretch_row_content&#8221; content_placement=&#8221;middle&#8221; parallax=&#8221;content-moving-fade&#8221; parallax_image=&#8221;3125&#8243; woodmart_bg_position=&#8221;center-center&#8221; css=&#8221;.vc_custom_1576190420019{padding-top: 70px !important;padding-bottom: 70px !important;}&#8221; mobile_bg_img_hidden=&#8221;no&#8221; tablet_bg_img_hidden=&#8221;no&#8221; woodmart_parallax=&#8221;0&#8243; woodmart_gradient_switch=&#8221;no&#8221; row_reverse_mobile=&#8221;0&#8243; row_reverse_tablet=&#8221;0&#8243; woodmart_disable_overflow=&#8221;0&#8243;][vc_column][vc_custom_heading text=&#8221;Precio $650 USD&#8221; font_container=&#8221;tag:h1|font_size:36|text_align:center|color:%23ffffff&#8221; google_fonts=&#8221;font_family:Roboto%3A100%2C100italic%2C300%2C300italic%2Cregular%2Citalic%2C500%2C500italic%2C700%2C700italic%2C900%2C900italic|font_style:400%20regular%3A400%3Anormal&#8221; css=&#8221;.vc_custom_1645747239310{margin-top: 0px !important;margin-bottom: 0px !important;border-top-width: 0px !important;border-bottom-width: 0px !important;padding-top: 0px !important;padding-bottom: 0px !important;}&#8221;][vc_empty_space woodmart_hide_large=&#8221;0&#8243; woodmart_hide_medium=&#8221;0&#8243; woodmart_hide_small=&#8221;0&#8243; woodmart_hide_extra_small=&#8221;0&#8243;]<div id=\"wd-626b0f12945c2\" class=\"woodmart-button-wrapper text-center\"><a href=\"http:\/\/www2.upcoglobal.com\/l\/675123\/2019-12-18\/45246i\" title=\"\" target=\"_blank\" class=\"btn btn-color-primary btn-style-default btn-shape-rectangle btn-size-default\" rel=\"noopener\">Registrarse<\/a><\/div>[vc_empty_space woodmart_hide_large=&#8221;0&#8243; woodmart_hide_medium=&#8221;0&#8243; woodmart_hide_small=&#8221;0&#8243; woodmart_hide_extra_small=&#8221;0&#8243;][\/vc_column][\/vc_row]<\/p>\n","protected":false},"excerpt":{"rendered":"<p>El Software m\u00e1s avanzado para el dise\u00f1o de sistemas de bombeo mec\u00e1nico enfocado en la automatizaci\u00f3n de los campos petroleros. \u00a0Integra un paquete de aplicaciones como los son XROD-V es un sofisticado software de Inteligencia Artificial que le permite dise\u00f1ar sistemas de bombeo mec\u00e1nico con el m\u00ednimo esfuerzo. Este programa hace muy f\u00e1cil e incre\u00edblemente r\u00e1pido el dise\u00f1ar un sistema de bombeo mec\u00e1nico nuevo o simular uno existente. XBAL es f\u00e1cil de usar, se caracteriza por ser preciso, r\u00e1pido y seguro para balancear las unidades de bombeo. RODSTAR es el \u00fanico software predictivo para dise\u00f1ar sarta de varillas con acero, fibra de vidrio, o fibra de carb\u00f3n de manera autom\u00e1ticamente en segundos por medio de la ecuaci\u00f3n de onda. XTOOLS complementa RODSTAR, XROD y XDIAG y le permite calcular de forma r\u00e1pida par\u00e1metros importantes del sistema con los que podr\u00e1 mejorar a\u00fan m\u00e1s el dise\u00f1o final. XDIAG es un software revolu\u00adcionario para diagn\u00f3stico de sistemas de bombeo mec\u00e1nico que combina un siste\u00adma experto y tecnolog\u00eda de reconocimiento de patrones con el diagn\u00f3stico exacto a trav\u00e9s del modelamiento de la ecuaci\u00f3n de onda.<\/p>\n","protected":false},"featured_media":4140,"template":"","meta":{"_exactmetrics_skip_tracking":false,"_exactmetrics_sitenote_active":false,"_exactmetrics_sitenote_note":"","_exactmetrics_sitenote_category":0},"product_brand":[],"product_cat":[69],"product_tag":[77],"class_list":{"0":"post-3260","1":"product","2":"type-product","3":"status-publish","4":"has-post-thumbnail","6":"product_cat-incompany-training","7":"product_tag-spanish","9":"first","10":"instock","11":"shipping-taxable","12":"product-type-external"},"_links":{"self":[{"href":"https:\/\/www.upcoglobal.com\/academy\/wp-json\/wp\/v2\/product\/3260","targetHints":{"allow":["GET"]}}],"collection":[{"href":"https:\/\/www.upcoglobal.com\/academy\/wp-json\/wp\/v2\/product"}],"about":[{"href":"https:\/\/www.upcoglobal.com\/academy\/wp-json\/wp\/v2\/types\/product"}],"wp:featuredmedia":[{"embeddable":true,"href":"https:\/\/www.upcoglobal.com\/academy\/wp-json\/wp\/v2\/media\/4140"}],"wp:attachment":[{"href":"https:\/\/www.upcoglobal.com\/academy\/wp-json\/wp\/v2\/media?parent=3260"}],"wp:term":[{"taxonomy":"product_brand","embeddable":true,"href":"https:\/\/www.upcoglobal.com\/academy\/wp-json\/wp\/v2\/product_brand?post=3260"},{"taxonomy":"product_cat","embeddable":true,"href":"https:\/\/www.upcoglobal.com\/academy\/wp-json\/wp\/v2\/product_cat?post=3260"},{"taxonomy":"product_tag","embeddable":true,"href":"https:\/\/www.upcoglobal.com\/academy\/wp-json\/wp\/v2\/product_tag?post=3260"}],"curies":[{"name":"wp","href":"https:\/\/api.w.org\/{rel}","templated":true}]}}