{"id":3265,"date":"2019-12-18T21:41:05","date_gmt":"2019-12-18T20:41:05","guid":{"rendered":"https:\/\/www.upcoglobal.com\/academy\/?post_type=product&#038;p=3265"},"modified":"2021-08-09T01:39:19","modified_gmt":"2021-08-08T23:39:19","slug":"fundamentos-basicos-para-el-analisis-de-pozos-utilizando-tecnologia-echometer-curso-online-spanish-respaldo","status":"publish","type":"product","link":"https:\/\/www.upcoglobal.com\/academy\/product\/fundamentos-basicos-para-el-analisis-de-pozos-utilizando-tecnologia-echometer-curso-online-spanish-respaldo\/","title":{"rendered":"Fundamentos B\u00e1sicos para el an\u00e1lisis de pozos utilizando tecnolog\u00eda Echometer (Spanish)"},"content":{"rendered":"<p>[vc_row][vc_column][vc_video link=&#8221;https:\/\/youtu.be\/mtQ-Tpy0lr0&#8243; image_poster_switch=&#8221;no&#8221;][\/vc_column][\/vc_row][vc_row][vc_column][vc_column_text text_larger=&#8221;no&#8221;]El curso <b>\u201cFundamentos B\u00e1sicos para el an\u00e1lisis de pozos utilizando tecnolog\u00eda Echometer<\/b>\u201d, tiene como finalidad proveer\u00a0 al operador\u00a0 todos\u00a0 los datos\u00a0 necesarios\u00a0 para analizar el desempe\u00f1o de un pozo de gas o de petr\u00f3leo, mediante las combinaciones\u00a0\u00a0 de\u00a0 equipos\u00a0\u00a0 y\u00a0 programas\u00a0\u00a0 de computaci\u00f3n, y as\u00ed obtener una lectura m\u00e1s precisa y acorde a la condici\u00f3n del pozo.<\/p>\n<h3><b>Objetivo General<\/b><\/h3>\n<p>Proveer\u00a0 al operador\u00a0 todos\u00a0 los datos\u00a0 necesarios\u00a0 para analizar el desempe\u00f1o de un pozo de gas o de petr\u00f3leo, mediante las combinaciones\u00a0\u00a0 de\u00a0 equipos\u00a0\u00a0 y\u00a0 programas\u00a0\u00a0 de computaci\u00f3n, y as\u00ed obtener una lectura m\u00e1s precisa y acorde a la condici\u00f3n del pozo.<\/p>\n<h3><b>Contenido Program\u00e1tico<\/b><\/h3>\n<ul>\n<li>Capitulo I: Generalidades de las aplicaciones del analizador de pozo.<\/li>\n<li>Capitulo II: Generalidades acerca programas usados con el WELL ANALYZER.<\/li>\n<li>Capitulo III: Programas de administraci\u00f3n completa del pozo (TAM).<\/li>\n<li>Capitulo IV: Equipos de medici\u00f3n ECHOMETER.<\/li>\n<li>Capitulo V: Configuraci\u00f3n para el estudio ac\u00fastico del pozo.<\/li>\n<\/ul>\n<p>[\/vc_column_text][\/vc_column][\/vc_row][vc_row full_width=&#8221;stretch_row&#8221; content_placement=&#8221;middle&#8221; mobile_bg_img_hidden=&#8221;no&#8221; tablet_bg_img_hidden=&#8221;no&#8221; woodmart_parallax=&#8221;0&#8243; woodmart_gradient_switch=&#8221;no&#8221; row_reverse_mobile=&#8221;0&#8243; row_reverse_tablet=&#8221;0&#8243; woodmart_disable_overflow=&#8221;0&#8243;][vc_column width=&#8221;1\/4&#8243; mobile_bg_img_hidden=&#8221;no&#8221; tablet_bg_img_hidden=&#8221;no&#8221; woodmart_parallax=&#8221;0&#8243; woodmart_sticky_column=&#8221;false&#8221; parallax_scroll=&#8221;no&#8221; mobile_reset_margin=&#8221;no&#8221; tablet_reset_margin=&#8221;no&#8221;][vc_empty_space woodmart_hide_large=&#8221;0&#8243; woodmart_hide_medium=&#8221;0&#8243; woodmart_hide_small=&#8221;0&#8243; woodmart_hide_extra_small=&#8221;0&#8243;][vc_single_image image=&#8221;3373&#8243; img_size=&#8221;medium&#8221; alignment=&#8221;center&#8221; parallax_scroll=&#8221;no&#8221;][\/vc_column][vc_column width=&#8221;3\/4&#8243;][vc_empty_space woodmart_hide_large=&#8221;0&#8243; woodmart_hide_medium=&#8221;0&#8243; woodmart_hide_small=&#8221;0&#8243; woodmart_hide_extra_small=&#8221;0&#8243;][vc_column_text text_larger=&#8221;no&#8221;]<\/p>\n<h3><b>Instructora:<\/b><\/h3>\n<p><b>Samantha Perozo<\/b>, es ingeniera en petr\u00f3leo y especialista en ingenier\u00eda de producci\u00f3n, dise\u00f1o y optimizaci\u00f3n de sistemas de levantamiento artificial.\u00a0 Tambi\u00e9n es parte fundamental de nuestro equipo en UPC Global posee una amplia experiencia en la recopilaci\u00f3n e interpretaci\u00f3n de datos de campo de niveles de fluidos y tarjeta de dinam\u00f3metro utilizando equipos de Echometer como pistola de gas remota y manual, c\u00e9lulas de carga PRT y HT. Tambi\u00e9n, cuenta con experiencia en operaciones de campo y en optimizaci\u00f3n de pozos utilizando diferentes software.[\/vc_column_text][\/vc_column][\/vc_row]<\/p>\n","protected":false},"excerpt":{"rendered":"<p>El curso tiene como finalidad proveer\u00a0 al operador\u00a0 todos\u00a0 los datos\u00a0 necesarios\u00a0 para analizar el desempe\u00f1o de un pozo de gas o de petr\u00f3leo, mediante las combinaciones\u00a0\u00a0 de\u00a0 equipos\u00a0\u00a0 y\u00a0 programas\u00a0\u00a0 de computaci\u00f3n, y as\u00ed obtener una lectura m\u00e1s precisa y acorde a la condici\u00f3n del pozo.<\/p>\n","protected":false},"featured_media":3079,"template":"","meta":{"_exactmetrics_skip_tracking":false,"_exactmetrics_sitenote_active":false,"_exactmetrics_sitenote_note":"","_exactmetrics_sitenote_category":0},"product_brand":[],"product_cat":[70,78,71,67,84],"product_tag":[77],"class_list":{"0":"post-3265","1":"product","2":"type-product","3":"status-publish","4":"has-post-thumbnail","6":"product_cat-echometer-training","7":"product_cat-available","8":"product_cat-most-popular","9":"product_cat-online-training","10":"product_cat-training-online-incompany","11":"product_tag-spanish","13":"first","14":"instock","15":"downloadable","16":"virtual","17":"sold-individually","18":"purchasable","19":"product-type-simple"},"_links":{"self":[{"href":"https:\/\/www.upcoglobal.com\/academy\/wp-json\/wp\/v2\/product\/3265","targetHints":{"allow":["GET"]}}],"collection":[{"href":"https:\/\/www.upcoglobal.com\/academy\/wp-json\/wp\/v2\/product"}],"about":[{"href":"https:\/\/www.upcoglobal.com\/academy\/wp-json\/wp\/v2\/types\/product"}],"wp:featuredmedia":[{"embeddable":true,"href":"https:\/\/www.upcoglobal.com\/academy\/wp-json\/wp\/v2\/media\/3079"}],"wp:attachment":[{"href":"https:\/\/www.upcoglobal.com\/academy\/wp-json\/wp\/v2\/media?parent=3265"}],"wp:term":[{"taxonomy":"product_brand","embeddable":true,"href":"https:\/\/www.upcoglobal.com\/academy\/wp-json\/wp\/v2\/product_brand?post=3265"},{"taxonomy":"product_cat","embeddable":true,"href":"https:\/\/www.upcoglobal.com\/academy\/wp-json\/wp\/v2\/product_cat?post=3265"},{"taxonomy":"product_tag","embeddable":true,"href":"https:\/\/www.upcoglobal.com\/academy\/wp-json\/wp\/v2\/product_tag?post=3265"}],"curies":[{"name":"wp","href":"https:\/\/api.w.org\/{rel}","templated":true}]}}