{"id":3282,"date":"2019-12-18T22:48:11","date_gmt":"2019-12-18T21:48:11","guid":{"rendered":"https:\/\/www.upcoglobal.com\/academy\/?post_type=product&#038;p=3282"},"modified":"2021-08-09T01:37:11","modified_gmt":"2021-08-08T23:37:11","slug":"cyclic-steam-injection-in-artificial-lifted-wells-spanish-2","status":"publish","type":"product","link":"https:\/\/www.upcoglobal.com\/academy\/product\/cyclic-steam-injection-in-artificial-lifted-wells-spanish-2\/","title":{"rendered":"Cyclic Steam Injection in Artificial Lifted Wells (Spanish)"},"content":{"rendered":"<p>[vc_row][vc_column][\/vc_column][\/vc_row][vc_row][vc_column][vc_column_text text_larger=&#8221;no&#8221;]<\/p>\n<h3><b>Objetivo General<\/b><\/h3>\n<ul>\n<li>Comprender los fen\u00f3menos y principios que rigen el comportamiento de los pozos con inyecci\u00f3n alterna de vapor con el prop\u00f3sito de mejorar el desempe\u00f1o de las operaciones en este tipo de pozos.<\/li>\n<\/ul>\n<h3><b>Objetivo\u00a0<\/b>Espec\u00edficos<\/h3>\n<ul>\n<li>Comprender los procesos que rigen la afluencia del yacimiento y la producci\u00f3n de los pozos con Inyecci\u00f3n Alterna de Vapor (IAV).<\/li>\n<li>Distinguir diferencias entre los m\u00e9todos t\u00e9rmicos.<\/li>\n<li>Aprender las propiedades t\u00e9rmicas de los fluidos, rocas y tuber\u00edas involucradas en IAV y sus magnitudes.<\/li>\n<li>Entender la interrelaci\u00f3n entre los par\u00e1metros asociados a la IAV.<\/li>\n<li>Visualizar la interrelaci\u00f3n y efectos entre el sistema de levantamiento y la IAV.<\/li>\n<li>Determinar los requerimientos energ\u00e9ticos y de infraestructura de la IAV.<\/li>\n<li>Deducir las practicas recomendadas en IAV basados en la comprensi\u00f3n de los procesos.<\/li>\n<\/ul>\n<h3><b>A qui\u00e9n va dirigido<\/b><\/h3>\n<ul>\n<li>Ingenieros de Petr\u00f3leo<\/li>\n<li>Ingenieros de Producci\u00f3n<\/li>\n<li>Ingenieros de Optimizaci\u00f3n<\/li>\n<li>T\u00e9cnicos de Campos<\/li>\n<li>Todo personal involucrado con la inyecci\u00f3n de vapor y el sistema de levantamiento artificial<\/li>\n<\/ul>\n<p>[\/vc_column_text][\/vc_column][\/vc_row][vc_row][vc_column][vc_tta_accordion active_section=&#8221;1&#8243; collapsible_all=&#8221;true&#8221; title=&#8221;Contenido Program\u00e1tico&#8221;][vc_tta_section title=&#8221;D\u00eda 1&#8243; tab_id=&#8221;1576182437238-f99683ea-9758&#8243;][vc_column_text text_larger=&#8221;no&#8221;]<\/p>\n<ul>\n<li><b>Evaluaci\u00f3n al inicio del curso.<\/b><\/li>\n<\/ul>\n<p>Introducci\u00f3n.<\/p>\n<p>Descripci\u00f3n m\u00e9todos t\u00e9rmicos existentes principios, alcance y limitaci\u00f3n:<\/p>\n<ul>\n<li>Inyecci\u00f3n Continua de Vapor (Steam Flooding).<\/li>\n<li>Inyecci\u00f3n Alterna de Vapor (Huff and Puff).<\/li>\n<li>Calentamiento Resistivo en Fondo.<\/li>\n<li>Calentamiento Inductivo.<\/li>\n<li>Calentamiento Microondas.<\/li>\n<li>Combusti\u00f3n In Situ.<\/li>\n<\/ul>\n<p>Propiedades de los yacimientos de petr\u00f3leo pesado.<\/p>\n<ul>\n<li>Permeabilidades, espesores, movilidades.<\/li>\n<li>Viscosidad vs Temperatura.<\/li>\n<\/ul>\n<p>Propiedades t\u00e9rmicas de los diferentes componentes.<\/p>\n<ul>\n<li>Agua-Vapor.<\/li>\n<li>Petr\u00f3leo-Gas.<\/li>\n<li>Acero<\/li>\n<li>Roca<\/li>\n<li>Cemento<\/li>\n<\/ul>\n<p>Magnitudes y c\u00e1lculos energ\u00e9ticos generales asociadas a los m\u00e9todos t\u00e9rmicos.[\/vc_column_text][\/vc_tta_section][vc_tta_section title=&#8221;D\u00eda 2&#8243; tab_id=&#8221;1576182511098-e5cce5b9-eadb&#8221;][vc_column_text text_larger=&#8221;no&#8221;]<\/p>\n<ul>\n<li>IAV principios y ecuaciones fundamentales.<\/li>\n<li>Perdidas de calor en el pozo durante la inyecci\u00f3n.<\/li>\n<li>IAV en pozos verticales:<\/li>\n<li style=\"list-style-type: none;\">\n<ul>\n<li>IAV, \u00bfestimulaci\u00f3n o recobro?<\/li>\n<li>IAV estimaci\u00f3n del impacto en el recobro.<\/li>\n<li>Perfil de la ca\u00edda de presi\u00f3n en medio poroso.<\/li>\n<li>IAV estimaci\u00f3n impacto en \u00edndice de productividad.<\/li>\n<li>IAV en pozos con da\u00f1o a la formaci\u00f3n.<\/li>\n<\/ul>\n<\/li>\n<\/ul>\n<p>[\/vc_column_text][\/vc_tta_section][vc_tta_section title=&#8221;D\u00eda 3&#8243; tab_id=&#8221;1576182763896-4bac892d-6549&#8243;][vc_column_text text_larger=&#8221;no&#8221;]<\/p>\n<ul>\n<li>C\u00e1lculo del radio calentado en funci\u00f3n tiempo de inyecci\u00f3n.<\/li>\n<li>Tiempo de remojo.<\/li>\n<li>Tiempo de producci\u00f3n (enfriamiento) vs producci\u00f3n:\n<ul>\n<li>IAV vs otros m\u00e9todos de estimulaci\u00f3n.<\/li>\n<li>IAV en pozos horizontales.<\/li>\n<\/ul>\n<\/li>\n<li>Diferencias que considerar en IAV con pozos verticales.<\/li>\n<li>IAV estimaci\u00f3n del impacto en \u00edndice de productividad.<\/li>\n<\/ul>\n<p>[\/vc_column_text][\/vc_tta_section][vc_tta_section title=&#8221;D\u00eda 4&#8243; tab_id=&#8221;1576182798537-da815ba4-6578&#8243;][vc_column_text text_larger=&#8221;no&#8221;]IAV con levantamiento artificial:<\/p>\n<ul>\n<li>Consideraciones con levantamiento artificial por gas, BES, BCP, BM.<\/li>\n<li>Efectos del levantamiento artificial en el tiempo de enfriamiento.<\/li>\n<\/ul>\n<p>IAV requerimientos de superficie:<\/p>\n<ul>\n<li>Energ\u00eda requerida para la generaci\u00f3n del vapor.<\/li>\n<li>Producci\u00f3n esperada.<\/li>\n<li>Declinaciones inter-ciclo de la IAV.<\/li>\n<\/ul>\n<p>[\/vc_column_text][\/vc_tta_section][vc_tta_section title=&#8221;D\u00eda 5&#8243; tab_id=&#8221;1576656320905-98c51477-a25a&#8221;][vc_column_text text_larger=&#8221;no&#8221;]<\/p>\n<ul>\n<li>IAV herramientas de an\u00e1lisis existentes, alcances y limitaciones:\n<ul>\n<li>Modelos matem\u00e1ticos simplificados.<\/li>\n<li>Modelos del an\u00e1lisis nodal.<\/li>\n<li>Simuladores de yacimiento para m\u00e9todos t\u00e9rmicos.<\/li>\n<\/ul>\n<\/li>\n<li>Mejores pr\u00e1cticas basadas en los principios t\u00e9rmicos de la IAV.<\/li>\n<li>An\u00e1lisis de casos.<\/li>\n<li><b>Evaluaci\u00f3n al final del curso.<\/b><\/li>\n<\/ul>\n<p>[\/vc_column_text][\/vc_tta_section][\/vc_tta_accordion][vc_column_text text_larger=&#8221;no&#8221;]<\/p>\n<h3><b>Valor agregado de los conocimientos adquiridos en el curso<\/b><\/h3>\n<ul>\n<li>Entender que la IAV tiene m\u00e1s efectos en el \u00edndice de productividad que en el incremento de rehabilitaci\u00f3n.<\/li>\n<li>Entender las bondades y posibles dificultades intr\u00ednsecas en los fen\u00f3menos t\u00e9rmicos de la IAV.<\/li>\n<li>Entender y calcular estimados de las magnitudes de energ\u00eda y vapor involucrados en la IAV.<\/li>\n<li>Entender y calcular los incrementos esperados de producci\u00f3n.<\/li>\n<li>Entender los fen\u00f3menos que rigen el enfriamiento de un ciclo de vapor y la declinaci\u00f3n inter-ciclo.<\/li>\n<li>Establecer un criterio t\u00e9cnico para comprender y aplicar las pr\u00e1cticas recomendadas.<\/li>\n<li>Comprender las capacidades y limitaciones de las herramientas de an\u00e1lisis para IAV.<\/li>\n<\/ul>\n<p>[\/vc_column_text][\/vc_column][\/vc_row][vc_row full_width=&#8221;stretch_row&#8221; content_placement=&#8221;middle&#8221; mobile_bg_img_hidden=&#8221;no&#8221; tablet_bg_img_hidden=&#8221;no&#8221; woodmart_parallax=&#8221;0&#8243; woodmart_gradient_switch=&#8221;no&#8221; row_reverse_mobile=&#8221;0&#8243; row_reverse_tablet=&#8221;0&#8243; woodmart_disable_overflow=&#8221;0&#8243;][vc_column width=&#8221;1\/4&#8243; mobile_bg_img_hidden=&#8221;no&#8221; tablet_bg_img_hidden=&#8221;no&#8221; woodmart_parallax=&#8221;0&#8243; woodmart_sticky_column=&#8221;false&#8221; parallax_scroll=&#8221;no&#8221; mobile_reset_margin=&#8221;no&#8221; tablet_reset_margin=&#8221;no&#8221;][vc_empty_space woodmart_hide_large=&#8221;0&#8243; woodmart_hide_medium=&#8221;0&#8243; woodmart_hide_small=&#8221;0&#8243; woodmart_hide_extra_small=&#8221;0&#8243;][vc_single_image image=&#8221;3374&#8243; img_size=&#8221;medium&#8221; alignment=&#8221;center&#8221; parallax_scroll=&#8221;no&#8221;][\/vc_column][vc_column width=&#8221;3\/4&#8243;][vc_empty_space woodmart_hide_large=&#8221;0&#8243; woodmart_hide_medium=&#8221;0&#8243; woodmart_hide_small=&#8221;0&#8243; woodmart_hide_extra_small=&#8221;0&#8243;][vc_column_text text_larger=&#8221;no&#8221;]<\/p>\n<h3><b>Instructor:<\/b><\/h3>\n<p><strong>Sergio Caicedo<\/strong>, Licenciado en F\u00edsica, Ingeniero en Computaci\u00f3n, graduado en la Universidad Sim\u00f3n Bol\u00edvar, curs\u00f3 la Maestr\u00eda en Ingenier\u00eda de Petr\u00f3leo en la Universidad de Texas at Austin, USA. Con 26 a\u00f1os de experiencia como especialista en productividad de pozos, levantamiento artificial y desarrollo de software aplicado a la producci\u00f3n de petr\u00f3leo. Ha trabajado como instructor dictando cursos en el \u00e1rea de producci\u00f3n de petr\u00f3leo donde ha entrenado 700+ ingenieros en las compa\u00f1\u00edas donde ha trabajado. El Ing. Caicedo ha desarrollado proyectos innovadores trabajando en equipos multidisciplinarios. Ha desarrollado herramientas de c\u00e1lculo para asistir a los ingenieros de campo en\u00a0 la Productividad de Pozos con Inyecci\u00f3n Alterna de Vapor incluyendo los c\u00e1lculos de p\u00e9rdidas de calor en la inyecci\u00f3n, radios de calentamiento, \u00cdndice de productividad en caliente y modelo de enfriamiento con Levantamiento Artificial .\u00a0 Tambi\u00e9n ha trabajado en los c\u00e1lculos de los Efectos de Calentamiento Resistivo en Fondo de Pozo con BCP\/BM. El Ing. Caicedo ha desarrollado m\u00e9todos de incertidumbre para el \u00e1rea de producci\u00f3n como por el ejemplo el c\u00e1lculo de vol\u00famenes de Geles para el Control de Agua. Adicionalmente ha estudiado la Factibilidad de Ultrasonido para Estimulaci\u00f3n de Pozos, y ha publicado m\u00faltiples art\u00edculos en Optimizaci\u00f3n de la Producci\u00f3n. El Ing. Caicedo se ha desempe\u00f1ado como especialista en levantamiento artificial en Venezuela, Kuwait, Emiratos \u00c1rabes Unidos y EE.UU.<\/p>\n<p>El Ing. Caicedo ha sido galardonado con el SPE Middle East Production and Operations Award 2015 por sus aportes t\u00e9cnicos en levantamiento artificial para la producci\u00f3n de hidrocarburos[\/vc_column_text][\/vc_column][\/vc_row][vc_row full_width=&#8221;stretch_row_content&#8221; content_placement=&#8221;middle&#8221; parallax=&#8221;content-moving-fade&#8221; parallax_image=&#8221;3125&#8243; woodmart_bg_position=&#8221;center-center&#8221; css=&#8221;.vc_custom_1576190420019{padding-top: 70px !important;padding-bottom: 70px !important;}&#8221; mobile_bg_img_hidden=&#8221;no&#8221; tablet_bg_img_hidden=&#8221;no&#8221; woodmart_parallax=&#8221;0&#8243; woodmart_gradient_switch=&#8221;no&#8221; row_reverse_mobile=&#8221;0&#8243; row_reverse_tablet=&#8221;0&#8243; woodmart_disable_overflow=&#8221;0&#8243;][vc_column][vc_custom_heading text=&#8221;Solicita este entrenamiento ahora&#8221; font_container=&#8221;tag:h1|font_size:36|text_align:center|color:%23ffffff&#8221; google_fonts=&#8221;font_family:Roboto%3A100%2C100italic%2C300%2C300italic%2Cregular%2Citalic%2C500%2C500italic%2C700%2C700italic%2C900%2C900italic|font_style:400%20regular%3A400%3Anormal&#8221; css=&#8221;.vc_custom_1576524711474{margin-top: 0px !important;margin-bottom: 0px !important;border-top-width: 0px !important;border-bottom-width: 0px !important;padding-top: 0px !important;padding-bottom: 0px !important;}&#8221;][vc_empty_space woodmart_hide_large=&#8221;0&#8243; woodmart_hide_medium=&#8221;0&#8243; woodmart_hide_small=&#8221;0&#8243; woodmart_hide_extra_small=&#8221;0&#8243;]<div id=\"wd-5dfaa7934dfc5\" class=\"woodmart-button-wrapper text-center\"><a href=\"http:\/\/www2.upcoglobal.com\/Inyeccion-Alterna-Vapor\" title=\"\" target=\"_blank\" class=\"btn btn-color-primary btn-style-default btn-shape-rectangle btn-size-default\" rel=\"noopener\">Solicita Ahora<\/a><\/div>[vc_empty_space woodmart_hide_large=&#8221;0&#8243; woodmart_hide_medium=&#8221;0&#8243; woodmart_hide_small=&#8221;0&#8243; woodmart_hide_extra_small=&#8221;0&#8243;][\/vc_column][\/vc_row]<\/p>\n","protected":false},"excerpt":{"rendered":"<p>La Inyecci\u00f3n Alterna de Vapor es un proceso empleado en los yacimientos de crudo pesado que consiste en la inyecci\u00f3n de vapor al yacimiento en un pozo durante un periodo de unos d\u00edas para luego volver a colocar el pozo en producci\u00f3n por unos meses, el proceso o ciclo es repetido. A pesar de ser utilizado com\u00fanmente existen algunos aspectos conceptuales y operacionales que no son claramente comprendidos y requieren una revisi\u00f3n detallada para garantizar una apropiada aplicaci\u00f3n de este m\u00e9todo.<\/p>\n<p>La inyecci\u00f3n Alterna de Vapor es un proceso t\u00e9rmico que mediante el aumento de la temperatura en el entorno del pozo disminuye notoriamente la viscosidad de los crudos pesados, lo cual mejora la afluencia del yacimiento y por ende permite aumentar la producci\u00f3n de crudos pesados.\u00a0\u00a0 Este m\u00e9todo es muy atractivo por sus resultados en corto tiempo y por su alto porcentaje de \u00e9xito en lograr los incrementos de producci\u00f3n, aunque sus recobros est\u00e1n muy por debajo de otros m\u00e9todos t\u00e9rmicos.<\/p>\n<p>Para tener una operaci\u00f3n de IAV adecuada es necesario entender y mejorar cada una de las partes que lo componen el ciclo: La inyecci\u00f3n y la producci\u00f3n con la declinaci\u00f3n para la subsecuente reinyecci\u00f3n. La cantidad de Vapor y Energ\u00eda requeridos, La reducci\u00f3n de las p\u00e9rdidas de calor durante la inyecci\u00f3n, la estimaci\u00f3n apropiada de la producci\u00f3n, la selecci\u00f3n y efecto del sistema de levantamiento, la planificaci\u00f3n de los ciclos son ejemplos de aspectos claves que deben comprenderse para un mejor manejo de la operaci\u00f3n y un uso adecuado de la capacidad disponible de vapor.<\/p>\n<p><img loading=\"lazy\" decoding=\"async\" class=\"alignnone size-full wp-image-3399\" src=\"https:\/\/www.upcoglobal.com\/academy\/wp-content\/uploads\/2019\/12\/CERTIFICATE.png\" alt=\"\" width=\"301\" height=\"25\" \/><\/p>\n","protected":false},"featured_media":3409,"template":"","meta":{"_exactmetrics_skip_tracking":false,"_exactmetrics_sitenote_active":false,"_exactmetrics_sitenote_note":"","_exactmetrics_sitenote_category":0},"product_brand":[],"product_cat":[69,84],"product_tag":[77],"class_list":{"0":"post-3282","1":"product","2":"type-product","3":"status-publish","4":"has-post-thumbnail","6":"product_cat-incompany-training","7":"product_cat-training-online-incompany","8":"product_tag-spanish","10":"first","11":"instock","12":"shipping-taxable","13":"product-type-external"},"_links":{"self":[{"href":"https:\/\/www.upcoglobal.com\/academy\/wp-json\/wp\/v2\/product\/3282","targetHints":{"allow":["GET"]}}],"collection":[{"href":"https:\/\/www.upcoglobal.com\/academy\/wp-json\/wp\/v2\/product"}],"about":[{"href":"https:\/\/www.upcoglobal.com\/academy\/wp-json\/wp\/v2\/types\/product"}],"wp:featuredmedia":[{"embeddable":true,"href":"https:\/\/www.upcoglobal.com\/academy\/wp-json\/wp\/v2\/media\/3409"}],"wp:attachment":[{"href":"https:\/\/www.upcoglobal.com\/academy\/wp-json\/wp\/v2\/media?parent=3282"}],"wp:term":[{"taxonomy":"product_brand","embeddable":true,"href":"https:\/\/www.upcoglobal.com\/academy\/wp-json\/wp\/v2\/product_brand?post=3282"},{"taxonomy":"product_cat","embeddable":true,"href":"https:\/\/www.upcoglobal.com\/academy\/wp-json\/wp\/v2\/product_cat?post=3282"},{"taxonomy":"product_tag","embeddable":true,"href":"https:\/\/www.upcoglobal.com\/academy\/wp-json\/wp\/v2\/product_tag?post=3282"}],"curies":[{"name":"wp","href":"https:\/\/api.w.org\/{rel}","templated":true}]}}