{"id":3289,"date":"2019-12-20T02:48:58","date_gmt":"2019-12-20T01:48:58","guid":{"rendered":"https:\/\/www.upcoglobal.com\/academy\/?post_type=product&#038;p=3289"},"modified":"2026-03-27T21:22:17","modified_gmt":"2026-03-27T20:22:17","slug":"levantamiento-por-gas-intermitente-diseno-y-evaluacion","status":"publish","type":"product","link":"https:\/\/www.upcoglobal.com\/academy\/product\/levantamiento-por-gas-intermitente-diseno-y-evaluacion\/","title":{"rendered":"Levantamiento por Gas Intermitente, Dise\u00f1o y Evaluaci\u00f3n"},"content":{"rendered":"<p>[vc_row][vc_column width=&#8221;2\/3&#8243;][vc_column_text text_larger=&#8221;no&#8221;]<\/p>\n<h3><b>Objetivo General\u00a0<\/b><\/h3>\n<p><span style=\"font-weight: 400;\">Comprender los fundamentos te\u00f3ricos del m\u00e9todo de levantamiento artificial por gas intermitente y la interrelaci\u00f3n de todos las etapas y componentes que conforman este sistema<\/span><\/p>\n<h3><b>Objetivo Especificos<\/b><\/h3>\n<ul>\n<li style=\"font-weight: 400;\" aria-level=\"1\"><span style=\"font-weight: 400;\">Entender las Ventajas y limitaciones del sistema LAG Intermitente, su ventana de aplicaci\u00f3n para la apropiada selecci\u00f3n de pozos.<\/span><\/li>\n<li style=\"font-weight: 400;\" aria-level=\"1\"><span style=\"font-weight: 400;\">Comprender los componentes que conforman un sistema de LAG Intermitente y sus funciones.<\/span><\/li>\n<li style=\"font-weight: 400;\" aria-level=\"1\"><span style=\"font-weight: 400;\">Comprender como las condiciones del yacimiento (afluencia, %agua, Relaci\u00f3n gas petr\u00f3leo, , propiedades PVT, viscosidad, etc.) y la configuraci\u00f3n mec\u00e1nica del pozo (trayectoria -completacion) imponen restricciones para el dise\u00f1o y optimizaci\u00f3n de un sistema LAG intermitente.<\/span><\/li>\n<li style=\"font-weight: 400;\" aria-level=\"1\"><span style=\"font-weight: 400;\">Entender las etapas que comprenden de un ciclo de LAGI y sus fen\u00f3menos transientes que requieren software y conceptos diferentes a los usados en LAG continuo.\u00a0<\/span><\/li>\n<li style=\"font-weight: 400;\" aria-level=\"1\"><span style=\"font-weight: 400;\">Entender la diferencia entre LAG intermitente y pist\u00f3n convencional<\/span><\/li>\n<li style=\"font-weight: 400;\" aria-level=\"1\"><span style=\"font-weight: 400;\">Entender el proceso de acumulaci\u00f3n para el c\u00e1lculo adecuado del tiempo de ciclo.<\/span><\/li>\n<li style=\"font-weight: 400;\" aria-level=\"1\"><span style=\"font-weight: 400;\">Entender como se calcula el \u00cdndice de Productividad en un pozo de LAG intermitente considerando que su presi\u00f3n de fondo fluyente no es constante.<\/span><\/li>\n<li style=\"font-weight: 400;\" aria-level=\"1\"><span style=\"font-weight: 400;\">Entender el proceso de desplazamiento del tap\u00f3n y los correspondientes requerimientos de gas.<\/span><\/li>\n<li style=\"font-weight: 400;\" aria-level=\"1\"><span style=\"font-weight: 400;\">Comprender las variables operacionales que afectan el desempe\u00f1o del LAG Intermitente.<\/span><\/li>\n<li style=\"font-weight: 400;\" aria-level=\"1\"><span style=\"font-weight: 400;\">Aprender el proceso paso a paso de dise\u00f1o (selecci\u00f3n, configuraci\u00f3n y dimensionamiento de equipos) de un sistema LAG intermitente.<\/span><\/li>\n<li style=\"font-weight: 400;\" aria-level=\"1\"><span style=\"font-weight: 400;\">Aprender la diferencia entre dise\u00f1o y an\u00e1lisis-optimizaci\u00f3n de un pozo de LAG intermitente.<\/span><\/li>\n<li style=\"font-weight: 400;\" aria-level=\"1\"><span style=\"font-weight: 400;\">Aprender las variables de Monitoreo y el diagnostico b\u00e1sico de LAGI.<\/span><\/li>\n<\/ul>\n<p><b>A Quien Va Dirigido<\/b><\/p>\n<p><span style=\"font-weight: 400;\">El curso de \u201cBombeo Cavidades Progresivas\u201d est\u00e1 dirigido a:<\/span><\/p>\n<ul>\n<li style=\"font-weight: 400;\" aria-level=\"1\"><span style=\"font-weight: 400;\">Ingenieros de Petr\u00f3leo<\/span><\/li>\n<li style=\"font-weight: 400;\" aria-level=\"1\"><span style=\"font-weight: 400;\">Ingenieros de Producci\u00f3n<\/span><\/li>\n<li style=\"font-weight: 400;\" aria-level=\"1\"><span style=\"font-weight: 400;\">Ingenieros de Optimizaci\u00f3n<\/span><\/li>\n<li style=\"font-weight: 400;\" aria-level=\"1\"><span style=\"font-weight: 400;\">Ingenieros o T\u00e9cnicos de Operaci\u00f3n de Campos petroleros<\/span><\/li>\n<\/ul>\n<div id=\"gtx-trans\" style=\"position: absolute; left: 568px; top: 697px;\">\n<div class=\"gtx-trans-icon\"><\/div>\n<\/div>\n<p>[\/vc_column_text][\/vc_column][vc_column width=&#8221;1\/3&#8243;][vc_column_text text_larger=&#8221;no&#8221;]<\/p>\n<h4><b>Fechas disponibles<\/b><\/h4>\n<p>[\/vc_column_text][\/vc_column][\/vc_row][vc_row][vc_column][vc_tta_accordion active_section=&#8221;1&#8243; collapsible_all=&#8221;true&#8221; title=&#8221;CONTENT&#8221;][vc_tta_section title=&#8221;D\u00cdA 1 y 2&#8243; tab_id=&#8221;1576182437238-f99683ea-9758&#8243;][vc_column_text text_larger=&#8221;no&#8221;]<\/p>\n<ul>\n<li style=\"font-weight: 400;\" aria-level=\"1\"><b>Evaluaci\u00f3n al inicio del curso<\/b><\/li>\n<li style=\"font-weight: 400;\" aria-level=\"1\"><span style=\"font-weight: 400;\">Introducci\u00f3n<\/span><\/li>\n<li style=\"font-weight: 400;\" aria-level=\"1\"><span style=\"font-weight: 400;\">Comparaci\u00f3n M\u00e9todos de levantamiento artificial existentes:<\/span>\n<ul>\n<li><span style=\"font-weight: 400;\">Levantamiento artificial por gas<\/span><\/li>\n<li style=\"font-weight: 400;\" aria-level=\"1\"><span style=\"font-weight: 400;\">Bombeo con Balanc\u00edn\u00a0<\/span><\/li>\n<li style=\"font-weight: 400;\" aria-level=\"1\"><span style=\"font-weight: 400;\">Pist\u00f3n convencional\u00a0<\/span><\/li>\n<li style=\"font-weight: 400;\" aria-level=\"1\"><span style=\"font-weight: 400;\">Bombeo Hidr\u00e1ulico tipo Pist\u00f3n<\/span><\/li>\n<li style=\"font-weight: 400;\" aria-level=\"1\"><span style=\"font-weight: 400;\">Bombeo Hidr\u00e1ulico tipo Jet\u00a0<\/span><\/li>\n<li style=\"font-weight: 400;\" aria-level=\"1\"><span style=\"font-weight: 400;\">Bombeo Electrosumergible<\/span><\/li>\n<\/ul>\n<\/li>\n<\/ul>\n<ul>\n<li style=\"font-weight: 400;\" aria-level=\"1\"><span style=\"font-weight: 400;\">Levantamiento Artificial por Gas Intermitente<\/span><\/li>\n<\/ul>\n<ul>\n<li style=\"list-style-type: none;\">\n<ul>\n<li style=\"font-weight: 400;\" aria-level=\"1\"><span style=\"font-weight: 400;\">Ventajas y Limitaciones<\/span><\/li>\n<li style=\"font-weight: 400;\" aria-level=\"1\"><span style=\"font-weight: 400;\">Ventana gen\u00e9rica de aplicaci\u00f3n<\/span><\/li>\n<li style=\"font-weight: 400;\" aria-level=\"1\"><span style=\"font-weight: 400;\">Componentes del sistema LAG Intermitente<\/span><\/li>\n<li style=\"font-weight: 400;\" aria-level=\"1\"><span style=\"font-weight: 400;\">Etapas del ciclo de LAGI<\/span><\/li>\n<li style=\"font-weight: 400;\" aria-level=\"1\"><span style=\"font-weight: 400;\">Ventana de aplicaci\u00f3n ajustada al pozo\u00a0<\/span><\/li>\n<li style=\"font-weight: 400;\" aria-level=\"1\"><span style=\"font-weight: 400;\">Variantes de LAG<\/span> <span style=\"font-weight: 400;\">I.\u00a0<\/span>\n<ul>\n<li style=\"font-weight: 400;\" aria-level=\"2\"><span style=\"font-weight: 400;\">LAGI asistido con pist\u00f3n<\/span><\/li>\n<li style=\"font-weight: 400;\" aria-level=\"2\"><span style=\"font-weight: 400;\">C\u00e1mara de acumulaci\u00f3n<\/span><\/li>\n<li style=\"font-weight: 400;\" aria-level=\"2\"><span style=\"font-weight: 400;\">C\u00e1mara de Gas<\/span><\/li>\n<li style=\"font-weight: 400;\" aria-level=\"2\"><span style=\"font-weight: 400;\">Pist\u00f3n convencional<\/span><\/li>\n<\/ul>\n<\/li>\n<\/ul>\n<\/li>\n<\/ul>\n<ul>\n<li style=\"font-weight: 400;\" aria-level=\"1\"><span style=\"font-weight: 400;\">Comprendiendo la complejidad del LAG intermitente<\/span><\/li>\n<li style=\"font-weight: 400;\" aria-level=\"1\"><span style=\"font-weight: 400;\">Como determinar el tiempo de acumulaci\u00f3n a partir de datos de restauraci\u00f3n de columna<\/span><\/li>\n<\/ul>\n<p>[\/vc_column_text][\/vc_tta_section][vc_tta_section title=&#8221;D\u00cdA 3 y 4&#8243; tab_id=&#8221;1576182511098-e5cce5b9-eadb&#8221;][vc_column_text text_larger=&#8221;no&#8221;]<\/p>\n<ul>\n<li style=\"font-weight: 400;\" aria-level=\"1\"><span style=\"font-weight: 400;\">Proceso y objetivo de un dise\u00f1o LAG Intermitente<\/span><\/li>\n<li style=\"font-weight: 400;\" aria-level=\"1\"><span style=\"font-weight: 400;\">El concepto de resbalamiento en LAG intermitente. Variables que afectan resbalamiento<\/span><\/li>\n<li style=\"font-weight: 400;\" aria-level=\"1\"><span style=\"font-weight: 400;\">Ecuaci\u00f3n de acumulaci\u00f3n de columna de l\u00edquido para afluencia de Darcy y Vogel<\/span><\/li>\n<li style=\"font-weight: 400;\" aria-level=\"1\"><span style=\"font-weight: 400;\">Calculo del \u00cdndice de Productividad en un pozo de LAG intermitente<\/span><\/li>\n<li style=\"font-weight: 400;\" aria-level=\"1\"><span style=\"font-weight: 400;\">La raz\u00f3n por la cual no se puede utilizar an\u00e1lisis nodal en LAG Intermitente<\/span><\/li>\n<li style=\"font-weight: 400;\" aria-level=\"1\"><span style=\"font-weight: 400;\">Como afecta el Indice de Productividad y la presi\u00f3n de yacimiento el dise\u00f1o y operaci\u00f3n del LAG intermitente<\/span><\/li>\n<\/ul>\n<p>[\/vc_column_text][\/vc_tta_section][vc_tta_section title=&#8221;D\u00cdA 5 y 6&#8243; tab_id=&#8221;1576182763896-4bac892d-6549&#8243;][vc_column_text text_larger=&#8221;no&#8221;]<\/p>\n<ul>\n<li style=\"font-weight: 400;\" aria-level=\"1\"><span style=\"font-weight: 400;\">Magnitudes t\u00edpicas de referencia en LAG Intermitente<\/span><\/li>\n<li style=\"font-weight: 400;\" aria-level=\"1\"><span style=\"font-weight: 400;\">Entendiendo la diferencia entre caudal instant\u00e1neo y caudal promedio al dia<\/span><\/li>\n<li style=\"font-weight: 400;\" aria-level=\"1\"><span style=\"font-weight: 400;\">Consideraciones especiales de alt\u00edsimos caudales instant\u00e1neos por pocos segundos en pozos de LAGI\u00a0<\/span><\/li>\n<li style=\"font-weight: 400;\" aria-level=\"1\"><span style=\"font-weight: 400;\">V\u00e1lvulas Piloto. Ecuaci\u00f3n de balance<\/span><\/li>\n<li style=\"font-weight: 400;\" aria-level=\"1\"><span style=\"font-weight: 400;\">Espaciamiento de Mandriles en LAG intermitente . Variables que afectan el espaciamiento\u00a0<\/span><\/li>\n<\/ul>\n<p>[\/vc_column_text][\/vc_tta_section][vc_tta_section title=&#8221;D\u00cdA 7 y 8&#8243; tab_id=&#8221;1576182798537-da815ba4-6578&#8243;][vc_column_text text_larger=&#8221;no&#8221;]<\/p>\n<ul>\n<li style=\"font-weight: 400;\" aria-level=\"1\"><span style=\"font-weight: 400;\">Entender el proceso de desplazamiento del tap\u00f3n y sus requerimientos de gas<\/span><\/li>\n<li style=\"font-weight: 400;\" aria-level=\"1\"><span style=\"font-weight: 400;\">Balance de gas dentro de la tuber\u00eda<\/span><\/li>\n<li style=\"font-weight: 400;\" aria-level=\"1\"><span style=\"font-weight: 400;\">Balance de gas en el revestidor<\/span><\/li>\n<li style=\"font-weight: 400;\" aria-level=\"1\"><span style=\"font-weight: 400;\">Criterio de Selecci\u00f3n de v\u00e1lvula Piloto<\/span><\/li>\n<li style=\"font-weight: 400;\" aria-level=\"1\"><span style=\"font-weight: 400;\">Controladores en superficie<\/span><\/li>\n<\/ul>\n<ul>\n<li style=\"list-style-type: none;\">\n<ul>\n<li style=\"font-weight: 400;\" aria-level=\"1\"><span style=\"font-weight: 400;\">Opcionales en la l\u00ednea de gas en pozos de LAG Intermitente<\/span><\/li>\n<li style=\"font-weight: 400;\" aria-level=\"1\"><span style=\"font-weight: 400;\">Indispensables en la l\u00ednea de flujo en pozos con Pist\u00f3n Convencional <\/span><\/li>\n<\/ul>\n<\/li>\n<\/ul>\n<p>[\/vc_column_text][\/vc_tta_section][vc_tta_section title=&#8221;D\u00cdA 9 y 10&#8243; tab_id=&#8221;1576182828927-bbb3a5b8-4b67&#8243;][vc_column_text text_larger=&#8221;no&#8221;]<\/p>\n<ul>\n<li style=\"font-weight: 400;\" aria-level=\"1\"><span style=\"font-weight: 400;\">Evaluaci\u00f3n\/an\u00e1lisis sistemas LAG Intermitente<\/span><\/li>\n<li style=\"font-weight: 400;\" aria-level=\"1\"><span style=\"font-weight: 400;\">An\u00e1lisis de malas practicas usadas en LAGI\u00a0<\/span><\/li>\n<li style=\"font-weight: 400;\" aria-level=\"1\"><span style=\"font-weight: 400;\">Curva de desempe\u00f1o pozos LAG intermitente<\/span><\/li>\n<li style=\"font-weight: 400;\" aria-level=\"1\"><span style=\"font-weight: 400;\">Diagnostico b\u00e1sicos de sistemas LAG intermitente<\/span><\/li>\n<li style=\"font-weight: 400;\" aria-level=\"1\"><span style=\"font-weight: 400;\">Monitoreo de sistemas LAG Intermitente<\/span><\/li>\n<li style=\"font-weight: 400;\" aria-level=\"1\"><b>Evaluaci\u00f3n al final del curso<\/b><\/li>\n<\/ul>\n<p>[\/vc_column_text][\/vc_tta_section][\/vc_tta_accordion][\/vc_column][\/vc_row][vc_row][vc_column][vc_column_text text_larger=&#8221;no&#8221;]<\/p>\n<h3><b>Valor Agregado De Los Conocimientos Adquiridos E En El Curso<\/b><\/h3>\n<ul>\n<li style=\"list-style-type: none;\"><\/li>\n<li><span style=\"font-weight: 400;\">Entender que es y c\u00f3mo funciona un sistema LAG Intermitente as\u00ed como donde debe utilizarse<\/span><\/li>\n<li><span style=\"font-weight: 400;\">Entender las implicaciones debidos a un mal dise\u00f1o o una mala operaci\u00f3n de un sistema LAG Intermitente<\/span><\/li>\n<li><span style=\"font-weight: 400;\">Comprender que informaci\u00f3n es requerida y como se realiza un dise\u00f1o y una optimizaci\u00f3n de LAG Intermitente independientemente del software utilizado para este prop\u00f3sito\u00a0<\/span><\/li>\n<li aria-level=\"1\"><span style=\"font-weight: 400;\">Aprender\/ampliar\/corregir conceptos y fen\u00f3menos indispensables para para su apropiado dise\u00f1o y optimizaci\u00f3n de sistemas LAG Intermitente<\/span><\/li>\n<\/ul>\n<ul>\n<li style=\"font-weight: 400;\" aria-level=\"1\"><span style=\"font-weight: 400;\">Entender e inferir mejores pr\u00e1cticas para el dise\u00f1o, an\u00e1lisis, optimizaci\u00f3n y monitoreo de sistemas LAG Intermitente<\/span><\/li>\n<\/ul>\n<p>[\/vc_column_text][vc_row_inner css=&#8221;.vc_custom_1644612353216{margin-top: 32px !important;margin-bottom: 32px !important;}&#8221; row_reverse_mobile=&#8221;0&#8243; row_reverse_tablet=&#8221;0&#8243;][vc_column_inner]<div id=\"wd-6206cad8b5624\" class=\"woodmart-button-wrapper text-center\"><a href=\"https:\/\/www.upcoglobal.com\/academy\/instructores\/\" title=\"Instructores\" class=\"btn btn-scheme-light btn-scheme-hover-light btn-style-default btn-shape-rectangle btn-size-default\">Conoce a nuestros instructores<\/a><\/div>[\/vc_column_inner][\/vc_row_inner][\/vc_column][\/vc_row][vc_row full_width=&#8221;stretch_row_content&#8221; content_placement=&#8221;middle&#8221; parallax=&#8221;content-moving-fade&#8221; parallax_image=&#8221;3125&#8243; woodmart_bg_position=&#8221;center-center&#8221; css=&#8221;.vc_custom_1576190420019{padding-top: 70px !important;padding-bottom: 70px !important;}&#8221; mobile_bg_img_hidden=&#8221;no&#8221; tablet_bg_img_hidden=&#8221;no&#8221; woodmart_parallax=&#8221;0&#8243; woodmart_gradient_switch=&#8221;no&#8221; row_reverse_mobile=&#8221;0&#8243; row_reverse_tablet=&#8221;0&#8243; woodmart_disable_overflow=&#8221;0&#8243;][vc_column][vc_custom_heading text=&#8221;Precio $980 USD&#8221; font_container=&#8221;tag:h1|font_size:36|text_align:center|color:%23ffffff&#8221; google_fonts=&#8221;font_family:Roboto%3A100%2C100italic%2C300%2C300italic%2Cregular%2Citalic%2C500%2C500italic%2C700%2C700italic%2C900%2C900italic|font_style:400%20regular%3A400%3Anormal&#8221; css=&#8221;.vc_custom_1645748939018{margin-top: 0px !important;margin-bottom: 0px !important;border-top-width: 0px !important;border-bottom-width: 0px !important;padding-top: 0px !important;padding-bottom: 0px !important;}&#8221;][vc_empty_space woodmart_hide_large=&#8221;0&#8243; woodmart_hide_medium=&#8221;0&#8243; woodmart_hide_small=&#8221;0&#8243; woodmart_hide_extra_small=&#8221;0&#8243;]<div id=\"wd-621822cfc4f33\" class=\"woodmart-button-wrapper text-center\"><a href=\"https:\/\/www2.upcoglobal.com\/l\/675123\/2019-12-18\/452bv\" title=\"\" class=\"btn btn-color-primary btn-style-default btn-shape-rectangle btn-size-default\" target=\"_blank\" rel=\"noopener\">Registrarse<\/a><\/div>[vc_empty_space woodmart_hide_large=&#8221;0&#8243; woodmart_hide_medium=&#8221;0&#8243; woodmart_hide_small=&#8221;0&#8243; woodmart_hide_extra_small=&#8221;0&#8243;][\/vc_column][\/vc_row][vc_row][vc_column][\/vc_column][\/vc_row]<\/p>\n","protected":false},"excerpt":{"rendered":"<p><span style=\"font-weight: 400;\">El Levantamiento Artificial por Gas Intermitente (LAGI) consiste en la inyecci\u00f3n intermitente de gas en la tuber\u00eda de producci\u00f3n a trav\u00e9s de una v\u00e1lvula de LAG especialmente instalada. El gas de levantamiento debe estar presurizado para poder desplazar el tap\u00f3n o columna de l\u00edquido de la tuber\u00eda a la mayor profundidad posible. En superficie el gas de formaci\u00f3n y el gas inyectado son separados del petr\u00f3leo y el agua, luego comprimido donde una parte es enviada de nuevo a los pozos con LAG y el resto es utilizado en otros procesos o comercializado. El LAGI ha sido utilizado por muchas d\u00e9cadas y es ampliamente utilizado en algunos campos alrededor del mundo; EL LAG Intermitente tiene principios de funcionamiento, dise\u00f1o, operaci\u00f3n y calculo completamente diferentes y m\u00e1s complejos que al LAG continuo. Adicionalmente, los pocos softwares comerciales existentes no son tan robustos y confiables como los de LAG continuo, por esta razones es necesario entender los detalles conceptuales y operacionales para garantizar una apropiada aplicaci\u00f3n de este m\u00e9todo<\/span><span style=\"font-weight: 400;\">.<\/span><\/p>\n<p><span style=\"font-weight: 400;\">\u00bfCu\u00e1l es el beneficio del m\u00e9todo sobre la elevaci\u00f3n continua de gas?<\/span><\/p>\n<p><span style=\"font-weight: 400;\">El LAGI es utilizado en pozos con muy baja presi\u00f3n de yacimiento que no pueden fluir en LAG continuo. El dise\u00f1o y optimizaci\u00f3n del sistema LAGI busca acumular y desplazar tapones de l\u00edquido relativamente peque\u00f1os (400 a 900 pies) lo que permite reducir la presi\u00f3n de fondo fluyente por debajo de la presi\u00f3n de yacimiento a pesar de que esta sea muy baja. \u00a0 Este m\u00e9todo es particularmente atractivo para pozos de LAG contin\u00fao agotados, pues tan solo con una operaci\u00f3n de guaya fina se instala una v\u00e1lvula piloto para volver a poner el pozo en producci\u00f3n.\u00a0<\/span><\/p>\n<p><span style=\"font-weight: 400;\">Para tener una operaci\u00f3n de LAG intermitente adecuada es necesario seleccionar los pozos apropiados para su aplicaci\u00f3n. Este criterio de selecci\u00f3n debe ser basado en las ventajas y limitaciones del m\u00e9todo, la comprensi\u00f3n de cada una de sus componentes y conocimiento del proceso de dise\u00f1o\/dimensionamiento del equipo, y su optimizaci\u00f3n.<\/span><\/p>\n<p><b>Price: $980 USD<\/b><\/p>\n<p><b>Mode: Online<\/b><\/p>\n","protected":false},"featured_media":3290,"template":"","meta":{"_exactmetrics_skip_tracking":false,"_exactmetrics_sitenote_active":false,"_exactmetrics_sitenote_note":"","_exactmetrics_sitenote_category":0},"product_brand":[],"product_cat":[69,84],"product_tag":[76,77],"class_list":{"0":"post-3289","1":"product","2":"type-product","3":"status-publish","4":"has-post-thumbnail","6":"product_cat-incompany-training","7":"product_cat-training-online-incompany","8":"product_tag-english","9":"product_tag-spanish","11":"first","12":"instock","13":"shipping-taxable","14":"product-type-external"},"_links":{"self":[{"href":"https:\/\/www.upcoglobal.com\/academy\/wp-json\/wp\/v2\/product\/3289","targetHints":{"allow":["GET"]}}],"collection":[{"href":"https:\/\/www.upcoglobal.com\/academy\/wp-json\/wp\/v2\/product"}],"about":[{"href":"https:\/\/www.upcoglobal.com\/academy\/wp-json\/wp\/v2\/types\/product"}],"wp:featuredmedia":[{"embeddable":true,"href":"https:\/\/www.upcoglobal.com\/academy\/wp-json\/wp\/v2\/media\/3290"}],"wp:attachment":[{"href":"https:\/\/www.upcoglobal.com\/academy\/wp-json\/wp\/v2\/media?parent=3289"}],"wp:term":[{"taxonomy":"product_brand","embeddable":true,"href":"https:\/\/www.upcoglobal.com\/academy\/wp-json\/wp\/v2\/product_brand?post=3289"},{"taxonomy":"product_cat","embeddable":true,"href":"https:\/\/www.upcoglobal.com\/academy\/wp-json\/wp\/v2\/product_cat?post=3289"},{"taxonomy":"product_tag","embeddable":true,"href":"https:\/\/www.upcoglobal.com\/academy\/wp-json\/wp\/v2\/product_tag?post=3289"}],"curies":[{"name":"wp","href":"https:\/\/api.w.org\/{rel}","templated":true}]}}