{"id":3317,"date":"2019-12-20T16:25:56","date_gmt":"2019-12-20T15:25:56","guid":{"rendered":"https:\/\/www.upcoglobal.com\/academy\/?post_type=product&#038;p=3317"},"modified":"2021-11-07T22:18:11","modified_gmt":"2021-11-07T21:18:11","slug":"gas-lift-intermitente","status":"publish","type":"product","link":"https:\/\/www.upcoglobal.com\/academy\/product\/gas-lift-intermitente\/","title":{"rendered":"Gas Lift Intermitente"},"content":{"rendered":"<p>[vc_row][vc_column][\/vc_column][\/vc_row][vc_row][vc_column][vc_column_text text_larger=&#8221;no&#8221;]<\/p>\n<h3>Fecha: 6-12 de Diciembre<\/h3>\n<p><b>Hora: <\/b><\/p>\n<ul>\n<li>9:30 AM a 11:30 AM &#8211; 1:00 PM a 3:00 PM (CDMX)<\/li>\n<li>10:30 AM a 12:30 PM &#8211; 2:00 PM a 4:00 PM (Bogot\u00e1)<\/li>\n<li>11:30 AM a 1:30 PM &#8211; 3:00 PM a 5:00 PM (Venezuela)<\/li>\n<\/ul>\n<h3><b>Objetivo General<\/b><\/h3>\n<ul>\n<li>Comprender los fundamentos te\u00f3ricos del m\u00e9todo de levantamiento artificial por gas intermitente y la interrelaci\u00f3n de todos las etapas y componentes que conforman este sistema<\/li>\n<\/ul>\n<h3><b>Objetivo\u00a0<\/b>Espec\u00edficos<\/h3>\n<ul>\n<li>Entender las Ventajas y limitaciones del sistema LAG Intermitente, su ventana de aplicaci\u00f3n para la apropiada selecci\u00f3n de pozos.<\/li>\n<li>Comprender los componentes que conforman un sistema de LAG Intermitente y sus funciones.<\/li>\n<li>Comprender como las condiciones del yacimiento (afluencia, %agua, Relaci\u00f3n gas petr\u00f3leo, , propiedades PVT, viscosidad, etc.) y la configuraci\u00f3n mec\u00e1nica del pozo (trayectoria -completacion) imponen restricciones para el dise\u00f1o y optimizaci\u00f3n de un sistema LAG intermitente.<\/li>\n<li>Entender las etapas que comprenden de un ciclo de LAGI y sus fen\u00f3menos transientes que requieren software y conceptos diferentes a los usados en LAG continuo.<\/li>\n<li>Entender la diferencia entre LAG intermitente y pist\u00f3n convencional<\/li>\n<li>Entender el proceso de acumulaci\u00f3n para el c\u00e1lculo adecuado del tiempo de ciclo<\/li>\n<li>Entender como se calcula el \u00cdndice de Productividad en un pozo de LAG intermitente considerando que su presi\u00f3n de fondo fluyente no es constante<\/li>\n<li>Entender el proceso de desplazamiento del tap\u00f3n y los correspondientes requerimientos de gas<\/li>\n<li>Comprender las variables operacionales que afectan el desempe\u00f1o del LAG Intermitente.<\/li>\n<li>Aprender el proceso paso a paso de dise\u00f1o (selecci\u00f3n, configuraci\u00f3n y dimensionamiento de equipos) de un sistema LAG intermitente<\/li>\n<li>Aprender la diferencia entre dise\u00f1o y an\u00e1lisis-optimizaci\u00f3n de un pozo de LAG intermitente<\/li>\n<li>Aprender las variables de Monitoreo y el diagnostico b\u00e1sico de LAGI<\/li>\n<\/ul>\n<h3><b>A qui\u00e9n va dirigido<\/b><\/h3>\n<ul>\n<li>Ingenieros de Petr\u00f3leo<\/li>\n<li>Ingenieros de Producci\u00f3n<\/li>\n<li>Ingenieros de Optimizaci\u00f3n<\/li>\n<li>Ingenieros o T\u00e9cnicos de Operaci\u00f3n de Campos petroleros<\/li>\n<\/ul>\n<p>[\/vc_column_text][\/vc_column][\/vc_row][vc_row][vc_column][vc_tta_accordion active_section=&#8221;1&#8243; collapsible_all=&#8221;true&#8221; title=&#8221;Contenido Program\u00e1tico&#8221;][vc_tta_section title=&#8221;D\u00eda 1&#8243; tab_id=&#8221;1576182437238-f99683ea-9758&#8243;][vc_column_text text_larger=&#8221;no&#8221;]<\/p>\n<ul>\n<li style=\"list-style-type: none;\">\n<ul>\n<li style=\"list-style-type: none;\">\n<ul>\n<li><b>Evaluaci\u00f3n al inicio del curso.<\/b><\/li>\n<\/ul>\n<\/li>\n<\/ul>\n<ul>\n<li>Introducci\u00f3n.<\/li>\n<li>Comparaci\u00f3n M\u00e9todos de levantamiento artificial existentes:<\/li>\n<li>Levantamiento artificial por gas<\/li>\n<li>Bombeo con Balanc\u00edn<\/li>\n<li>Pist\u00f3n convencional<\/li>\n<li>Bombeo Hidr\u00e1ulico tipo Pist\u00f3n<\/li>\n<li>Bombeo Hidr\u00e1ulico tipo Jet<\/li>\n<li>Bombeo Electrosumergible.<\/li>\n<li>Levantamiento Artificial por Gas Intermitente<\/li>\n<li>Ventajas y Limitaciones<\/li>\n<li>Ventana gen\u00e9rica de aplicaci\u00f3n<\/li>\n<li>Componentes del sistema LAG Intermitente<\/li>\n<li>Etapas del ciclo de LAGI<\/li>\n<li>Ventana de aplicaci\u00f3n ajustada al pozo.<\/li>\n<li>Variantes de LAG\n<ul>\n<li>LAGI asistido con pist\u00f3n<\/li>\n<li>C\u00e1mara de acumulaci\u00f3n<\/li>\n<li>C\u00e1mara de Gas<\/li>\n<li>Pist\u00f3n convencional<\/li>\n<\/ul>\n<\/li>\n<li>Comprendiendo la complejidad del LAG intermitente<\/li>\n<li>Como determinar el tiempo de acumulaci\u00f3n a partir de datos de restauraci\u00f3n de columna<\/li>\n<\/ul>\n<\/li>\n<\/ul>\n<p>[\/vc_column_text][\/vc_tta_section][vc_tta_section title=&#8221;D\u00eda 2&#8243; tab_id=&#8221;1576182511098-e5cce5b9-eadb&#8221;][vc_column_text text_larger=&#8221;no&#8221;]<\/p>\n<ul>\n<li>Proceso y objetivo de un dise\u00f1o LAG Intermitente<\/li>\n<li>El concepto de resbalamiento en LAG intermitente. Variables que afectan resbalamiento<\/li>\n<li>Ecuaci\u00f3n de acumulaci\u00f3n de columna de l\u00edquido para afluencia de Darcy y Vogel<\/li>\n<li>Calculo del \u00cdndice de Productividad en un pozo de LAG intermitente<\/li>\n<li>La raz\u00f3n por la cual no se puede utilizar an\u00e1lisis nodal en LAG Intermitente<\/li>\n<li>Como afecta el Indice de Productividad y la presi\u00f3n de yacimiento el dise\u00f1o y operaci\u00f3n del LAG intermitente<\/li>\n<\/ul>\n<p>[\/vc_column_text][\/vc_tta_section][vc_tta_section title=&#8221;D\u00eda 3&#8243; tab_id=&#8221;1576182763896-4bac892d-6549&#8243;][vc_column_text text_larger=&#8221;no&#8221;]<\/p>\n<ul>\n<li>Magnitudes t\u00edpicas de referencia en LAG Intermitente<\/li>\n<li>Entendiendo la diferencia entre caudal instant\u00e1neo y caudal promedio al dia<\/li>\n<li>Consideraciones especiales de alt\u00edsimos caudales instant\u00e1neos por pocos segundos en pozos de LAGI.<\/li>\n<li>V\u00e1lvulas Piloto. Ecuaci\u00f3n de balance.<\/li>\n<li>Espaciamiento de Mandriles en LAG intermitente. Variables que afectan el espaciamiento.<\/li>\n<\/ul>\n<p>[\/vc_column_text][\/vc_tta_section][vc_tta_section title=&#8221;D\u00eda 4&#8243; tab_id=&#8221;1576182798537-da815ba4-6578&#8243;][vc_column_text text_larger=&#8221;no&#8221;]<\/p>\n<ul>\n<li style=\"list-style-type: none;\">\n<ul>\n<li>Entender el proceso de desplazamiento del tap\u00f3n y sus requerimientos de gas<\/li>\n<li>Balance de gas dentro de la tuber\u00eda<\/li>\n<li>Balance de gas en el revestidor<\/li>\n<li>Criterio de Selecci\u00f3n de v\u00e1lvula Piloto<\/li>\n<li>Controladores en superficie<\/li>\n<\/ul>\n<\/li>\n<\/ul>\n<p>&#8211; Opcionales en la l\u00ednea de gas en pozos de LAG Intermitente<br \/>\n&#8211; Indispensables en la l\u00ednea de flujo en pozos con Pist\u00f3n Convencional[\/vc_column_text][\/vc_tta_section][vc_tta_section title=&#8221;D\u00eda 5&#8243; tab_id=&#8221;1576656320905-98c51477-a25a&#8221;][vc_column_text text_larger=&#8221;no&#8221;]<\/p>\n<ul>\n<li>Evaluaci\u00f3n\/an\u00e1lisis sistemas LAG Intermitente<\/li>\n<li>An\u00e1lisis de malas practicas usadas en LAGI<\/li>\n<li>Curva de desempe\u00f1o pozos LAG intermitente<\/li>\n<li>Diagnostico b\u00e1sicos de sistemas LAG intermitente<\/li>\n<li>Monitoreo de sistemas LAG Intermitente<\/li>\n<li><b>Evaluaci\u00f3n al final del curso.<\/b><\/li>\n<\/ul>\n<p>[\/vc_column_text][\/vc_tta_section][\/vc_tta_accordion][vc_column_text text_larger=&#8221;no&#8221;]<\/p>\n<h3><b>Valor agregado de los conocimientos adquiridos en el curso<\/b><\/h3>\n<ul>\n<li>Entender que es y c\u00f3mo funciona un sistema LAG Intermitente as\u00ed como donde debe utilizarse<\/li>\n<li>Entender las implicaciones debidos a un mal dise\u00f1o o una mala operaci\u00f3n de un sistema LAG Intermitente<\/li>\n<li>Comprender que informaci\u00f3n es requerida y como se realiza un dise\u00f1o y una optimizaci\u00f3n de LAG Intermitente independientemente del software utilizado para este prop\u00f3sito<\/li>\n<li>Aprender\/ampliar\/corregir conceptos y fen\u00f3menos indispensables para para su apropiado dise\u00f1o y optimizaci\u00f3n de sistemas LAG Intermitente<\/li>\n<li>Entender e inferir mejores pr\u00e1cticas para el dise\u00f1o, an\u00e1lisis, optimizaci\u00f3n y monitoreo de sistemas LAG Intermitente<\/li>\n<\/ul>\n<p>[\/vc_column_text][\/vc_column][\/vc_row][vc_row full_width=&#8221;stretch_row&#8221; content_placement=&#8221;middle&#8221; mobile_bg_img_hidden=&#8221;no&#8221; tablet_bg_img_hidden=&#8221;no&#8221; woodmart_parallax=&#8221;0&#8243; woodmart_gradient_switch=&#8221;no&#8221; row_reverse_mobile=&#8221;0&#8243; row_reverse_tablet=&#8221;0&#8243; woodmart_disable_overflow=&#8221;0&#8243;][vc_column width=&#8221;1\/4&#8243; mobile_bg_img_hidden=&#8221;no&#8221; tablet_bg_img_hidden=&#8221;no&#8221; woodmart_parallax=&#8221;0&#8243; woodmart_sticky_column=&#8221;false&#8221; parallax_scroll=&#8221;no&#8221; mobile_reset_margin=&#8221;no&#8221; tablet_reset_margin=&#8221;no&#8221;][vc_empty_space woodmart_hide_large=&#8221;0&#8243; woodmart_hide_medium=&#8221;0&#8243; woodmart_hide_small=&#8221;0&#8243; woodmart_hide_extra_small=&#8221;0&#8243;][vc_single_image image=&#8221;3374&#8243; img_size=&#8221;medium&#8221; alignment=&#8221;center&#8221; parallax_scroll=&#8221;no&#8221;][\/vc_column][vc_column width=&#8221;3\/4&#8243;][vc_empty_space woodmart_hide_large=&#8221;0&#8243; woodmart_hide_medium=&#8221;0&#8243; woodmart_hide_small=&#8221;0&#8243; woodmart_hide_extra_small=&#8221;0&#8243;][vc_column_text text_larger=&#8221;no&#8221;]<\/p>\n<h3><b>Instructor:<\/b><\/h3>\n<p><strong>Sergio Caicedo<\/strong>, Licenciado en F\u00edsica, Ingeniero en Computaci\u00f3n, graduado en la Universidad Sim\u00f3n Bol\u00edvar, curs\u00f3 la Maestr\u00eda en Ingenier\u00eda de Petr\u00f3leo en la Universidad de Texas at Austin, USA. Con 26 a\u00f1os de experiencia como especialista en productividad de pozos, levantamiento artificial y desarrollo de software aplicado a la producci\u00f3n de petr\u00f3leo. Ha trabajado como instructor dictando cursos en el \u00e1rea de producci\u00f3n de petr\u00f3leo donde ha entrenado 700+ ingenieros en las compa\u00f1\u00edas donde ha trabajado. El Ing. Caicedo ha desarrollado proyectos innovadores trabajando en equipos multidisciplinarios. Ha desarrollado herramientas de c\u00e1lculo para asistir a los ingenieros de campo en\u00a0 la Productividad de Pozos con Inyecci\u00f3n Alterna de Vapor incluyendo los c\u00e1lculos de p\u00e9rdidas de calor en la inyecci\u00f3n, radios de calentamiento, \u00cdndice de productividad en caliente y modelo de enfriamiento con Levantamiento Artificial .\u00a0 Tambi\u00e9n ha trabajado en los c\u00e1lculos de los Efectos de Calentamiento Resistivo en Fondo de Pozo con BCP\/BM. El Ing. Caicedo ha desarrollado m\u00e9todos de incertidumbre para el \u00e1rea de producci\u00f3n como por el ejemplo el c\u00e1lculo de vol\u00famenes de Geles para el Control de Agua. Adicionalmente ha estudiado la Factibilidad de Ultrasonido para Estimulaci\u00f3n de Pozos, y ha publicado m\u00faltiples art\u00edculos en Optimizaci\u00f3n de la Producci\u00f3n. El Ing. Caicedo se ha desempe\u00f1ado como especialista en levantamiento artificial en Venezuela, Kuwait, Emiratos \u00c1rabes Unidos y EE.UU.<\/p>\n<p>El Ing. Caicedo ha sido galardonado con el SPE Middle East Production and Operations Award 2015 por sus aportes t\u00e9cnicos en levantamiento artificial para la producci\u00f3n de hidrocarburos.[\/vc_column_text][\/vc_column][\/vc_row][vc_row full_width=&#8221;stretch_row_content&#8221; content_placement=&#8221;middle&#8221; parallax=&#8221;content-moving-fade&#8221; parallax_image=&#8221;3125&#8243; woodmart_bg_position=&#8221;center-center&#8221; css=&#8221;.vc_custom_1576190420019{padding-top: 70px !important;padding-bottom: 70px !important;}&#8221; mobile_bg_img_hidden=&#8221;no&#8221; tablet_bg_img_hidden=&#8221;no&#8221; woodmart_parallax=&#8221;0&#8243; woodmart_gradient_switch=&#8221;no&#8221; row_reverse_mobile=&#8221;0&#8243; row_reverse_tablet=&#8221;0&#8243; woodmart_disable_overflow=&#8221;0&#8243;][vc_column][vc_column_text text_larger=&#8221;no&#8221;]<\/p>\n<h4 align=\"center\"><font color=\"#FFFFFF\">Costo por participante: $985 USD<\/font><br \/>\n<font color=\"#FFFFFF\">Costo para estudiantes: $450 USD *ciertas condiciones aplican<\/font><\/h4>\n<p>[\/vc_column_text]<div id=\"wd-618841d83dbec\" class=\"woodmart-button-wrapper text-center\"><a href=\"https:\/\/www2.upcoglobal.com\/l\/675123\/2019-02-13\/g9w\" title=\"\" target=\"_blank\" class=\"btn btn-color-primary btn-style-default btn-shape-rectangle btn-size-default\" rel=\"noopener\">Registrarse<\/a><\/div>[vc_empty_space woodmart_hide_large=&#8221;0&#8243; woodmart_hide_medium=&#8221;0&#8243; woodmart_hide_small=&#8221;0&#8243; woodmart_hide_extra_small=&#8221;0&#8243;][\/vc_column][\/vc_row]<\/p>\n","protected":false},"excerpt":{"rendered":"<p>El Levantamiento Artificial por Gas Intermitente (LAGI) consiste en la inyecci\u00f3n intermitente de gas en la tuber\u00eda de producci\u00f3n a trav\u00e9s de una v\u00e1lvula de LAG especialmente instalada. El gas de levantamiento debe estar presurizado para poder desplazar el tap\u00f3n o columna de l\u00edquido de la tuber\u00eda a la mayor profundidad posible. En superficie el gas de formaci\u00f3n y el gas inyectado son separados del petr\u00f3leo y el agua, luego comprimido donde una parte es enviada de nuevo a los pozos con LAG y el resto es utilizado en otros procesos o comercializado. El LAGI ha sido utilizado por muchas d\u00e9cadas y es ampliamente utilizado en algunos campos alrededor del mundo; EL LAG Intermitente tiene principios de funcionamiento, dise\u00f1o, operaci\u00f3n y calculo completamente diferentes y m\u00e1s complejos que al LAG continuo. Adicionalmente, los pocos softwares comerciales existentes no son tan robustos y confiables como los de LAG continuo, por esta razones es necesario entender los detalles conceptuales y operacionales para garantizar una apropiada aplicaci\u00f3n de este m\u00e9todo.<\/p>\n<p>El LAGI es utilizado en pozos con muy baja presi\u00f3n de yacimiento que no pueden fluir en LAG continuo. El dise\u00f1o y optimizaci\u00f3n del sistema LAGI busca acumular y desplazar tapones de l\u00edquido relativamente peque\u00f1os (400 a 900 pies) lo que permite reducir la presi\u00f3n de fondo fluyente por debajo de la presi\u00f3n de yacimiento a pesar de que esta sea muy baja.\u00a0\u00a0 Este m\u00e9todo es particularmente atractivo para pozos de LAG contin\u00fao agotados, pues tan solo con una operaci\u00f3n de guaya fina se instala una v\u00e1lvula piloto para volver a poner el pozo en producci\u00f3n.<\/p>\n<p>Para tener una operaci\u00f3n de LAG intermitente adecuada es necesario seleccionar los pozos apropiados para su aplicaci\u00f3n. Este criterio de selecci\u00f3n debe ser basado en las ventajas y limitaciones del m\u00e9todo, la comprensi\u00f3n de cada una de sus componentes y conocimiento del proceso de dise\u00f1o\/dimensionamiento del equipo, y su optimizaci\u00f3n.<\/p>\n","protected":false},"featured_media":4125,"template":"","meta":{"_exactmetrics_skip_tracking":false,"_exactmetrics_sitenote_active":false,"_exactmetrics_sitenote_note":"","_exactmetrics_sitenote_category":0},"product_brand":[],"product_cat":[67],"product_tag":[77],"class_list":{"0":"post-3317","1":"product","2":"type-product","3":"status-publish","4":"has-post-thumbnail","6":"product_cat-online-training","7":"product_tag-spanish","9":"first","10":"instock","11":"shipping-taxable","12":"product-type-external"},"_links":{"self":[{"href":"https:\/\/www.upcoglobal.com\/academy\/wp-json\/wp\/v2\/product\/3317","targetHints":{"allow":["GET"]}}],"collection":[{"href":"https:\/\/www.upcoglobal.com\/academy\/wp-json\/wp\/v2\/product"}],"about":[{"href":"https:\/\/www.upcoglobal.com\/academy\/wp-json\/wp\/v2\/types\/product"}],"wp:featuredmedia":[{"embeddable":true,"href":"https:\/\/www.upcoglobal.com\/academy\/wp-json\/wp\/v2\/media\/4125"}],"wp:attachment":[{"href":"https:\/\/www.upcoglobal.com\/academy\/wp-json\/wp\/v2\/media?parent=3317"}],"wp:term":[{"taxonomy":"product_brand","embeddable":true,"href":"https:\/\/www.upcoglobal.com\/academy\/wp-json\/wp\/v2\/product_brand?post=3317"},{"taxonomy":"product_cat","embeddable":true,"href":"https:\/\/www.upcoglobal.com\/academy\/wp-json\/wp\/v2\/product_cat?post=3317"},{"taxonomy":"product_tag","embeddable":true,"href":"https:\/\/www.upcoglobal.com\/academy\/wp-json\/wp\/v2\/product_tag?post=3317"}],"curies":[{"name":"wp","href":"https:\/\/api.w.org\/{rel}","templated":true}]}}