{"id":3320,"date":"2019-12-20T16:27:14","date_gmt":"2019-12-20T15:27:14","guid":{"rendered":"https:\/\/www.upcoglobal.com\/academy\/?post_type=product&#038;p=3320"},"modified":"2021-08-09T01:33:34","modified_gmt":"2021-08-08T23:33:34","slug":"xspoc-usuario-spanish-coming-soon","status":"publish","type":"product","link":"https:\/\/www.upcoglobal.com\/academy\/product\/xspoc-usuario-spanish-coming-soon\/","title":{"rendered":"XSPOC USER (Spanish)"},"content":{"rendered":"<p>[vc_row][vc_column][\/vc_column][\/vc_row][vc_row][vc_column][vc_column_text text_larger=&#8221;no&#8221;]<\/p>\n<h3><b>Objetivo General<\/b><\/h3>\n<p>Brindar conocimientos relacionados a las operaciones de monitoreo, control y an\u00e1lisis de pozos a trav\u00e9s de la plataforma XSPOC a nivel de usuario.<\/p>\n<h3><b>Objetivo\u00a0<\/b>Espec\u00edficos<\/h3>\n<ul>\n<li>Conocer la funcionalidad de la Plataforma de monitoreo y control XSPOC<\/li>\n<li>Fortalecer los conocimientos para el diagn\u00f3stico de fallas desde la plataforma.<\/li>\n<li>Crear planes de trabajo basados en la data recolectada por el Xspoc.<\/li>\n<\/ul>\n<h3><b>A qui\u00e9n va dirigido<\/b><\/h3>\n<ul>\n<li>Ingenieros de inform\u00e1tica.<\/li>\n<li>Ingenieros de Electr\u00f3nica.<\/li>\n<li>Ingenieros Electricista.<\/li>\n<li>Ingenieros o T\u00e9cnicos \u00a0de Campos petroleros relacionados con la automatizaci\u00f3n de pozos.<\/li>\n<\/ul>\n<p>[\/vc_column_text][\/vc_column][\/vc_row][vc_row][vc_column][vc_tta_accordion active_section=&#8221;1&#8243; collapsible_all=&#8221;true&#8221; title=&#8221;Contenido Program\u00e1tico&#8221;][vc_tta_section title=&#8221;D\u00eda 1&#8243; tab_id=&#8221;1576182437238-f99683ea-9758&#8243;][vc_column_text text_larger=&#8221;no&#8221;]<\/p>\n<ul>\n<li><b>Evaluaci\u00f3n al inicio del curso.<\/b><\/li>\n<li>Introducci\u00f3n.<\/li>\n<li>Navegacion por la plataforma.<\/li>\n<li>Estado del pozo.<\/li>\n<li>Acciones referidas a un pozo.<\/li>\n<\/ul>\n<p>[\/vc_column_text][\/vc_tta_section][vc_tta_section title=&#8221;D\u00eda 2&#8243; tab_id=&#8221;1576182511098-e5cce5b9-eadb&#8221;][vc_column_text text_larger=&#8221;no&#8221;]<\/p>\n<ul>\n<li>An\u00e1lisis del pozo.<\/li>\n<li>Funcionamiento del pozo.<\/li>\n<li>Configuraci\u00f3n del pozo.<\/li>\n<\/ul>\n<p>[\/vc_column_text][\/vc_tta_section][vc_tta_section title=&#8221;D\u00eda 3&#8243; tab_id=&#8221;1576182763896-4bac892d-6549&#8243;][vc_column_text text_larger=&#8221;no&#8221;]<\/p>\n<ul>\n<li>Estado de Grupos de pozo.<\/li>\n<li>Crear vistas de Grupo.<\/li>\n<li>Armar Grupo de pozos.<\/li>\n<\/ul>\n<p>[\/vc_column_text][\/vc_tta_section][vc_tta_section title=&#8221;D\u00eda 4&#8243; tab_id=&#8221;1576182798537-da815ba4-6578&#8243;][vc_column_text text_larger=&#8221;no&#8221;]<\/p>\n<ul>\n<li>Hist\u00f3ricos de fallas.<\/li>\n<li>Reportes<\/li>\n<li>Estado de planta<\/li>\n<li><b>Evaluaci\u00f3n al final del curso.<\/b><\/li>\n<\/ul>\n<p>[\/vc_column_text][\/vc_tta_section][\/vc_tta_accordion][vc_column_text text_larger=&#8221;no&#8221;]<\/p>\n<h3><b>Valor agregado de los conocimientos adquiridos en el curso<\/b><\/h3>\n<ul>\n<li>Principios fundamentales de monitoreo y control de pozos.<\/li>\n<li>Importancia de la optimizaci\u00f3n de pozos productores.<\/li>\n<li>Comprender los sistemas SCADA.<\/li>\n<li>Instalaci\u00f3n de nuevos usuarios Xspoc.<\/li>\n<\/ul>\n<p>[\/vc_column_text][\/vc_column][\/vc_row][vc_row full_width=&#8221;stretch_row&#8221; content_placement=&#8221;middle&#8221; mobile_bg_img_hidden=&#8221;no&#8221; tablet_bg_img_hidden=&#8221;no&#8221; woodmart_parallax=&#8221;0&#8243; woodmart_gradient_switch=&#8221;no&#8221; row_reverse_mobile=&#8221;0&#8243; row_reverse_tablet=&#8221;0&#8243; woodmart_disable_overflow=&#8221;0&#8243;][vc_column width=&#8221;1\/4&#8243; mobile_bg_img_hidden=&#8221;no&#8221; tablet_bg_img_hidden=&#8221;no&#8221; woodmart_parallax=&#8221;0&#8243; woodmart_sticky_column=&#8221;false&#8221; parallax_scroll=&#8221;no&#8221; mobile_reset_margin=&#8221;no&#8221; tablet_reset_margin=&#8221;no&#8221;][vc_empty_space woodmart_hide_large=&#8221;0&#8243; woodmart_hide_medium=&#8221;0&#8243; woodmart_hide_small=&#8221;0&#8243; woodmart_hide_extra_small=&#8221;0&#8243;][vc_single_image image=&#8221;3376&#8243; img_size=&#8221;medium&#8221; alignment=&#8221;center&#8221; parallax_scroll=&#8221;no&#8221;][\/vc_column][vc_column width=&#8221;3\/4&#8243;][vc_empty_space woodmart_hide_large=&#8221;0&#8243; woodmart_hide_medium=&#8221;0&#8243; woodmart_hide_small=&#8221;0&#8243; woodmart_hide_extra_small=&#8221;0&#8243;][vc_column_text text_larger=&#8221;no&#8221;]<\/p>\n<h3><b>Instructor:<\/b><\/h3>\n<p><b>Andres Gutierrez<\/b>, Ingeniero Electricista , curso diplomado en Automatizaci\u00f3n e instrumentaci\u00f3n industrial , graduado de la universidad del Zulia, actualmente cursando la maestr\u00eda de Ingenier\u00eda de control y automatizaci\u00f3n de procesos , con casi 4 a\u00f1o de experiencia como especialista de automatizaci\u00f3n de pozos productores ,instrumentaci\u00f3n asociada a pozos y administrador de sistemas Scada para pozos . Ha trabajo en diversa implementaciones para la mejoras de equipos de control, plan de mantenimientos de equipos el\u00e9ctricos como variadores de frecuencia, controladores y telemetr\u00eda en general . Ha trabajado como instructor dictando cursos en el \u00e1rea de automatizaci\u00f3n en el \u00e1mbito petrolero en las compa\u00f1\u00edas donde ha trabajado.Tambi\u00e9n ha trabajado en la integraci\u00f3n de equipos para la optimizaci\u00f3n de pozos basado en las condiciones de fondo.[\/vc_column_text][\/vc_column][\/vc_row][vc_row full_width=&#8221;stretch_row_content&#8221; content_placement=&#8221;middle&#8221; parallax=&#8221;content-moving-fade&#8221; parallax_image=&#8221;3125&#8243; woodmart_bg_position=&#8221;center-center&#8221; css=&#8221;.vc_custom_1576190420019{padding-top: 70px !important;padding-bottom: 70px !important;}&#8221; mobile_bg_img_hidden=&#8221;no&#8221; tablet_bg_img_hidden=&#8221;no&#8221; woodmart_parallax=&#8221;0&#8243; woodmart_gradient_switch=&#8221;no&#8221; row_reverse_mobile=&#8221;0&#8243; row_reverse_tablet=&#8221;0&#8243; woodmart_disable_overflow=&#8221;0&#8243;][vc_column][vc_custom_heading text=&#8221;Solicita este entrenamiento ahora&#8221; font_container=&#8221;tag:h1|font_size:36|text_align:center|color:%23ffffff&#8221; google_fonts=&#8221;font_family:Roboto%3A100%2C100italic%2C300%2C300italic%2Cregular%2Citalic%2C500%2C500italic%2C700%2C700italic%2C900%2C900italic|font_style:400%20regular%3A400%3Anormal&#8221; css=&#8221;.vc_custom_1576526899212{margin-top: 0px !important;margin-bottom: 0px !important;border-top-width: 0px !important;border-bottom-width: 0px !important;padding-top: 0px !important;padding-bottom: 0px !important;}&#8221;][vc_empty_space woodmart_hide_large=&#8221;0&#8243; woodmart_hide_medium=&#8221;0&#8243; woodmart_hide_small=&#8221;0&#8243; woodmart_hide_extra_small=&#8221;0&#8243;]<div id=\"wd-5dfcea2897646\" class=\"woodmart-button-wrapper text-center\"><a href=\"http:\/\/www2.upcoglobal.com\/online-training-coming-soon\" title=\"\" target=\"_blank\" class=\"btn btn-color-primary btn-style-default btn-shape-rectangle btn-size-default\" rel=\"noopener\">Solicita Ahora<\/a><\/div>[vc_empty_space woodmart_hide_large=&#8221;0&#8243; woodmart_hide_medium=&#8221;0&#8243; woodmart_hide_small=&#8221;0&#8243; woodmart_hide_extra_small=&#8221;0&#8243;][\/vc_column][\/vc_row]<\/p>\n","protected":false},"excerpt":{"rendered":"<p>Su versatilidad y funcionalidad permiten a los usuarios que integran los <strong>departamento de operaciones <\/strong>poder realizar revisiones r\u00e1pidas de las condiciones del campo, reportes en solo segundos de las condiciones operacionales, as\u00ed como distribuir y asignar recursos.<\/p>\n<p>Para el <strong>departamento de optimizaci\u00f3n<\/strong>, XSPOC es una herramienta crucial, pues es la herramienta fundamental para revisar, hist\u00f3ricos de variables operacionales, validaci\u00f3n de producci\u00f3n y an\u00e1lisis tanto r\u00e1pido como detallado que permite determinar acciones optimizaci\u00f3n de producci\u00f3n y evaluar sus resultados.<\/p>\n<p><img loading=\"lazy\" decoding=\"async\" class=\"alignnone size-full wp-image-3399\" src=\"https:\/\/www.upcoglobal.com\/academy\/wp-content\/uploads\/2019\/12\/CERTIFICATE.png\" alt=\"\" width=\"301\" height=\"25\" \/><\/p>\n","protected":false},"featured_media":3444,"template":"","meta":{"_exactmetrics_skip_tracking":false,"_exactmetrics_sitenote_active":false,"_exactmetrics_sitenote_note":"","_exactmetrics_sitenote_category":0},"product_brand":[],"product_cat":[67,79,84],"product_tag":[77],"class_list":{"0":"post-3320","1":"product","2":"type-product","3":"status-publish","4":"has-post-thumbnail","6":"product_cat-online-training","7":"product_cat-coming-soon","8":"product_cat-training-online-incompany","9":"product_tag-spanish","11":"first","12":"instock","13":"shipping-taxable","14":"product-type-external"},"_links":{"self":[{"href":"https:\/\/www.upcoglobal.com\/academy\/wp-json\/wp\/v2\/product\/3320","targetHints":{"allow":["GET"]}}],"collection":[{"href":"https:\/\/www.upcoglobal.com\/academy\/wp-json\/wp\/v2\/product"}],"about":[{"href":"https:\/\/www.upcoglobal.com\/academy\/wp-json\/wp\/v2\/types\/product"}],"wp:featuredmedia":[{"embeddable":true,"href":"https:\/\/www.upcoglobal.com\/academy\/wp-json\/wp\/v2\/media\/3444"}],"wp:attachment":[{"href":"https:\/\/www.upcoglobal.com\/academy\/wp-json\/wp\/v2\/media?parent=3320"}],"wp:term":[{"taxonomy":"product_brand","embeddable":true,"href":"https:\/\/www.upcoglobal.com\/academy\/wp-json\/wp\/v2\/product_brand?post=3320"},{"taxonomy":"product_cat","embeddable":true,"href":"https:\/\/www.upcoglobal.com\/academy\/wp-json\/wp\/v2\/product_cat?post=3320"},{"taxonomy":"product_tag","embeddable":true,"href":"https:\/\/www.upcoglobal.com\/academy\/wp-json\/wp\/v2\/product_tag?post=3320"}],"curies":[{"name":"wp","href":"https:\/\/api.w.org\/{rel}","templated":true}]}}