{"id":3323,"date":"2019-12-20T16:27:30","date_gmt":"2019-12-20T15:27:30","guid":{"rendered":"https:\/\/www.upcoglobal.com\/academy\/?post_type=product&#038;p=3323"},"modified":"2021-11-18T17:30:45","modified_gmt":"2021-11-18T16:30:45","slug":"capacitacion-de-controladores-para-unidades-de-bombeo-mecanico-spirit-controller","status":"publish","type":"product","link":"https:\/\/www.upcoglobal.com\/academy\/product\/capacitacion-de-controladores-para-unidades-de-bombeo-mecanico-spirit-controller\/","title":{"rendered":"Capacitaci\u00f3n de Controladores para Unidades de Bombeo Mec\u00e1nico (SPIRIT Controller)"},"content":{"rendered":"<p>[vc_row][vc_column][\/vc_column][\/vc_row][vc_row][vc_column][vc_column_text text_larger=&#8221;no&#8221;]<\/p>\n<h3><b>1 al 3 de Diciembre de 2021<\/b><\/h3>\n<h3><b>Descripci\u00f3n<\/b><\/h3>\n<div class=\"page\" title=\"Page 1\">\n<div class=\"layoutArea\">\n<div class=\"column\">\n<p>El participante al culminar la capacitacio\u0301n obtendra\u0301 el conocimiento amplio de la configuracio\u0301n, instalacio\u0301n, integracio\u0301n y deteccio\u0301n de fallas.<\/p>\n<h3><\/h3>\n<h3><b style=\"color: #1b1919; font-size: 22px;\">Dirigido a<\/b><\/h3>\n<\/div>\n<\/div>\n<\/div>\n<div class=\"page\" title=\"Page 1\">\n<div class=\"layoutArea\">\n<div class=\"column\">\n<p>Dirigido a te\u0301cnicos e ingenieros que este\u0301n relacionadas con la instalacio\u0301n e integracio\u0301n de controladores de Bombeo Meca\u0301nico para un SCADA.<\/p>\n<\/div>\n<\/div>\n<\/div>\n<h3><b>Objetivos<\/b><\/h3>\n<ul>\n<li>Fortalecer el conocimiento t\u00e9cnico necesario para la instalaci\u00f3n de controladores de \u00faltima generaci\u00f3n en Bombeo Mec\u00e1nico.<\/li>\n<li>Actualizaci\u00f3n constante de los estados mec\u00e1nicos a nivel de configuraci\u00f3n del controlador de Bombeo Mec\u00e1nico.<\/li>\n<li>Integraci\u00f3n del controlador basado en protocolo Modbus con el SCADA.<\/li>\n<li>Detecci\u00f3n de Fallas del controlador Spirit Genesis.<\/li>\n<\/ul>\n<h3><b>Duraci\u00f3n<\/b><\/h3>\n<p>La duraci\u00f3n de la capacitaci\u00f3n es requerida para el cumplimiento total de 24 Horas \u2013 distribuidas en un periodo de 3 D\u00edas por 8 Horas Te\u00f3ricas.<\/p>\n<h3><b>Horario<\/b><\/h3>\n<p>El horario es comprendido de 8:00 AM a 12:00 PM y 1:00 PM a 5:00 PM[\/vc_column_text][\/vc_column][\/vc_row][vc_row][vc_column][vc_column_text text_larger=&#8221;no&#8221;]<\/p>\n<h3><b>Contenido Program\u00e1tico<\/b><\/h3>\n<ul>\n<li>Conceptos Ba\u0301sicos.\n<ul>\n<li>Sistema de Bombeo Meca\u0301nico.\n<ul>\n<li>Designacio\u0301n del Pozo.\n<ul>\n<li>API Unidades de Bombeo Meca\u0301nico.<\/li>\n<li>API Bombas de Subsuelo.<\/li>\n<\/ul>\n<\/li>\n<\/ul>\n<\/li>\n<\/ul>\n<\/li>\n<li>Importancia de la Configuracio\u0301n de Bombeo Meca\u0301nico.<\/li>\n<li>Interpretacio\u0301n del Diagrama Meca\u0301nico.<\/li>\n<li>Requerimiento de Configuracio\u0301n de Pozos de Bombeo Meca\u0301nico.<\/li>\n<li>Controlador y sensores Spirit Genesis.\n<ul>\n<li>Controlador RPC Spirit Genesis.<\/li>\n<li>Arquitectura de Automatizacio\u0301n de Bombeo Meca\u0301nico.<\/li>\n<li>Celda de Carga.<\/li>\n<li>Funcionamiento y Algoritmo de la Celda de Carga.<\/li>\n<li>Inclino\u0301metro.<\/li>\n<li>Funcionamiento y Algoritmo del inclino\u0301metro.<\/li>\n<li>Detalles de Conexio\u0301n del inclino\u0301metro (Pinout).<\/li>\n<\/ul>\n<\/li>\n<li>Caracteri\u0301sticas del Controlador Spirit Genesis.\n<ul>\n<li>Tarjeta de Expansio\u0301n.<\/li>\n<li>Fuente de Poder.<\/li>\n<li>Diagnostico.<\/li>\n<li>Funcionamiento de los Relays.<\/li>\n<li>Sensor de Posicio\u0301n y Celda de Carga. 1.3.6. Entradas Analo\u0301gicas.<\/li>\n<li>Salidas Analo\u0301gicas.<\/li>\n<li>Entradas Digitales.<\/li>\n<li>Salidas Digitales.<\/li>\n<li>Conexio\u0301n a un Arrancador o VSD.<\/li>\n<\/ul>\n<\/li>\n<li>Interfaz del Firmware del Controlador HMI.\n<ul>\n<li>Requerimiento de Datos del Pozo.<\/li>\n<li>Acceso al controlador desde el campo.<\/li>\n<li>Acceso a Genesis vi\u0301a HTML.<\/li>\n<li>Instalacio\u0301n y uso del Genesis Launcher.<\/li>\n<li>Actualizacio\u0301n del Firmware.<\/li>\n<li>Configuracio\u0301n de la Red.<\/li>\n<li>Configuracio\u0301n de las I\/O.<\/li>\n<li>Calibracio\u0301n de la posicio\u0301n.<\/li>\n<li>Configuracio\u0301n de Modo de Control.<\/li>\n<li>Histo\u0301ricos y Tendencias.\n<ul>\n<li>Exportacio\u0301n de Cartas Dinamome\u0301tricas.<\/li>\n<li>Notas en Campo.<\/li>\n<\/ul>\n<\/li>\n<\/ul>\n<\/li>\n<li>Instalacio\u0301n del Controlador y Sensores en Unidades de Bombeo Meca\u0301nico.\n<ul>\n<li>Instalacio\u0301n de equipos y componentes<\/li>\n<li>Controlador RPC<\/li>\n<li>Sensores de posicio\u0301n y velocidad<\/li>\n<li>Transductor de carga<\/li>\n<li>Instrumentacio\u0301n asociada al Pozo<\/li>\n<\/ul>\n<\/li>\n<li>Integracio\u0301n con sistemas de supervisio\u0301n remota<\/li>\n<li>Pruebas y Diagno\u0301sticos<\/li>\n<li>Software extras<\/li>\n<\/ul>\n<p>[\/vc_column_text][\/vc_column][\/vc_row][vc_row full_width=&#8221;stretch_row&#8221; content_placement=&#8221;middle&#8221; mobile_bg_img_hidden=&#8221;no&#8221; tablet_bg_img_hidden=&#8221;no&#8221; woodmart_parallax=&#8221;0&#8243; woodmart_gradient_switch=&#8221;no&#8221; row_reverse_mobile=&#8221;0&#8243; row_reverse_tablet=&#8221;0&#8243; woodmart_disable_overflow=&#8221;0&#8243;][vc_column width=&#8221;1\/4&#8243; mobile_bg_img_hidden=&#8221;no&#8221; tablet_bg_img_hidden=&#8221;no&#8221; woodmart_parallax=&#8221;0&#8243; woodmart_sticky_column=&#8221;false&#8221; parallax_scroll=&#8221;no&#8221; mobile_reset_margin=&#8221;no&#8221; tablet_reset_margin=&#8221;no&#8221;][vc_empty_space woodmart_hide_large=&#8221;0&#8243; woodmart_hide_medium=&#8221;0&#8243; woodmart_hide_small=&#8221;0&#8243; woodmart_hide_extra_small=&#8221;0&#8243;][vc_single_image image=&#8221;3376&#8243; img_size=&#8221;medium&#8221; alignment=&#8221;center&#8221; parallax_scroll=&#8221;no&#8221;][\/vc_column][vc_column width=&#8221;3\/4&#8243;][vc_empty_space woodmart_hide_large=&#8221;0&#8243; woodmart_hide_medium=&#8221;0&#8243; woodmart_hide_small=&#8221;0&#8243; woodmart_hide_extra_small=&#8221;0&#8243;][vc_column_text text_larger=&#8221;no&#8221;]<\/p>\n<h3><b>Instructor:<\/b><\/h3>\n<p><b>Andres Gutierrez<\/b>, Ingeniero Electricista , curso diplomado en Automatizaci\u00f3n e instrumentaci\u00f3n industrial , graduado de la universidad del Zulia, actualmente cursando la maestr\u00eda de Ingenier\u00eda de control y automatizaci\u00f3n de procesos , con casi 4 a\u00f1o de experiencia como especialista de automatizaci\u00f3n de pozos productores ,instrumentaci\u00f3n asociada a pozos y administrador de sistemas Scada para pozos . Ha trabajo en diversa implementaciones para la mejoras de equipos de control, plan de mantenimientos de equipos el\u00e9ctricos como variadores de frecuencia, controladores y telemetr\u00eda en general.\u00a0. Ha trabajado como instructor dictando cursos en el \u00e1rea de automatizaci\u00f3n en el \u00e1mbito petrolero en las compa\u00f1\u00edas donde ha trabajado. Tambi\u00e9n ha trabajado en la integraci\u00f3n de equipos para la optimizaci\u00f3n de pozos basado en las condiciones de fondo.[\/vc_column_text][\/vc_column][\/vc_row][vc_row full_width=&#8221;stretch_row_content&#8221; content_placement=&#8221;middle&#8221; parallax=&#8221;content-moving-fade&#8221; parallax_image=&#8221;3125&#8243; woodmart_bg_position=&#8221;center-center&#8221; css=&#8221;.vc_custom_1576190420019{padding-top: 70px !important;padding-bottom: 70px !important;}&#8221; mobile_bg_img_hidden=&#8221;no&#8221; tablet_bg_img_hidden=&#8221;no&#8221; woodmart_parallax=&#8221;0&#8243; woodmart_gradient_switch=&#8221;no&#8221; row_reverse_mobile=&#8221;0&#8243; row_reverse_tablet=&#8221;0&#8243; woodmart_disable_overflow=&#8221;0&#8243;][vc_column][vc_custom_heading text=&#8221;Costo: $985 USD&#8221; font_container=&#8221;tag:h1|font_size:36|text_align:center|color:%23ffffff&#8221; google_fonts=&#8221;font_family:Roboto%3A100%2C100italic%2C300%2C300italic%2Cregular%2Citalic%2C500%2C500italic%2C700%2C700italic%2C900%2C900italic|font_style:400%20regular%3A400%3Anormal&#8221; css=&#8221;.vc_custom_1637090097551{margin-top: 0px !important;margin-bottom: 0px !important;border-top-width: 0px !important;border-bottom-width: 0px !important;padding-top: 0px !important;padding-bottom: 0px !important;}&#8221;][vc_empty_space woodmart_hide_large=&#8221;0&#8243; woodmart_hide_medium=&#8221;0&#8243; woodmart_hide_small=&#8221;0&#8243; woodmart_hide_extra_small=&#8221;0&#8243;]<div id=\"wd-61967fa1acdde\" class=\"woodmart-button-wrapper text-center\"><a  class=\"btn btn-color-primary btn-style-default btn-shape-rectangle btn-size-default\">Registrarse<\/a><\/div>[vc_empty_space woodmart_hide_large=&#8221;0&#8243; woodmart_hide_medium=&#8221;0&#8243; woodmart_hide_small=&#8221;0&#8243; woodmart_hide_extra_small=&#8221;0&#8243;][\/vc_column][\/vc_row]<\/p>\n","protected":false},"excerpt":{"rendered":"<div class=\"page\" title=\"Page 1\">\n<div class=\"layoutArea\">\n<div class=\"column\">\n<p>El participante al culminar la capacitacio\u0301n obtendra\u0301 el conocimiento amplio de la configuracio\u0301n, instalacio\u0301n, integracio\u0301n y deteccio\u0301n de fallas.<\/p>\n<\/div>\n<\/div>\n<\/div>\n","protected":false},"featured_media":3441,"template":"","meta":{"_exactmetrics_skip_tracking":false,"_exactmetrics_sitenote_active":false,"_exactmetrics_sitenote_note":"","_exactmetrics_sitenote_category":0},"product_brand":[],"product_cat":[67,84],"product_tag":[77],"class_list":{"0":"post-3323","1":"product","2":"type-product","3":"status-publish","4":"has-post-thumbnail","6":"product_cat-online-training","7":"product_cat-training-online-incompany","8":"product_tag-spanish","10":"first","11":"instock","12":"shipping-taxable","13":"product-type-external"},"_links":{"self":[{"href":"https:\/\/www.upcoglobal.com\/academy\/wp-json\/wp\/v2\/product\/3323","targetHints":{"allow":["GET"]}}],"collection":[{"href":"https:\/\/www.upcoglobal.com\/academy\/wp-json\/wp\/v2\/product"}],"about":[{"href":"https:\/\/www.upcoglobal.com\/academy\/wp-json\/wp\/v2\/types\/product"}],"wp:featuredmedia":[{"embeddable":true,"href":"https:\/\/www.upcoglobal.com\/academy\/wp-json\/wp\/v2\/media\/3441"}],"wp:attachment":[{"href":"https:\/\/www.upcoglobal.com\/academy\/wp-json\/wp\/v2\/media?parent=3323"}],"wp:term":[{"taxonomy":"product_brand","embeddable":true,"href":"https:\/\/www.upcoglobal.com\/academy\/wp-json\/wp\/v2\/product_brand?post=3323"},{"taxonomy":"product_cat","embeddable":true,"href":"https:\/\/www.upcoglobal.com\/academy\/wp-json\/wp\/v2\/product_cat?post=3323"},{"taxonomy":"product_tag","embeddable":true,"href":"https:\/\/www.upcoglobal.com\/academy\/wp-json\/wp\/v2\/product_tag?post=3323"}],"curies":[{"name":"wp","href":"https:\/\/api.w.org\/{rel}","templated":true}]}}