{"id":3458,"date":"2020-02-04T15:04:29","date_gmt":"2020-02-04T14:04:29","guid":{"rendered":"https:\/\/www.upcoglobal.com\/academy\/?post_type=product&#038;p=3458"},"modified":"2022-04-12T18:48:33","modified_gmt":"2022-04-12T16:48:33","slug":"levantamiento-por-gas-continuo-diseno-y-evaluacion","status":"publish","type":"product","link":"https:\/\/www.upcoglobal.com\/academy\/product\/levantamiento-por-gas-continuo-diseno-y-evaluacion\/","title":{"rendered":"Levantamiento por Gas Continuo, Dise\u00f1o y Evaluaci\u00f3n"},"content":{"rendered":"<p>[vc_row][vc_column][\/vc_column][\/vc_row][vc_row][vc_column width=&#8221;2\/3&#8243;][vc_column_text text_larger=&#8221;no&#8221;]<\/p>\n<h3><b>Objetivo General<\/b><\/h3>\n<p>Comprender los fundamentos te\u00f3ricos del m\u00e9todo de levantamiento artificial por gas continuo y la interrelaci\u00f3n de todos los componentes que conforman este sistema.<\/p>\n<h3><b>Objetivo\u00a0<\/b>Espec\u00edficos<\/h3>\n<ul>\n<li>Entender las Ventajas y limitaciones del sistema LAGC, su ventana de aplicaci\u00f3n para la apropiada selecci\u00f3n de pozos.<\/li>\n<li>Comprender los componentes que conforman un sistema de LAGC y sus funciones.<\/li>\n<li>Comprender como las condiciones del yacimiento (afluencia, %agua, Relaci\u00f3n gas petr\u00f3leo, propiedades PVT, viscosidad, etc.) y la configuraci\u00f3n mec\u00e1nica del pozo (trayectoria -completacion) imponen restricciones para el dise\u00f1o y optimizaci\u00f3n de un sistema LAGC.<\/li>\n<li>Entender la curva de desempe\u00f1o de las v\u00e1lvulas de LAGC.<\/li>\n<li>Comprender las variables operacionales que afectan el desempe\u00f1o del LAGC.<\/li>\n<li>Aprender el proceso paso a paso de dise\u00f1o (selecci\u00f3n, configuraci\u00f3n y dimensionamiento de equipos) de un sistema LAGC.<\/li>\n<li>Aprender la diferencia entre dise\u00f1o y an\u00e1lisis-optimizaci\u00f3n de LAGC.<\/li>\n<li>Aprender las variables de Monitoreo y el diagnostico b\u00e1sico de LAGC.<\/li>\n<\/ul>\n<h3><b>A qui\u00e9n va dirigido<\/b><\/h3>\n<p>El curso de \u201cLevantamiento Artificial por Gas Continuo\u201d est\u00e1 dirigido a:<\/p>\n<ul>\n<li>Ingenieros de Petr\u00f3leo<\/li>\n<li>Ingenieros de Producci\u00f3n<\/li>\n<li>Ingenieros de Optimizaci\u00f3n<\/li>\n<li>Ingenieros o T\u00e9cnicos de Operaci\u00f3n de Campos petroleros<\/li>\n<\/ul>\n<p>[\/vc_column_text][\/vc_column][vc_column width=&#8221;1\/3&#8243;][vc_column_text text_larger=&#8221;no&#8221;]<\/p>\n<h4><b>Fechas disponibles<\/b><\/h4>\n<p>[\/vc_column_text]<div id=\"wd-6255ad16b48a7\" class=\"woodmart-button-wrapper text-center inline-element\"><a href=\"http:\/\/www2.upcoglobal.com\/l\/675123\/2019-12-18\/452bs\" title=\"\" class=\"btn btn-scheme-light btn-scheme-hover-light btn-style-default btn-shape-rectangle btn-size-default\" target=\"_blank\" rel=\"noopener\">May 09<\/a><\/div><div id=\"wd-6255ad2dcca63\" class=\"woodmart-button-wrapper text-center inline-element\"><a href=\"http:\/\/www2.upcoglobal.com\/l\/675123\/2019-12-18\/452bs\" title=\"\" class=\"btn btn-scheme-dark btn-scheme-hover-light btn-style-bordered btn-shape-rectangle btn-size-default\" target=\"_blank\" rel=\"noopener\">May 16<\/a><\/div><div id=\"wd-6255ad3b6e997\" class=\"woodmart-button-wrapper text-center inline-element\"><a href=\"http:\/\/www2.upcoglobal.com\/l\/675123\/2019-12-18\/452bs\" title=\"\" class=\"btn btn-scheme-dark btn-scheme-hover-light btn-style-bordered btn-shape-rectangle btn-size-default\" target=\"_blank\" rel=\"noopener\">Ago 29<\/a><\/div><div id=\"wd-6255ad49966d8\" class=\"woodmart-button-wrapper text-center inline-element\"><a href=\"http:\/\/www2.upcoglobal.com\/l\/675123\/2019-12-18\/452bs\" title=\"\" class=\"btn btn-scheme-dark btn-scheme-hover-light btn-style-bordered btn-shape-rectangle btn-size-default\" target=\"_blank\" rel=\"noopener\">Sep 05<\/a><\/div>[\/vc_column][\/vc_row][vc_row][vc_column][vc_tta_accordion active_section=&#8221;1&#8243; collapsible_all=&#8221;true&#8221; title=&#8221;Contenido Program\u00e1tico&#8221;][vc_tta_section title=&#8221;D\u00eda 1&#8243; tab_id=&#8221;1576182437238-f99683ea-9758&#8243;][vc_column_text text_larger=&#8221;no&#8221;]<\/p>\n<ul>\n<li><b>Evaluaci\u00f3n al inicio del curso.<\/b><\/li>\n<\/ul>\n<p>INTRODUCCI\u00d3N:<\/p>\n<ul>\n<li>Comparaci\u00f3n con otros M\u00e9todos de levantamiento artificial.<\/li>\n<li>Levantamiento Artificial por Gas .<\/li>\n<li>Ventajas y Limitaciones.<\/li>\n<li>Ventana gen\u00e9rica de aplicaci\u00f3n.<\/li>\n<li>Componentes del sistema LAGC.<\/li>\n<li>Ventana de aplicaci\u00f3n ajustada al pozo.<\/li>\n<\/ul>\n<p>[\/vc_column_text][\/vc_tta_section][vc_tta_section title=&#8221;D\u00eda 2&#8243; tab_id=&#8221;1576182511098-e5cce5b9-eadb&#8221;][vc_column_text text_larger=&#8221;no&#8221;]<\/p>\n<ul>\n<li>Proceso y objetivo de un dise\u00f1o LAGC.<\/li>\n<li>Repaso breve an\u00e1lisis nodal.<\/li>\n<li>Repaso Curva afluencia (Inflow) IPR. Como afecta el dise\u00f1o y operaci\u00f3n del LAGC.<\/li>\n<li>Repaso breve flujo multif\u00e1sico en tuber\u00eda.<\/li>\n<li>Repaso Curva de eflujo (outflow) flujo natural y con levantamiento artificial por gas.<\/li>\n<\/ul>\n<p>[\/vc_column_text][\/vc_tta_section][vc_tta_section title=&#8221;D\u00eda 3&#8243; tab_id=&#8221;1576182763896-4bac892d-6549&#8243;][vc_column_text text_larger=&#8221;no&#8221;]<\/p>\n<ul>\n<li>Magnitudes t\u00edpicas de referencia en LAGC.<\/li>\n<li>V\u00e1lvulas de descarga y V\u00e1lvula\/Orificio operador.<\/li>\n<li>Espaciamiento de Mandriles. Variables que afectan el espaciamiento.<\/li>\n<\/ul>\n<p>[\/vc_column_text][\/vc_tta_section][vc_tta_section title=&#8221;D\u00eda 4&#8243; tab_id=&#8221;1576182798537-da815ba4-6578&#8243;][vc_column_text text_larger=&#8221;no&#8221;]<\/p>\n<ul>\n<li>V\u00e1lvulas calibradas y orificios LAGC.<\/li>\n<li>V\u00e1lvulas operadas por presi\u00f3n de tuber\u00eda y v\u00e1lvulas operadas por presi\u00f3n de revestidor.<\/li>\n<li>Ecuaci\u00f3n de balance de fuerza para v\u00e1lvulas.<\/li>\n<li>Curva de desempe\u00f1o de V\u00e1lvulas y orificios.<\/li>\n<li>Curvas t\u00edpicas de desempe\u00f1o de LAGC.<\/li>\n<li>Como lograr dise\u00f1os estables y evitar dise\u00f1os inestables de LAGC.<\/li>\n<\/ul>\n<p>[\/vc_column_text][\/vc_tta_section][vc_tta_section title=&#8221;D\u00eda 5&#8243; tab_id=&#8221;1576656320905-98c51477-a25a&#8221;][vc_column_text text_larger=&#8221;no&#8221;]<\/p>\n<ul>\n<li>Evaluaci\u00f3n\/an\u00e1lisis sistemas LAGC.<\/li>\n<li>Diagnostico b\u00e1sicos de sistemas LAGC.<\/li>\n<li>Pozos duales con LAGC problemas asociados.<\/li>\n<li>Monitoreo de sistemas LAGC.<\/li>\n<li><b>Evaluaci\u00f3n al final del curso.<\/b><\/li>\n<\/ul>\n<p>[\/vc_column_text][\/vc_tta_section][\/vc_tta_accordion][vc_column_text text_larger=&#8221;no&#8221;]<\/p>\n<h3><b>Valor agregado de los conocimientos adquiridos en el curso<\/b><\/h3>\n<ul>\n<li>Entender que es y c\u00f3mo funciona un sistema LAGC as\u00ed como donde debe utilizarse.<\/li>\n<li>Entender las implicaciones debidos a un mal dise\u00f1o o una mala operaci\u00f3n de un sistema LAGC.<\/li>\n<li>Comprender que informaci\u00f3n es requerida y como se realiza un dise\u00f1o y una optimizaci\u00f3n de LAGC independientemente del software utilizado para este prop\u00f3sito.<\/li>\n<li>Aprender\/ampliar\/corregir conceptos y fen\u00f3menos indispensables para para su apropiado dise\u00f1o y optimizaci\u00f3n de sistemas LAGC.<\/li>\n<li>Entender e inferir mejores pr\u00e1cticas para el dise\u00f1o, an\u00e1lisis, optimizaci\u00f3n y monitoreo de sistemas LAGC.<\/li>\n<\/ul>\n<p>[\/vc_column_text][vc_row_inner css=&#8221;.vc_custom_1644612663780{margin-top: 32px !important;margin-bottom: 32px !important;}&#8221; row_reverse_mobile=&#8221;0&#8243; row_reverse_tablet=&#8221;0&#8243;][vc_column_inner]<div id=\"wd-6206cc1b1dfef\" class=\"woodmart-button-wrapper text-center\"><a href=\"https:\/\/www.upcoglobal.com\/academy\/instructores\/\" title=\"Instructores\" class=\"btn btn-scheme-light btn-scheme-hover-light btn-style-default btn-shape-rectangle btn-size-default\">Conoce a nuestros instructores<\/a><\/div>[\/vc_column_inner][\/vc_row_inner][\/vc_column][\/vc_row][vc_row full_width=&#8221;stretch_row_content&#8221; content_placement=&#8221;middle&#8221; parallax=&#8221;content-moving-fade&#8221; parallax_image=&#8221;3125&#8243; woodmart_bg_position=&#8221;center-center&#8221; css=&#8221;.vc_custom_1576190420019{padding-top: 70px !important;padding-bottom: 70px !important;}&#8221; mobile_bg_img_hidden=&#8221;no&#8221; tablet_bg_img_hidden=&#8221;no&#8221; woodmart_parallax=&#8221;0&#8243; woodmart_gradient_switch=&#8221;no&#8221; row_reverse_mobile=&#8221;0&#8243; row_reverse_tablet=&#8221;0&#8243; woodmart_disable_overflow=&#8221;0&#8243;][vc_column][vc_custom_heading text=&#8221;Precio $980 USD&#8221; font_container=&#8221;tag:h5|font_size:36|text_align:center|color:%23ffffff&#8221; google_fonts=&#8221;font_family:Roboto%3A100%2C100italic%2C300%2C300italic%2Cregular%2Citalic%2C500%2C500italic%2C700%2C700italic%2C900%2C900italic|font_style:400%20regular%3A400%3Anormal&#8221; css=&#8221;.vc_custom_1645748749382{margin-top: 0px !important;margin-bottom: 0px !important;border-top-width: 0px !important;border-bottom-width: 0px !important;padding-top: 0px !important;padding-bottom: 0px !important;}&#8221;]<div id=\"wd-621822113aab0\" class=\"woodmart-button-wrapper text-center\"><a href=\"https:\/\/www2.upcoglobal.com\/l\/675123\/2019-12-18\/452bs\" title=\"\" class=\"btn btn-color-primary btn-style-default btn-shape-rectangle btn-size-default\" target=\"_blank\" rel=\"noopener\">Solicita Ahora<\/a><\/div>[vc_empty_space woodmart_hide_large=&#8221;0&#8243; woodmart_hide_medium=&#8221;0&#8243; woodmart_hide_small=&#8221;0&#8243; woodmart_hide_extra_small=&#8221;0&#8243;][vc_empty_space woodmart_hide_large=&#8221;0&#8243; woodmart_hide_medium=&#8221;0&#8243; woodmart_hide_small=&#8221;0&#8243; woodmart_hide_extra_small=&#8221;0&#8243;][\/vc_column][\/vc_row]<\/p>\n","protected":false},"excerpt":{"rendered":"<p>El Levantamiento Artificial por Gas Continuo (LAGC) consiste en la inyecci\u00f3n de gas en la tuber\u00eda de producci\u00f3n a trav\u00e9s de una v\u00e1lvula de LAGC especialmente instalada. El gas de levantamiento debe estar presurizado para poder desplazar el l\u00edquido del revestidor y poder vencer la contrapresi\u00f3n en la tuber\u00eda de producci\u00f3n a la mayor profundidad posible. En superficie el gas de formaci\u00f3n y el gas inyectado son separados del petr\u00f3leo y el agua, luego comprimido donde una parte es enviada de nuevo a los pozos con LAG y el resto es utilizado en otros procesos o comercializado. El LAGC ha sido utilizado por muchas d\u00e9cadas y es ampliamente utilizado en muchos campos alrededor del mundo; sin embargo, existen algunos detalles conceptuales y operacionales que no son claramente comprendidos y requieren una revisi\u00f3n detallada para garantizar una apropiada aplicaci\u00f3n de este m\u00e9todo.<\/p>\n<p>El LAG es utilizado en pozos que no pueden fluir naturalmente o para aumentar la producci\u00f3n en pozos que pueden fluir naturalmente. El dise\u00f1o y optimizaci\u00f3n del sistema LAGC busca disminuir la densidad promedio de la columna con el prop\u00f3sito de reducir la presi\u00f3n de fondo fluyente e incrementar la tasa de producci\u00f3n del pozo. Este m\u00e9todo es particularmente atractivo por su amplio rango de manejo de vol\u00famenes de producci\u00f3n, su completacion sencilla, la facilidad para remplazo de v\u00e1lvulas y su robustez.<\/p>\n<p>Para tener una operaci\u00f3n de LAG adecuada es necesario seleccionar los pozos apropiados para su aplicaci\u00f3n. Este criterio de selecci\u00f3n debe ser basado en las ventajas y limitaciones del m\u00e9todo, la comprensi\u00f3n de cada una de sus componentes y conocimiento del proceso de dise\u00f1o\/dimensionamiento del equipo, y su optimizaci\u00f3n.<\/p>\n<p><img loading=\"lazy\" decoding=\"async\" class=\"alignnone size-full wp-image-3399\" src=\"https:\/\/www.upcoglobal.com\/academy\/wp-content\/uploads\/2019\/12\/CERTIFICATE.png\" alt=\"\" width=\"301\" height=\"25\" \/><\/p>\n","protected":false},"featured_media":3396,"template":"","meta":{"_exactmetrics_skip_tracking":false,"_exactmetrics_sitenote_active":false,"_exactmetrics_sitenote_note":"","_exactmetrics_sitenote_category":0},"product_brand":[],"product_cat":[67,84],"product_tag":[77],"class_list":{"0":"post-3458","1":"product","2":"type-product","3":"status-publish","4":"has-post-thumbnail","6":"product_cat-online-training","7":"product_cat-training-online-incompany","8":"product_tag-spanish","10":"first","11":"instock","12":"shipping-taxable","13":"product-type-external"},"_links":{"self":[{"href":"https:\/\/www.upcoglobal.com\/academy\/wp-json\/wp\/v2\/product\/3458","targetHints":{"allow":["GET"]}}],"collection":[{"href":"https:\/\/www.upcoglobal.com\/academy\/wp-json\/wp\/v2\/product"}],"about":[{"href":"https:\/\/www.upcoglobal.com\/academy\/wp-json\/wp\/v2\/types\/product"}],"wp:featuredmedia":[{"embeddable":true,"href":"https:\/\/www.upcoglobal.com\/academy\/wp-json\/wp\/v2\/media\/3396"}],"wp:attachment":[{"href":"https:\/\/www.upcoglobal.com\/academy\/wp-json\/wp\/v2\/media?parent=3458"}],"wp:term":[{"taxonomy":"product_brand","embeddable":true,"href":"https:\/\/www.upcoglobal.com\/academy\/wp-json\/wp\/v2\/product_brand?post=3458"},{"taxonomy":"product_cat","embeddable":true,"href":"https:\/\/www.upcoglobal.com\/academy\/wp-json\/wp\/v2\/product_cat?post=3458"},{"taxonomy":"product_tag","embeddable":true,"href":"https:\/\/www.upcoglobal.com\/academy\/wp-json\/wp\/v2\/product_tag?post=3458"}],"curies":[{"name":"wp","href":"https:\/\/api.w.org\/{rel}","templated":true}]}}