{"id":4119,"date":"2021-11-03T00:05:12","date_gmt":"2021-11-02T23:05:12","guid":{"rendered":"https:\/\/www.upcoglobal.com\/academy\/?post_type=product&#038;p=4119"},"modified":"2021-11-08T22:56:40","modified_gmt":"2021-11-08T21:56:40","slug":"curso-de-facilidades-de-superficie","status":"publish","type":"product","link":"https:\/\/www.upcoglobal.com\/academy\/product\/curso-de-facilidades-de-superficie\/","title":{"rendered":"Curso de Facilidades de Superficie"},"content":{"rendered":"<p>[vc_row][vc_column][vc_column_text woodmart_color_scheme=&#8221;dark&#8221; text_larger=&#8221;yes&#8221;]<\/p>\n<h3><b>Del 6 al 8 de Diciembre de 2021<\/b><\/h3>\n<p data-pm-slice=\"1 1 []\"><b>Modo:<\/b> Presencial<\/p>\n<p data-pm-slice=\"1 1 []\">Maracaibo, Venezuela<\/p>\n<p data-pm-slice=\"1 1 []\">24 hrs<\/p>\n<p data-pm-slice=\"1 1 []\"><b>Horario:<\/b> 8:00 AM &#8211; 12:00 PM y de 1:00 PM a 5:00 PM<\/p>\n<div class=\"page\" title=\"Page 1\">\n<div class=\"layoutArea\">\n<div class=\"column\"><\/div>\n<\/div>\n<\/div>\n<p>[\/vc_column_text][\/vc_column][\/vc_row][vc_row][vc_column][vc_column_text text_larger=&#8221;no&#8221;]<\/p>\n<h3><b>\u00bfQu\u00e9 se llevar\u00e1n?<\/b><\/h3>\n<div class=\"page\" title=\"Page 1\">\n<div class=\"layoutArea\">\n<div class=\"column\">\n<p>El participante desarrollar\u00e1 la capacidad de detectar e identificar los diversos componentes y equipos que operan en las \u00e1reas de producci\u00f3n de hidrocarburos, su utilidad, rango de trabajo, dimensionamiento (b\u00e1sico) y normas b\u00e1sicas.<\/p>\n<\/div>\n<\/div>\n<\/div>\n<p>&nbsp;[\/vc_column_text][vc_column_text text_larger=&#8221;yes&#8221;]<\/p>\n<h3><b>Contenido Program\u00e1tico<\/b><\/h3>\n<ul>\n<li>GENERALIDADES\n<ul>\n<li>Flujo Multifasico<\/li>\n<li>Me\u0301todos de Produccio\u0301n<\/li>\n<\/ul>\n<\/li>\n<li>PROCESO DE SEPARACIO\u0301N\n<ul>\n<li>Descripcio\u0301n del separador.<\/li>\n<li>Partes de un separador.<\/li>\n<li>Clasificacio\u0301n de los separadores.<\/li>\n<li>Fases de separacio\u0301n.<\/li>\n<li>Sistema de control en el separador.<\/li>\n<li>Procedimientos para poner en servicio un separador.<\/li>\n<li>Procedimientos para sacar de servicio un separador.<\/li>\n<\/ul>\n<\/li>\n<li>PROCESO DE MEDICIO\u0301N\n<ul>\n<li>Medicio\u0301n de gas.<\/li>\n<li>Medicio\u0301n de li\u0301quidos.<\/li>\n<li>Tomas de muestras.<\/li>\n<li>Ana\u0301lisis de laboratorio.<\/li>\n<\/ul>\n<\/li>\n<li>PROCESO DE ALMACENAMIENTO\n<ul>\n<li>Partes de un tanque.<\/li>\n<li>Dispositivos de control de nivel.<\/li>\n<li>Equipos de seguridad industrial (aplicaciones) en tanques.<\/li>\n<li>Movimiento de tanques.<\/li>\n<\/ul>\n<\/li>\n<li>PROCESO DE CALENTAMIENTO DE PETRO\u0301LEO (4 Hrs).\n<ul>\n<li>Calentadores.<\/li>\n<li>Partes de un calentador.<\/li>\n<li>Variables a controlar en el proceso de calentamiento.<\/li>\n<li>Operacio\u0301n del calentador (arraque\/parada).<\/li>\n<\/ul>\n<\/li>\n<li>Calderas.<\/li>\n<li>MANEJO DE GAS Y PETRO\u0301LEO (4 Hrs).\n<ul>\n<li>Manejo del gas.<\/li>\n<li>Depurador.<\/li>\n<li>Manejo del crudo.<\/li>\n<\/ul>\n<\/li>\n<li>Sistema de bombeo.<\/li>\n<\/ul>\n<p>[\/vc_column_text][\/vc_column][\/vc_row][vc_row full_width=&#8221;stretch_row&#8221; content_placement=&#8221;middle&#8221; mobile_bg_img_hidden=&#8221;no&#8221; tablet_bg_img_hidden=&#8221;no&#8221; woodmart_parallax=&#8221;0&#8243; woodmart_gradient_switch=&#8221;no&#8221; row_reverse_mobile=&#8221;0&#8243; row_reverse_tablet=&#8221;0&#8243; woodmart_disable_overflow=&#8221;0&#8243;][vc_column width=&#8221;1\/4&#8243; mobile_bg_img_hidden=&#8221;no&#8221; tablet_bg_img_hidden=&#8221;no&#8221; woodmart_parallax=&#8221;0&#8243; woodmart_sticky_column=&#8221;false&#8221; parallax_scroll=&#8221;no&#8221; mobile_reset_margin=&#8221;no&#8221; tablet_reset_margin=&#8221;no&#8221;][vc_empty_space woodmart_hide_large=&#8221;0&#8243; woodmart_hide_medium=&#8221;0&#8243; woodmart_hide_small=&#8221;0&#8243; woodmart_hide_extra_small=&#8221;0&#8243;][vc_single_image image=&#8221;4120&#8243; img_size=&#8221;medium&#8221; alignment=&#8221;center&#8221; parallax_scroll=&#8221;no&#8221;][\/vc_column][vc_column width=&#8221;3\/4&#8243;][vc_empty_space woodmart_hide_large=&#8221;0&#8243; woodmart_hide_medium=&#8221;0&#8243; woodmart_hide_small=&#8221;0&#8243; woodmart_hide_extra_small=&#8221;0&#8243;][vc_column_text text_larger=&#8221;no&#8221;]<\/p>\n<h3><b>Facilitador:<\/b><\/h3>\n<p><b>Ing. Diego Prieto<\/b><\/p>\n<div class=\"page\" title=\"Page 1\">\n<div class=\"section\">\n<div class=\"layoutArea\">\n<div class=\"column\">\n<div class=\"page\" title=\"Page 1\">\n<div class=\"layoutArea\">\n<div class=\"column\">\n<p>Ingeniero de Petro\u0301leo con ma\u0301s de 16 an\u0303os de experiencia en Ingenieri\u0301a Produccio\u0301n, Disen\u0303o y Optimizacio\u0301n de Sistemas de Levantamiento Artificial, asi\u0301 como operaciones de Produccio\u0301n, manejo de pozos de petro\u0301leo pesado y extrapesado en proyectos relacionados con bombeo meca\u0301nico, bombeo de cavidades progresivas e inyeccio\u0301n alterna de vapor en Venezuela, dedicado a la consultori\u0301a en estos sistemas de levantamiento utilizando herramientas de u\u0301ltima generacio\u0301n para la optimizacio\u0301n de produccio\u0301n.<\/p>\n<p>Cuenta con ma\u0301s de 20 cursos especializados en la tecnologi\u0301a Echometer y sistemas de levantamiento Artificial basados en Bombeo Meca\u0301nico y Bombas de Cavidades Progresivas dictados en Espan\u0303a, Mozambique, Emiratos A\u0301rabes Unidos, Kazajista\u0301n, Bolivia, Colombia, Me\u0301xico y Venezuela.<\/p><\/div>\n<\/div>\n<\/div>\n<\/div>\n<\/div>\n<\/div>\n<\/div>\n<p>[\/vc_column_text][\/vc_column][\/vc_row][vc_row full_width=&#8221;stretch_row_content&#8221; content_placement=&#8221;middle&#8221; parallax=&#8221;content-moving-fade&#8221; parallax_image=&#8221;3125&#8243; woodmart_bg_position=&#8221;center-center&#8221; css=&#8221;.vc_custom_1576190420019{padding-top: 70px !important;padding-bottom: 70px !important;}&#8221; mobile_bg_img_hidden=&#8221;no&#8221; tablet_bg_img_hidden=&#8221;no&#8221; woodmart_parallax=&#8221;0&#8243; woodmart_gradient_switch=&#8221;no&#8221; row_reverse_mobile=&#8221;0&#8243; row_reverse_tablet=&#8221;0&#8243; woodmart_disable_overflow=&#8221;0&#8243;][vc_column][vc_custom_heading text=&#8221;Costo por participante: $160 USD&#8221; font_container=&#8221;tag:h5|font_size:32|text_align:center|color:%23ffffff&#8221; google_fonts=&#8221;font_family:Roboto%3A100%2C100italic%2C300%2C300italic%2Cregular%2Citalic%2C500%2C500italic%2C700%2C700italic%2C900%2C900italic|font_style:400%20regular%3A400%3Anormal&#8221; css=&#8221;.vc_custom_1635896234859{margin-top: 0px !important;margin-bottom: 0px !important;border-top-width: 0px !important;border-bottom-width: 0px !important;padding-top: 0px !important;padding-bottom: 0px !important;}&#8221;][vc_empty_space woodmart_hide_large=&#8221;0&#8243; woodmart_hide_medium=&#8221;0&#8243; woodmart_hide_small=&#8221;0&#8243; woodmart_hide_extra_small=&#8221;0&#8243;]<div id=\"wd-618843f82b65c\" class=\"woodmart-button-wrapper text-center\"><a href=\"https:\/\/www2.upcoglobal.com\/l\/675123\/2021-11-03\/tsdl5\" title=\"\" class=\"btn btn-color-primary btn-style-default btn-shape-rectangle btn-size-default\" target=\"_blank\" rel=\"noopener\">Registrarse<\/a><\/div>[vc_empty_space woodmart_hide_large=&#8221;0&#8243; woodmart_hide_medium=&#8221;0&#8243; woodmart_hide_small=&#8221;0&#8243; woodmart_hide_extra_small=&#8221;0&#8243;][\/vc_column][\/vc_row][vc_row][vc_column][\/vc_column][\/vc_row]<\/p>\n","protected":false},"excerpt":{"rendered":"<div class=\"page\" title=\"Page 1\">\n<div class=\"layoutArea\">\n<div class=\"column\">\n<p>Se suministrara\u0301n a los participantes los aspectos teo\u0301ricos y pra\u0301cticos que le permitan evaluar y estimar las especificaciones de los equipos de superficie necesarios para el manejo de los Hidrocarburos. Desarrollaran la capacidad de detectar e identificar los diversos componentes y equipos que operan en las a\u0301reas de produccio\u0301n de hidrocarburos, su utilidad, rango de trabajo y dimensionamiento (Ba\u0301sico).<\/p>\n<\/div>\n<\/div>\n<\/div>\n<p>&nbsp;<\/p>\n","protected":false},"featured_media":4122,"template":"","meta":{"_exactmetrics_skip_tracking":false,"_exactmetrics_sitenote_active":false,"_exactmetrics_sitenote_note":"","_exactmetrics_sitenote_category":0},"product_brand":[],"product_cat":[67],"product_tag":[77],"class_list":{"0":"post-4119","1":"product","2":"type-product","3":"status-publish","4":"has-post-thumbnail","6":"product_cat-online-training","7":"product_tag-spanish","9":"first","10":"instock","11":"shipping-taxable","12":"product-type-external"},"_links":{"self":[{"href":"https:\/\/www.upcoglobal.com\/academy\/wp-json\/wp\/v2\/product\/4119","targetHints":{"allow":["GET"]}}],"collection":[{"href":"https:\/\/www.upcoglobal.com\/academy\/wp-json\/wp\/v2\/product"}],"about":[{"href":"https:\/\/www.upcoglobal.com\/academy\/wp-json\/wp\/v2\/types\/product"}],"wp:featuredmedia":[{"embeddable":true,"href":"https:\/\/www.upcoglobal.com\/academy\/wp-json\/wp\/v2\/media\/4122"}],"wp:attachment":[{"href":"https:\/\/www.upcoglobal.com\/academy\/wp-json\/wp\/v2\/media?parent=4119"}],"wp:term":[{"taxonomy":"product_brand","embeddable":true,"href":"https:\/\/www.upcoglobal.com\/academy\/wp-json\/wp\/v2\/product_brand?post=4119"},{"taxonomy":"product_cat","embeddable":true,"href":"https:\/\/www.upcoglobal.com\/academy\/wp-json\/wp\/v2\/product_cat?post=4119"},{"taxonomy":"product_tag","embeddable":true,"href":"https:\/\/www.upcoglobal.com\/academy\/wp-json\/wp\/v2\/product_tag?post=4119"}],"curies":[{"name":"wp","href":"https:\/\/api.w.org\/{rel}","templated":true}]}}